{"id":1425,"date":"2025-10-15T08:01:45","date_gmt":"2025-10-15T12:01:45","guid":{"rendered":"https:\/\/womeninmusic.ca\/politique-de-confidentialite\/"},"modified":"2025-10-23T14:36:21","modified_gmt":"2025-10-23T18:36:21","slug":"politique-de-confidentialite","status":"publish","type":"page","link":"https:\/\/womeninmusic.ca\/fr\/politique-de-confidentialite\/","title":{"rendered":"Politique de confidentialit\u00e9"},"content":{"rendered":"\t\t<div data-elementor-type=\"wp-page\" data-elementor-id=\"1425\" class=\"elementor elementor-1425 elementor-550\" data-elementor-post-type=\"page\">\n\t\t\t\t<div class=\"elementor-element elementor-element-e380d32 e-flex e-con-boxed e-con e-parent\" data-id=\"e380d32\" data-element_type=\"container\">\n\t\t\t\t\t<div class=\"e-con-inner\">\n\t\t<div class=\"elementor-element elementor-element-46a9ff0 e-con-full e-flex e-con e-child\" data-id=\"46a9ff0\" data-element_type=\"container\">\n\t\t\t\t<div class=\"elementor-element elementor-element-5695de6 elementor-widget elementor-widget-text-editor\" data-id=\"5695de6\" data-element_type=\"widget\" data-widget_type=\"text-editor.default\">\n\t\t\t\t<div class=\"elementor-widget-container\">\n\t\t\t\t\t\t\t\t\t<p>Bienvenue sur WomenInMusic.ca (le \u00ab Site \u00bb). Nous comprenons que la confidentialit\u00e9 en ligne est importante pour les utilisateurs de notre Site, en particulier lors de transactions commerciales. Cette d\u00e9claration r\u00e9git nos politiques de confidentialit\u00e9 concernant les utilisateurs du Site (\u00ab Visiteurs \u00bb) qui visitent sans effectuer de transactions commerciales et les Visiteurs qui s&#8217;inscrivent pour effectuer des transactions sur le Site et utilisent les diff\u00e9rents services propos\u00e9s par Women in Music, Canada (collectivement, \u00ab Services \u00bb) (\u00ab Clients autoris\u00e9s \u00bb).<\/p><p><strong>\u00ab Informations personnellement identifiables \u00bb<\/strong><\/p><p>d\u00e9signe toute information qui identifie ou peut \u00eatre utilis\u00e9e pour identifier, contacter ou localiser la personne \u00e0 laquelle ces informations se rapportent, y compris, mais sans s&#8217;y limiter, le nom, l&#8217;adresse, le num\u00e9ro de t\u00e9l\u00e9phone, le num\u00e9ro de fax, l&#8217;adresse e-mail, les profils financiers, le num\u00e9ro de s\u00e9curit\u00e9 sociale et les informations de carte de cr\u00e9dit. Les informations personnellement identifiables n&#8217;incluent pas les informations collect\u00e9es de mani\u00e8re anonyme (c&#8217;est-\u00e0-dire sans identification de l&#8217;utilisateur individuel) ni les informations d\u00e9mographiques non li\u00e9es \u00e0 un individu identifi\u00e9. <\/p><p><strong>Quelles informations personnellement identifiables sont collect\u00e9es ?<\/strong><\/p><p>Nous pouvons collecter des informations de base sur le profil utilisateur de tous nos Visiteurs. Nous collectons les informations suppl\u00e9mentaires suivantes aupr\u00e8s de nos Clients autoris\u00e9s : les noms, adresses, num\u00e9ros de t\u00e9l\u00e9phone et adresses e-mail des Clients autoris\u00e9s, la nature et la taille de l&#8217;entreprise, ainsi que la nature et la taille de l&#8217;inventaire publicitaire que le Client autoris\u00e9 a l&#8217;intention d&#8217;acheter ou de vendre. <\/p><p><strong>Quelles organisations collectent ces informations ?<\/strong><\/p><p>En plus de notre collecte directe d&#8217;informations, nos fournisseurs de services tiers (tels que les soci\u00e9t\u00e9s de cartes de cr\u00e9dit, les chambres de compensation et les banques) qui peuvent fournir des services comme le cr\u00e9dit, l&#8217;assurance et les services de s\u00e9questre peuvent collecter ces informations aupr\u00e8s de nos Visiteurs et Clients autoris\u00e9s. Nous ne contr\u00f4lons pas la fa\u00e7on dont ces tiers utilisent ces informations, mais nous leur demandons de divulguer comment ils utilisent les informations personnelles fournies par les Visiteurs et les Clients autoris\u00e9s. Certains de ces tiers peuvent \u00eatre des interm\u00e9diaires qui agissent uniquement comme maillons dans la cha\u00eene de distribution et ne stockent, ne conservent ni n&#8217;utilisent les informations qui leur sont donn\u00e9es.  <\/p><p><strong>Comment le Site utilise-t-il les informations personnellement identifiables ?<\/strong><\/p><p>Nous utilisons les informations personnellement identifiables pour personnaliser le Site, pour faire des offres de services appropri\u00e9es et pour r\u00e9pondre aux demandes d&#8217;achat et de vente sur le Site. Nous pouvons envoyer des e-mails aux Visiteurs et aux Clients autoris\u00e9s concernant des opportunit\u00e9s de recherche ou d&#8217;achat et de vente sur le Site ou des informations li\u00e9es au sujet du Site. Nous pouvons \u00e9galement utiliser les informations personnellement identifiables pour contacter les Visiteurs et les Clients autoris\u00e9s en r\u00e9ponse \u00e0 des demandes sp\u00e9cifiques ou pour fournir les informations demand\u00e9es.  <\/p><p><strong>Avec qui les informations peuvent-elles \u00eatre partag\u00e9es ?<\/strong><\/p><p>Les informations personnellement identifiables concernant les Clients autoris\u00e9s peuvent \u00eatre partag\u00e9es avec d&#8217;autres Clients autoris\u00e9s qui souhaitent \u00e9valuer des transactions potentielles avec d&#8217;autres Clients autoris\u00e9s. Nous pouvons partager des informations agr\u00e9g\u00e9es sur nos Visiteurs, y compris les donn\u00e9es d\u00e9mographiques de nos Visiteurs et Clients autoris\u00e9s, avec nos agences affili\u00e9es et nos fournisseurs tiers. Nous offrons \u00e9galement la possibilit\u00e9 de \u00ab refuser \u00bb de recevoir des informations ou d&#8217;\u00eatre contact\u00e9 par nous ou par toute agence agissant en notre nom.  <\/p><p><strong>Comment les informations personnellement identifiables sont-elles stock\u00e9es ?<\/strong><\/p><p>Les informations personnellement identifiables collect\u00e9es par [Nom de l&#8217;entreprise] sont stock\u00e9es de mani\u00e8re s\u00e9curis\u00e9e et ne sont pas accessibles aux tiers ou aux employ\u00e9s de [Nom de l&#8217;entreprise], sauf pour une utilisation comme indiqu\u00e9 ci-dessus.<\/p><p><strong>Quels choix sont offerts aux Visiteurs concernant la collecte, l&#8217;utilisation et la distribution des informations ?<\/strong><\/p><p>Les Visiteurs et les Clients autoris\u00e9s peuvent refuser de recevoir des informations non sollicit\u00e9es ou d&#8217;\u00eatre contact\u00e9s par nous et\/ou nos fournisseurs et agences affili\u00e9es en r\u00e9pondant aux e-mails selon les instructions, ou en nous contactant \u00e0 <a href=\"mailto:info@womeninmusic.ca\">info@womeninmusic.ca<\/a><\/p>\t\t\t\t\t\t\t\t<\/div>\n\t\t\t\t<\/div>\n\t\t\t\t<\/div>\n\t\t\t\t\t<\/div>\n\t\t\t\t<\/div>\n\t\t\t\t<\/div>\n\t\t","protected":false},"excerpt":{"rendered":"<p>Bienvenue sur WomenInMusic.ca (le \u00ab Site \u00bb). Nous comprenons que la confidentialit\u00e9 en ligne est importante pour les utilisateurs de notre Site, en particulier lors de transactions commerciales. Cette d\u00e9claration [&hellip;]<\/p>\n","protected":false},"author":1,"featured_media":0,"parent":0,"menu_order":0,"comment_status":"closed","ping_status":"closed","template":"","meta":{"_acf_changed":false,"footnotes":""},"class_list":["post-1425","page","type-page","status-publish","hentry"],"acf":[],"yoast_head":"<!-- This site is optimized with the Yoast SEO plugin v26.8 - https:\/\/yoast.com\/product\/yoast-seo-wordpress\/ -->\n<title>Politique de confidentialit\u00e9 - WOMEN IN MUSIC CANADA<\/title>\n<meta name=\"robots\" content=\"index, follow, max-snippet:-1, max-image-preview:large, max-video-preview:-1\" \/>\n<link rel=\"canonical\" href=\"https:\/\/womeninmusic.ca\/fr\/politique-de-confidentialite\/\" \/>\n<meta property=\"og:locale\" content=\"fr_FR\" \/>\n<meta property=\"og:type\" content=\"article\" \/>\n<meta property=\"og:title\" content=\"Politique de confidentialit\u00e9 - WOMEN IN MUSIC CANADA\" \/>\n<meta property=\"og:description\" content=\"Bienvenue sur WomenInMusic.ca (le \u00ab Site \u00bb). Nous comprenons que la confidentialit\u00e9 en ligne est importante pour les utilisateurs de notre Site, en particulier lors de transactions commerciales. Cette d\u00e9claration [&hellip;]\" \/>\n<meta property=\"og:url\" content=\"https:\/\/womeninmusic.ca\/fr\/politique-de-confidentialite\/\" \/>\n<meta property=\"og:site_name\" content=\"WOMEN IN MUSIC CANADA\" \/>\n<meta property=\"article:modified_time\" content=\"2025-10-23T18:36:21+00:00\" \/>\n<meta name=\"twitter:card\" content=\"summary_large_image\" \/>\n<meta name=\"twitter:label1\" content=\"Dur\u00e9e de lecture estim\u00e9e\" \/>\n\t<meta name=\"twitter:data1\" content=\"4 minutes\" \/>\n<script type=\"application\/ld+json\" class=\"yoast-schema-graph\">{\"@context\":\"https:\/\/schema.org\",\"@graph\":[{\"@type\":\"WebPage\",\"@id\":\"https:\/\/womeninmusic.ca\/fr\/politique-de-confidentialite\/\",\"url\":\"https:\/\/womeninmusic.ca\/fr\/politique-de-confidentialite\/\",\"name\":\"Politique de confidentialit\u00e9 - WOMEN IN MUSIC CANADA\",\"isPartOf\":{\"@id\":\"https:\/\/womeninmusic.ca\/fr\/#website\"},\"datePublished\":\"2025-10-15T12:01:45+00:00\",\"dateModified\":\"2025-10-23T18:36:21+00:00\",\"breadcrumb\":{\"@id\":\"https:\/\/womeninmusic.ca\/fr\/politique-de-confidentialite\/#breadcrumb\"},\"inLanguage\":\"fr-FR\",\"potentialAction\":[{\"@type\":\"ReadAction\",\"target\":[\"https:\/\/womeninmusic.ca\/fr\/politique-de-confidentialite\/\"]}]},{\"@type\":\"BreadcrumbList\",\"@id\":\"https:\/\/womeninmusic.ca\/fr\/politique-de-confidentialite\/#breadcrumb\",\"itemListElement\":[{\"@type\":\"ListItem\",\"position\":1,\"name\":\"Home\",\"item\":\"https:\/\/womeninmusic.ca\/fr\/accueil\/\"},{\"@type\":\"ListItem\",\"position\":2,\"name\":\"Politique de confidentialit\u00e9\"}]},{\"@type\":\"WebSite\",\"@id\":\"https:\/\/womeninmusic.ca\/fr\/#website\",\"url\":\"https:\/\/womeninmusic.ca\/fr\/\",\"name\":\"WOMEN IN MUSIC CANADA\",\"description\":\"\",\"publisher\":{\"@id\":\"https:\/\/womeninmusic.ca\/fr\/#organization\"},\"potentialAction\":[{\"@type\":\"SearchAction\",\"target\":{\"@type\":\"EntryPoint\",\"urlTemplate\":\"https:\/\/womeninmusic.ca\/fr\/?s={search_term_string}\"},\"query-input\":{\"@type\":\"PropertyValueSpecification\",\"valueRequired\":true,\"valueName\":\"search_term_string\"}}],\"inLanguage\":\"fr-FR\"},{\"@type\":\"Organization\",\"@id\":\"https:\/\/womeninmusic.ca\/fr\/#organization\",\"name\":\"WOMEN IN MUSIC CANADA\",\"url\":\"https:\/\/womeninmusic.ca\/fr\/\",\"logo\":{\"@type\":\"ImageObject\",\"inLanguage\":\"fr-FR\",\"@id\":\"https:\/\/womeninmusic.ca\/fr\/#\/schema\/logo\/image\/\",\"url\":\"https:\/\/womeninmusic.ca\/wp-content\/uploads\/2025\/09\/WIM_CDA_Logo_Horizontal-782fc697.webp\",\"contentUrl\":\"https:\/\/womeninmusic.ca\/wp-content\/uploads\/2025\/09\/WIM_CDA_Logo_Horizontal-782fc697.webp\",\"width\":301,\"height\":60,\"caption\":\"WOMEN IN MUSIC CANADA\"},\"image\":{\"@id\":\"https:\/\/womeninmusic.ca\/fr\/#\/schema\/logo\/image\/\"}}]}<\/script>\n<!-- \/ Yoast SEO plugin. -->","yoast_head_json":{"title":"Politique de confidentialit\u00e9 - WOMEN IN MUSIC CANADA","robots":{"index":"index","follow":"follow","max-snippet":"max-snippet:-1","max-image-preview":"max-image-preview:large","max-video-preview":"max-video-preview:-1"},"canonical":"https:\/\/womeninmusic.ca\/fr\/politique-de-confidentialite\/","og_locale":"fr_FR","og_type":"article","og_title":"Politique de confidentialit\u00e9 - WOMEN IN MUSIC CANADA","og_description":"Bienvenue sur WomenInMusic.ca (le \u00ab Site \u00bb). Nous comprenons que la confidentialit\u00e9 en ligne est importante pour les utilisateurs de notre Site, en particulier lors de transactions commerciales. Cette d\u00e9claration [&hellip;]","og_url":"https:\/\/womeninmusic.ca\/fr\/politique-de-confidentialite\/","og_site_name":"WOMEN IN MUSIC CANADA","article_modified_time":"2025-10-23T18:36:21+00:00","twitter_card":"summary_large_image","twitter_misc":{"Dur\u00e9e de lecture estim\u00e9e":"4 minutes"},"schema":{"@context":"https:\/\/schema.org","@graph":[{"@type":"WebPage","@id":"https:\/\/womeninmusic.ca\/fr\/politique-de-confidentialite\/","url":"https:\/\/womeninmusic.ca\/fr\/politique-de-confidentialite\/","name":"Politique de confidentialit\u00e9 - WOMEN IN MUSIC CANADA","isPartOf":{"@id":"https:\/\/womeninmusic.ca\/fr\/#website"},"datePublished":"2025-10-15T12:01:45+00:00","dateModified":"2025-10-23T18:36:21+00:00","breadcrumb":{"@id":"https:\/\/womeninmusic.ca\/fr\/politique-de-confidentialite\/#breadcrumb"},"inLanguage":"fr-FR","potentialAction":[{"@type":"ReadAction","target":["https:\/\/womeninmusic.ca\/fr\/politique-de-confidentialite\/"]}]},{"@type":"BreadcrumbList","@id":"https:\/\/womeninmusic.ca\/fr\/politique-de-confidentialite\/#breadcrumb","itemListElement":[{"@type":"ListItem","position":1,"name":"Home","item":"https:\/\/womeninmusic.ca\/fr\/accueil\/"},{"@type":"ListItem","position":2,"name":"Politique de confidentialit\u00e9"}]},{"@type":"WebSite","@id":"https:\/\/womeninmusic.ca\/fr\/#website","url":"https:\/\/womeninmusic.ca\/fr\/","name":"WOMEN IN MUSIC CANADA","description":"","publisher":{"@id":"https:\/\/womeninmusic.ca\/fr\/#organization"},"potentialAction":[{"@type":"SearchAction","target":{"@type":"EntryPoint","urlTemplate":"https:\/\/womeninmusic.ca\/fr\/?s={search_term_string}"},"query-input":{"@type":"PropertyValueSpecification","valueRequired":true,"valueName":"search_term_string"}}],"inLanguage":"fr-FR"},{"@type":"Organization","@id":"https:\/\/womeninmusic.ca\/fr\/#organization","name":"WOMEN IN MUSIC CANADA","url":"https:\/\/womeninmusic.ca\/fr\/","logo":{"@type":"ImageObject","inLanguage":"fr-FR","@id":"https:\/\/womeninmusic.ca\/fr\/#\/schema\/logo\/image\/","url":"https:\/\/womeninmusic.ca\/wp-content\/uploads\/2025\/09\/WIM_CDA_Logo_Horizontal-782fc697.webp","contentUrl":"https:\/\/womeninmusic.ca\/wp-content\/uploads\/2025\/09\/WIM_CDA_Logo_Horizontal-782fc697.webp","width":301,"height":60,"caption":"WOMEN IN MUSIC CANADA"},"image":{"@id":"https:\/\/womeninmusic.ca\/fr\/#\/schema\/logo\/image\/"}}]}},"_links":{"self":[{"href":"https:\/\/womeninmusic.ca\/fr\/wp-json\/wp\/v2\/pages\/1425","targetHints":{"allow":["GET"]}}],"collection":[{"href":"https:\/\/womeninmusic.ca\/fr\/wp-json\/wp\/v2\/pages"}],"about":[{"href":"https:\/\/womeninmusic.ca\/fr\/wp-json\/wp\/v2\/types\/page"}],"author":[{"embeddable":true,"href":"https:\/\/womeninmusic.ca\/fr\/wp-json\/wp\/v2\/users\/1"}],"replies":[{"embeddable":true,"href":"https:\/\/womeninmusic.ca\/fr\/wp-json\/wp\/v2\/comments?post=1425"}],"version-history":[{"count":1,"href":"https:\/\/womeninmusic.ca\/fr\/wp-json\/wp\/v2\/pages\/1425\/revisions"}],"predecessor-version":[{"id":1428,"href":"https:\/\/womeninmusic.ca\/fr\/wp-json\/wp\/v2\/pages\/1425\/revisions\/1428"}],"wp:attachment":[{"href":"https:\/\/womeninmusic.ca\/fr\/wp-json\/wp\/v2\/media?parent=1425"}],"curies":[{"name":"wp","href":"https:\/\/api.w.org\/{rel}","templated":true}]}}