{"id":1441,"date":"2025-10-15T07:52:28","date_gmt":"2025-10-15T11:52:28","guid":{"rendered":"https:\/\/womeninmusic.ca\/ressources\/recherche\/"},"modified":"2026-04-02T16:16:29","modified_gmt":"2026-04-02T20:16:29","slug":"recherche","status":"publish","type":"page","link":"https:\/\/womeninmusic.ca\/fr\/ressources\/recherche\/","title":{"rendered":"Recherche"},"content":{"rendered":"\t\t<div data-elementor-type=\"wp-page\" data-elementor-id=\"1441\" class=\"elementor elementor-1441 elementor-536\" data-elementor-post-type=\"page\">\n\t\t\t\t<div class=\"elementor-element elementor-element-afe88f0 e-flex e-con-boxed e-con e-parent\" data-id=\"afe88f0\" data-element_type=\"container\">\n\t\t\t\t\t<div class=\"e-con-inner\">\n\t\t<div class=\"elementor-element elementor-element-0d1bfc2 e-con-full e-flex e-con e-child\" data-id=\"0d1bfc2\" data-element_type=\"container\">\n\t\t\t\t<div class=\"elementor-element elementor-element-5a38b7d elementor-widget elementor-widget-video\" data-id=\"5a38b7d\" data-element_type=\"widget\" data-settings=\"{&quot;video_type&quot;:&quot;vimeo&quot;}\" data-widget_type=\"video.default\">\n\t\t\t\t<div class=\"elementor-widget-container\">\n\t\t\t\t\t\t\t<div class=\"elementor-wrapper elementor-open-inline\">\n\t\t\t<iframe class=\"elementor-video-iframe\" allowfullscreen allow=\"clipboard-write\" title=\"Lecteur vid\u00e9o vimeo\" src=\"https:\/\/player.vimeo.com\/video\/952946032?color&amp;autopause=0&amp;loop=0&amp;muted=0&amp;title=1&amp;portrait=1&amp;byline=1#t=\"><\/iframe>\t\t<\/div>\n\t\t\t\t\t\t<\/div>\n\t\t\t\t<\/div>\n\t\t\t\t<div class=\"elementor-element elementor-element-14b567e elementor-widget elementor-widget-spacer\" data-id=\"14b567e\" data-element_type=\"widget\" data-widget_type=\"spacer.default\">\n\t\t\t\t<div class=\"elementor-widget-container\">\n\t\t\t\t\t\t\t<div class=\"elementor-spacer\">\n\t\t\t<div class=\"elementor-spacer-inner\"><\/div>\n\t\t<\/div>\n\t\t\t\t\t\t<\/div>\n\t\t\t\t<\/div>\n\t\t\t\t<div class=\"elementor-element elementor-element-adaeb7c middle_line elementor-widget elementor-widget-heading\" data-id=\"adaeb7c\" data-element_type=\"widget\" data-widget_type=\"heading.default\">\n\t\t\t\t<div class=\"elementor-widget-container\">\n\t\t\t\t\t<h3 class=\"elementor-heading-title elementor-size-default\">Recherche sur les femmes dans la musique<\/h3>\t\t\t\t<\/div>\n\t\t\t\t<\/div>\n\t\t\t\t<div class=\"elementor-element elementor-element-e0cfc8b elementor-widget elementor-widget-text-editor\" data-id=\"e0cfc8b\" data-element_type=\"widget\" data-widget_type=\"text-editor.default\">\n\t\t\t\t<div class=\"elementor-widget-container\">\n\t\t\t\t\t\t\t\t\t<div class=\"uk-child-width-expand@m uk-grid-small uk-grid\"><div class=\"uk-width-auto@m uk-first-column\"><ul><li class=\"el-title uk-margin-remove uk-text-bold uk-text-primary\"><strong>Le son du soutien : exploration des besoins des proches aidants dans la communaut\u00e9 musicale &#8211;<\/strong> <a style=\"font-family: -apple-system, BlinkMacSystemFont, 'Segoe UI', Roboto, 'Helvetica Neue', Arial, 'Noto Sans', sans-serif, 'Apple Color Emoji', 'Segoe UI Emoji', 'Segoe UI Symbol', 'Noto Color Emoji'\" href=\"https:\/\/womeninmusic.ca\/wp-content\/uploads\/2026\/04\/WiMC_CaregiverREPORT_finalNEW.pdf\"><strong>Publication d\u2019une nouvelle \u00e9tude ayant un impact sur l\u2019industrie de la musique<\/strong><\/a><\/li><\/ul><ul><li class=\"el-title uk-margin-remove uk-text-bold uk-text-primary\">Partager les ondes : une \u00e9tude sur la repr\u00e9sentation des genres \u00e0 la radio canadienne (2013 &#8211; 2023)<\/li><\/ul><\/div><div><div class=\"el-content uk-panel\"><p>&#8211; R\u00e9sum\u00e9 <a href=\"https:\/\/drive.google.com\/file\/d\/11MP1uX5Y489sS7mL9ajWt6sxQznoBQ7E\/view?usp=sharing\">EN<\/a>\/<a href=\"https:\/\/drive.google.com\/file\/d\/1HGiX1NdoIEr3pcIp1gBuBUMLpvlLspeY\/view?usp=sharing\">FR<\/a><\/p><p>&#8211; R\u00e9sum\u00e9 ex\u00e9cutif <a href=\"https:\/\/drive.google.com\/file\/d\/1jgCQN-9MHnK12qMInj21m5lySWyp1WKR\/view?usp=sharing\">EN<\/a>\/<a href=\"https:\/\/drive.google.com\/file\/d\/1HZHkrihyhe9y7-RLFSbdI7uVbOUOrSuu\/view?usp=sharing\">FR<\/a><\/p><\/div><\/div><\/div><ul id=\"page#0\" class=\"uk-list uk-list-disc uk-list-primary uk-margin uk-scrollspy-inview\"><li class=\"el-item\"><div class=\"uk-child-width-expand@m uk-grid-small uk-grid\"><div class=\"uk-width-auto@m uk-first-column\"><div class=\"el-title uk-margin-remove uk-text-bold uk-text-primary\">Plan d&#8217;action et cadre : <a class=\"uk-link-reset uk-margin-remove-last-child\" href=\"https:\/\/womeninmusic.ca\/wp-content\/uploads\/2026\/02\/Women_in_Music_Research_and_Action_Plan.pdf\" target=\"_blank\" rel=\"noopener\">promouvoir l&#8217;\u00e9quilibre entre les genres dans l&#8217;industrie musicale canadienne<\/a><\/div><\/div><\/div><\/li><li class=\"el-item\"><div class=\"uk-child-width-expand@m uk-grid-small uk-grid\"><div class=\"uk-width-auto@m uk-first-column\"><div class=\"el-title uk-margin-remove uk-text-bold uk-text-primary\">Les femmes dans la musique &#8211; favoriser la diversit\u00e9 : <a class=\"uk-link-reset uk-margin-remove-last-child\" href=\"https:\/\/womeninmusic.ca\/wp-content\/uploads\/2026\/02\/Empowering-Diversity-A-Study-Connecting-Women-in-Leadership-to-Company-Performance-in-the-Canadian-Music-Industry.pdf\" target=\"_blank\" rel=\"noopener\">une \u00e9tude reliant les femmes en position de leadership \u00e0 la performance des entreprises dans l&#8217;industrie musicale canadienne<\/a><\/div><\/div><\/div><\/li><li class=\"el-item\"><div class=\"uk-child-width-expand@m uk-grid-small uk-grid\"><div class=\"uk-width-auto@m uk-first-column\"><div class=\"el-title uk-margin-remove uk-text-bold uk-text-primary\">Les femmes dans la musique : <a class=\"uk-link-reset uk-margin-remove-last-child\" href=\"https:\/\/womeninmusic.ca\/wp-content\/uploads\/2026\/02\/AProfileofWomenWorkingintheONMusicIndustry.pdf\" target=\"_blank\" rel=\"noopener\">un profil des femmes travaillant dans l&#8217;industrie musicale de l&#8217;Ontario<\/a><\/div><\/div><\/div><\/li><li class=\"el-item\"><div class=\"uk-child-width-expand@m uk-grid-small uk-grid\"><div class=\"uk-width-auto@m uk-first-column\"><div class=\"el-title uk-margin-remove uk-text-bold uk-text-primary\">Les femmes dans la musique : promouvoir les opportunit\u00e9s pour les femmes et les filles dans la musique<\/div><\/div><div><div class=\"el-meta uk-text-meta\">(\u00e0 venir)<\/div><\/div><\/div><\/li><\/ul>\t\t\t\t\t\t\t\t<\/div>\n\t\t\t\t<\/div>\n\t\t\t\t<div class=\"elementor-element elementor-element-d7ec1b3 elementor-widget elementor-widget-spacer\" data-id=\"d7ec1b3\" data-element_type=\"widget\" data-widget_type=\"spacer.default\">\n\t\t\t\t<div class=\"elementor-widget-container\">\n\t\t\t\t\t\t\t<div class=\"elementor-spacer\">\n\t\t\t<div class=\"elementor-spacer-inner\"><\/div>\n\t\t<\/div>\n\t\t\t\t\t\t<\/div>\n\t\t\t\t<\/div>\n\t\t\t\t<div class=\"elementor-element elementor-element-befb051 middle_line elementor-widget elementor-widget-heading\" data-id=\"befb051\" data-element_type=\"widget\" data-widget_type=\"heading.default\">\n\t\t\t\t<div class=\"elementor-widget-container\">\n\t\t\t\t\t<h3 class=\"elementor-heading-title elementor-size-default\">Recherche sur le genre et l'industrie<\/h3>\t\t\t\t<\/div>\n\t\t\t\t<\/div>\n\t\t\t\t<div class=\"elementor-element elementor-element-d5c4257 elementor-widget elementor-widget-text-editor\" data-id=\"d5c4257\" data-element_type=\"widget\" data-widget_type=\"text-editor.default\">\n\t\t\t\t<div class=\"elementor-widget-container\">\n\t\t\t\t\t\t\t\t\t<div class=\"uk-child-width-expand@m uk-grid-small uk-grid\"><div class=\"uk-width-auto@m uk-first-column\"><ul><li>ASC Annenberg (Mars 2026) : <a href=\"https:\/\/assets.uscannenberg.org\/docs\/aii-inclusion-in-the-recording-studio.pdf\">L\u2019inclusion dans le studio d\u2019enregistrement ?<\/a><\/li><li class=\"el-title uk-margin-remove uk-text-bold uk-text-primary\">R\u00e9glementation de la diffusion de musique en ligne par le CRTC : Un guide explicatif du projet de loi C-11 pour les artistes canadiens<\/li><\/ul><\/div><\/div><ul id=\"page#1\" class=\"uk-list uk-list-disc uk-list-primary uk-margin uk-scrollspy-inview\"><li class=\"el-item\"><div class=\"uk-child-width-expand@m uk-grid-small uk-grid\"><div class=\"uk-width-auto@m uk-first-column\"><div class=\"el-title uk-margin-remove uk-text-bold uk-text-primary\">Rapport annuel Fix the Mix : Perdues dans le Mix : Une analyse des professionnels techniques cr\u00e9dit\u00e9s dans l&#8217;industrie musicale mettant en lumi\u00e8re les femmes et les producteurs et ing\u00e9nieurs non-binaires \u00e0 travers les listes de lecture des DSP, les genres, les r\u00e9compenses, les certifications de disques et les distributeurs<\/div><\/div><\/div><\/li><li class=\"el-item\"><div class=\"uk-child-width-expand@m uk-grid-small uk-grid\"><div class=\"uk-width-auto@m uk-first-column\"><div class=\"el-title uk-margin-remove uk-text-bold uk-text-primary\">Musicaction : <a class=\"uk-link-reset uk-margin-remove-last-child\" href=\"https:\/\/mailchi.mp\/musicaction\/lancement_rapport_les_femmes_dans_lindustrie?e=f920d470dd\" target=\"_blank\" rel=\"noopener\">Rapport sur les femmes dans l&#8217;industrie musicale francophone canadienne<\/a><\/div><\/div><\/div><\/li><li class=\"el-item\"><div class=\"uk-child-width-expand@m uk-grid-small uk-grid\"><div class=\"uk-width-auto@m uk-first-column\"><div class=\"el-title uk-margin-remove uk-text-bold uk-text-primary\">ONU Femmes : <a class=\"uk-link-reset uk-margin-remove-last-child\" href=\"http:\/\/www.unwomen.org\/en\/what-we-do\/economic-empowerment\/facts-and-figures\" target=\"_blank\" rel=\"noopener\">autonomisation \u00e9conomique<\/a><\/div><\/div><\/div><\/li><li class=\"el-item\"><div class=\"uk-child-width-expand@m uk-grid-small uk-grid\"><div class=\"uk-width-auto@m uk-first-column\"><div class=\"el-title uk-margin-remove uk-text-bold uk-text-primary\">The Fast Company : <a class=\"uk-link-reset uk-margin-remove-last-child\" href=\"https:\/\/www.fastcompany.com\/3028227\/here-are-all-the-quantifiable-reasons-you-should-hire-more-women\" target=\"_blank\" rel=\"noopener\">voici toutes les raisons quantifiables pour lesquelles vous devriez embaucher plus de femmes<\/a><\/div><\/div><\/div><\/li><li class=\"el-item\"><div class=\"uk-child-width-expand@m uk-grid-small uk-grid\"><div class=\"uk-width-auto@m uk-first-column\"><div class=\"el-title uk-margin-remove uk-text-bold uk-text-primary\">The New Economy : <a class=\"uk-link-reset uk-margin-remove-last-child\" href=\"https:\/\/www.theneweconomy.com\/business\/anita-borg-report-makes-strong-case-for-investing-in-women\" target=\"_blank\" rel=\"noopener\">le rapport d&#8217;Anita Borg pr\u00e9sente des arguments solides en faveur de l&#8217;investissement dans les femmes<\/a><\/div><\/div><\/div><\/li><li class=\"el-item\"><div class=\"uk-child-width-expand@m uk-grid-small uk-grid\"><div class=\"uk-width-auto@m uk-first-column\"><div class=\"el-title uk-margin-remove uk-text-bold uk-text-primary\">Organisation Anita Borg : <a class=\"uk-link-reset uk-margin-remove-last-child\" href=\"https:\/\/anitab.org\/resources\/\" target=\"_blank\" rel=\"noopener\">raisons d&#8217;embaucher des femmes<\/a><\/div><\/div><\/div><\/li><li class=\"el-item\"><div class=\"uk-child-width-expand@m uk-grid-small uk-grid\"><div class=\"uk-width-auto@m uk-first-column\"><div class=\"el-title uk-margin-remove uk-text-bold uk-text-primary\">CNBC : <a class=\"uk-link-reset uk-margin-remove-last-child\" href=\"https:\/\/www.cnbc.com\/2014\/10\/14\/hey-ceos-hire-women-if-you-want-to-boost-revenue.html\" target=\"_blank\" rel=\"noopener\">les femmes augmentent les revenus<\/a><\/div><\/div><\/div><\/li><li class=\"el-item\"><div class=\"uk-child-width-expand@m uk-grid-small uk-grid\"><div class=\"uk-width-auto@m uk-first-column\"><div class=\"el-title uk-margin-remove uk-text-bold uk-text-primary\">Huffington Post : <a class=\"uk-link-reset uk-margin-remove-last-child\" href=\"https:\/\/www.huffingtonpost.com\/entry\/gender-diversity-business-study_n_5945312.html\" target=\"_blank\" rel=\"noopener\">diversit\u00e9 des genres<\/a><\/div><\/div><\/div><\/li><li class=\"el-item\"><div class=\"uk-child-width-expand@m uk-grid-small uk-grid\"><div class=\"uk-width-auto@m uk-first-column\"><div class=\"el-title uk-margin-remove uk-text-bold uk-text-primary\">Business News Daily : <a class=\"uk-link-reset uk-margin-remove-last-child\" href=\"https:\/\/www.businessnewsdaily.com\/5769-gender-balanced-teams-work-best-in-the-office.html\" target=\"_blank\" rel=\"noopener\">quel genre excelle dans le travail d&#8217;\u00e9quipe ? Les deux<\/a><\/div><\/div><\/div><\/li><li class=\"el-item\"><div class=\"uk-child-width-expand@m uk-grid-small uk-grid\"><div class=\"uk-width-auto@m uk-first-column\"><div class=\"el-title uk-margin-remove uk-text-bold uk-text-primary\">MIT News &#8211; \u00c9tude : <a class=\"uk-link-reset uk-margin-remove-last-child\" href=\"http:\/\/news.mit.edu\/2014\/workplace-diversity-can-help-bottom-line-1007\" target=\"_blank\" rel=\"noopener\">la diversit\u00e9 en milieu de travail peut am\u00e9liorer les r\u00e9sultats financiers<\/a><\/div><\/div><\/div><\/li><li class=\"el-item\"><div class=\"uk-child-width-expand@m uk-grid-small uk-grid\"><div class=\"uk-width-auto@m uk-first-column\"><div class=\"el-title uk-margin-remove uk-text-bold uk-text-primary\">USC Annenberg : <a class=\"uk-link-reset uk-margin-remove-last-child\" href=\"https:\/\/annenberg.usc.edu\/research\/aii\/music-coalition\" target=\"_blank\" rel=\"noopener\">coalition musicale<\/a><\/div><\/div><\/div><\/li><\/ul>\t\t\t\t\t\t\t\t<\/div>\n\t\t\t\t<\/div>\n\t\t\t\t<\/div>\n\t\t\t\t\t<\/div>\n\t\t\t\t<\/div>\n\t\t\t\t<\/div>\n\t\t","protected":false},"excerpt":{"rendered":"<p>Recherche sur les femmes dans la musique Le son du soutien : exploration des besoins des proches aidants dans la communaut\u00e9 musicale &#8211; Publication d\u2019une nouvelle \u00e9tude ayant un impact [&hellip;]<\/p>\n","protected":false},"author":1,"featured_media":0,"parent":1180,"menu_order":0,"comment_status":"closed","ping_status":"closed","template":"","meta":{"_acf_changed":false,"footnotes":""},"class_list":["post-1441","page","type-page","status-publish","hentry"],"acf":[],"yoast_head":"<!-- This site is optimized with the Yoast SEO plugin v26.8 - https:\/\/yoast.com\/product\/yoast-seo-wordpress\/ -->\n<title>Recherche - WOMEN IN MUSIC CANADA<\/title>\n<meta name=\"robots\" content=\"index, follow, max-snippet:-1, max-image-preview:large, max-video-preview:-1\" \/>\n<link rel=\"canonical\" href=\"https:\/\/womeninmusic.ca\/fr\/ressources\/recherche\/\" \/>\n<meta property=\"og:locale\" content=\"fr_FR\" \/>\n<meta property=\"og:type\" content=\"article\" \/>\n<meta property=\"og:title\" content=\"Recherche - WOMEN IN MUSIC CANADA\" \/>\n<meta property=\"og:description\" content=\"Recherche sur les femmes dans la musique Le son du soutien : exploration des besoins des proches aidants dans la communaut\u00e9 musicale &#8211; Publication d\u2019une nouvelle \u00e9tude ayant un impact [&hellip;]\" \/>\n<meta property=\"og:url\" content=\"https:\/\/womeninmusic.ca\/fr\/ressources\/recherche\/\" \/>\n<meta property=\"og:site_name\" content=\"WOMEN IN MUSIC CANADA\" \/>\n<meta property=\"article:modified_time\" content=\"2026-04-02T20:16:29+00:00\" \/>\n<meta name=\"twitter:card\" content=\"summary_large_image\" \/>\n<meta name=\"twitter:label1\" content=\"Dur\u00e9e de lecture estim\u00e9e\" \/>\n\t<meta name=\"twitter:data1\" content=\"2 minutes\" \/>\n<script type=\"application\/ld+json\" class=\"yoast-schema-graph\">{\"@context\":\"https:\/\/schema.org\",\"@graph\":[{\"@type\":\"WebPage\",\"@id\":\"https:\/\/womeninmusic.ca\/fr\/ressources\/recherche\/\",\"url\":\"https:\/\/womeninmusic.ca\/fr\/ressources\/recherche\/\",\"name\":\"Recherche - WOMEN IN MUSIC CANADA\",\"isPartOf\":{\"@id\":\"https:\/\/womeninmusic.ca\/fr\/#website\"},\"datePublished\":\"2025-10-15T11:52:28+00:00\",\"dateModified\":\"2026-04-02T20:16:29+00:00\",\"breadcrumb\":{\"@id\":\"https:\/\/womeninmusic.ca\/fr\/ressources\/recherche\/#breadcrumb\"},\"inLanguage\":\"fr-FR\",\"potentialAction\":[{\"@type\":\"ReadAction\",\"target\":[\"https:\/\/womeninmusic.ca\/fr\/ressources\/recherche\/\"]}]},{\"@type\":\"BreadcrumbList\",\"@id\":\"https:\/\/womeninmusic.ca\/fr\/ressources\/recherche\/#breadcrumb\",\"itemListElement\":[{\"@type\":\"ListItem\",\"position\":1,\"name\":\"Home\",\"item\":\"https:\/\/womeninmusic.ca\/fr\/accueil\/\"},{\"@type\":\"ListItem\",\"position\":2,\"name\":\"Ressources\",\"item\":\"https:\/\/womeninmusic.ca\/fr\/resources\/\"},{\"@type\":\"ListItem\",\"position\":3,\"name\":\"Recherche\"}]},{\"@type\":\"WebSite\",\"@id\":\"https:\/\/womeninmusic.ca\/fr\/#website\",\"url\":\"https:\/\/womeninmusic.ca\/fr\/\",\"name\":\"WOMEN IN MUSIC CANADA\",\"description\":\"\",\"publisher\":{\"@id\":\"https:\/\/womeninmusic.ca\/fr\/#organization\"},\"potentialAction\":[{\"@type\":\"SearchAction\",\"target\":{\"@type\":\"EntryPoint\",\"urlTemplate\":\"https:\/\/womeninmusic.ca\/fr\/?s={search_term_string}\"},\"query-input\":{\"@type\":\"PropertyValueSpecification\",\"valueRequired\":true,\"valueName\":\"search_term_string\"}}],\"inLanguage\":\"fr-FR\"},{\"@type\":\"Organization\",\"@id\":\"https:\/\/womeninmusic.ca\/fr\/#organization\",\"name\":\"WOMEN IN MUSIC CANADA\",\"url\":\"https:\/\/womeninmusic.ca\/fr\/\",\"logo\":{\"@type\":\"ImageObject\",\"inLanguage\":\"fr-FR\",\"@id\":\"https:\/\/womeninmusic.ca\/fr\/#\/schema\/logo\/image\/\",\"url\":\"https:\/\/womeninmusic.ca\/wp-content\/uploads\/2025\/09\/WIM_CDA_Logo_Horizontal-782fc697.webp\",\"contentUrl\":\"https:\/\/womeninmusic.ca\/wp-content\/uploads\/2025\/09\/WIM_CDA_Logo_Horizontal-782fc697.webp\",\"width\":301,\"height\":60,\"caption\":\"WOMEN IN MUSIC CANADA\"},\"image\":{\"@id\":\"https:\/\/womeninmusic.ca\/fr\/#\/schema\/logo\/image\/\"}}]}<\/script>\n<!-- \/ Yoast SEO plugin. -->","yoast_head_json":{"title":"Recherche - WOMEN IN MUSIC CANADA","robots":{"index":"index","follow":"follow","max-snippet":"max-snippet:-1","max-image-preview":"max-image-preview:large","max-video-preview":"max-video-preview:-1"},"canonical":"https:\/\/womeninmusic.ca\/fr\/ressources\/recherche\/","og_locale":"fr_FR","og_type":"article","og_title":"Recherche - WOMEN IN MUSIC CANADA","og_description":"Recherche sur les femmes dans la musique Le son du soutien : exploration des besoins des proches aidants dans la communaut\u00e9 musicale &#8211; Publication d\u2019une nouvelle \u00e9tude ayant un impact [&hellip;]","og_url":"https:\/\/womeninmusic.ca\/fr\/ressources\/recherche\/","og_site_name":"WOMEN IN MUSIC CANADA","article_modified_time":"2026-04-02T20:16:29+00:00","twitter_card":"summary_large_image","twitter_misc":{"Dur\u00e9e de lecture estim\u00e9e":"2 minutes"},"schema":{"@context":"https:\/\/schema.org","@graph":[{"@type":"WebPage","@id":"https:\/\/womeninmusic.ca\/fr\/ressources\/recherche\/","url":"https:\/\/womeninmusic.ca\/fr\/ressources\/recherche\/","name":"Recherche - WOMEN IN MUSIC CANADA","isPartOf":{"@id":"https:\/\/womeninmusic.ca\/fr\/#website"},"datePublished":"2025-10-15T11:52:28+00:00","dateModified":"2026-04-02T20:16:29+00:00","breadcrumb":{"@id":"https:\/\/womeninmusic.ca\/fr\/ressources\/recherche\/#breadcrumb"},"inLanguage":"fr-FR","potentialAction":[{"@type":"ReadAction","target":["https:\/\/womeninmusic.ca\/fr\/ressources\/recherche\/"]}]},{"@type":"BreadcrumbList","@id":"https:\/\/womeninmusic.ca\/fr\/ressources\/recherche\/#breadcrumb","itemListElement":[{"@type":"ListItem","position":1,"name":"Home","item":"https:\/\/womeninmusic.ca\/fr\/accueil\/"},{"@type":"ListItem","position":2,"name":"Ressources","item":"https:\/\/womeninmusic.ca\/fr\/resources\/"},{"@type":"ListItem","position":3,"name":"Recherche"}]},{"@type":"WebSite","@id":"https:\/\/womeninmusic.ca\/fr\/#website","url":"https:\/\/womeninmusic.ca\/fr\/","name":"WOMEN IN MUSIC CANADA","description":"","publisher":{"@id":"https:\/\/womeninmusic.ca\/fr\/#organization"},"potentialAction":[{"@type":"SearchAction","target":{"@type":"EntryPoint","urlTemplate":"https:\/\/womeninmusic.ca\/fr\/?s={search_term_string}"},"query-input":{"@type":"PropertyValueSpecification","valueRequired":true,"valueName":"search_term_string"}}],"inLanguage":"fr-FR"},{"@type":"Organization","@id":"https:\/\/womeninmusic.ca\/fr\/#organization","name":"WOMEN IN MUSIC CANADA","url":"https:\/\/womeninmusic.ca\/fr\/","logo":{"@type":"ImageObject","inLanguage":"fr-FR","@id":"https:\/\/womeninmusic.ca\/fr\/#\/schema\/logo\/image\/","url":"https:\/\/womeninmusic.ca\/wp-content\/uploads\/2025\/09\/WIM_CDA_Logo_Horizontal-782fc697.webp","contentUrl":"https:\/\/womeninmusic.ca\/wp-content\/uploads\/2025\/09\/WIM_CDA_Logo_Horizontal-782fc697.webp","width":301,"height":60,"caption":"WOMEN IN MUSIC CANADA"},"image":{"@id":"https:\/\/womeninmusic.ca\/fr\/#\/schema\/logo\/image\/"}}]}},"_links":{"self":[{"href":"https:\/\/womeninmusic.ca\/fr\/wp-json\/wp\/v2\/pages\/1441","targetHints":{"allow":["GET"]}}],"collection":[{"href":"https:\/\/womeninmusic.ca\/fr\/wp-json\/wp\/v2\/pages"}],"about":[{"href":"https:\/\/womeninmusic.ca\/fr\/wp-json\/wp\/v2\/types\/page"}],"author":[{"embeddable":true,"href":"https:\/\/womeninmusic.ca\/fr\/wp-json\/wp\/v2\/users\/1"}],"replies":[{"embeddable":true,"href":"https:\/\/womeninmusic.ca\/fr\/wp-json\/wp\/v2\/comments?post=1441"}],"version-history":[{"count":7,"href":"https:\/\/womeninmusic.ca\/fr\/wp-json\/wp\/v2\/pages\/1441\/revisions"}],"predecessor-version":[{"id":8648,"href":"https:\/\/womeninmusic.ca\/fr\/wp-json\/wp\/v2\/pages\/1441\/revisions\/8648"}],"up":[{"embeddable":true,"href":"https:\/\/womeninmusic.ca\/fr\/wp-json\/wp\/v2\/pages\/1180"}],"wp:attachment":[{"href":"https:\/\/womeninmusic.ca\/fr\/wp-json\/wp\/v2\/media?parent=1441"}],"curies":[{"name":"wp","href":"https:\/\/api.w.org\/{rel}","templated":true}]}}