{"id":1443,"date":"2025-10-15T07:51:52","date_gmt":"2025-10-15T11:51:52","guid":{"rendered":"https:\/\/womeninmusic.ca\/ressources\/code-de-conduite\/"},"modified":"2025-10-23T14:36:25","modified_gmt":"2025-10-23T18:36:25","slug":"code-de-conduite","status":"publish","type":"page","link":"https:\/\/womeninmusic.ca\/fr\/ressources\/code-de-conduite\/","title":{"rendered":"Code de conduite"},"content":{"rendered":"\t\t<div data-elementor-type=\"wp-page\" data-elementor-id=\"1443\" class=\"elementor elementor-1443 elementor-534\" data-elementor-post-type=\"page\">\n\t\t\t\t<div class=\"elementor-element elementor-element-b646172 e-flex e-con-boxed e-con e-parent\" data-id=\"b646172\" data-element_type=\"container\">\n\t\t\t\t\t<div class=\"e-con-inner\">\n\t\t<div class=\"elementor-element elementor-element-8f67071 e-con-full e-flex e-con e-child\" data-id=\"8f67071\" data-element_type=\"container\">\n\t\t\t\t<div class=\"elementor-element elementor-element-9bf74ac elementor-widget elementor-widget-spacer\" data-id=\"9bf74ac\" data-element_type=\"widget\" data-widget_type=\"spacer.default\">\n\t\t\t\t<div class=\"elementor-widget-container\">\n\t\t\t\t\t\t\t<div class=\"elementor-spacer\">\n\t\t\t<div class=\"elementor-spacer-inner\"><\/div>\n\t\t<\/div>\n\t\t\t\t\t\t<\/div>\n\t\t\t\t<\/div>\n\t\t<div class=\"elementor-element elementor-element-31f45b4 e-con-full e-flex e-con e-child\" data-id=\"31f45b4\" data-element_type=\"container\">\n\t\t<div class=\"elementor-element elementor-element-0ad1416 e-con-full e-flex e-con e-child\" data-id=\"0ad1416\" data-element_type=\"container\">\n\t\t\t\t<div class=\"elementor-element elementor-element-242d83a elementor-widget elementor-widget-image\" data-id=\"242d83a\" data-element_type=\"widget\" data-widget_type=\"image.default\">\n\t\t\t\t<div class=\"elementor-widget-container\">\n\t\t\t\t\t\t\t\t\t\t\t\t\t\t\t<img fetchpriority=\"high\" decoding=\"async\" width=\"230\" height=\"222\" src=\"https:\/\/womeninmusic.ca\/wp-content\/uploads\/2025\/10\/RTC_logo-29570935.webp\" class=\"attachment-large size-large wp-image-1445\" alt=\"\" \/>\t\t\t\t\t\t\t\t\t\t\t\t\t\t\t<\/div>\n\t\t\t\t<\/div>\n\t\t\t\t<\/div>\n\t\t<div class=\"elementor-element elementor-element-c099d83 e-con-full e-flex e-con e-child\" data-id=\"c099d83\" data-element_type=\"container\">\n\t\t\t\t<div class=\"elementor-element elementor-element-630703c elementor-widget elementor-widget-text-editor\" data-id=\"630703c\" data-element_type=\"widget\" data-widget_type=\"text-editor.default\">\n\t\t\t\t<div class=\"elementor-widget-container\">\n\t\t\t\t\t\t\t\t\t<p>Le 23 novembre 2017, une coalition d&#8217;intervenants de l&#8217;industrie cr\u00e9ative canadienne a publi\u00e9 une d\u00e9claration s&#8217;engageant \u00e0 une tol\u00e9rance z\u00e9ro pour le harc\u00e8lement, la discrimination, l&#8217;intimidation et la violence et a \u00e9tabli des groupes de travail pour explorer le d\u00e9veloppement d&#8217;un code de conduite, des mesures de signalement plus s\u00fbres et une \u00e9ducation et formation \u00e0 l&#8217;\u00e9chelle de l&#8217;industrie. Ce code de conduite n&#8217;est que la premi\u00e8re \u00e9tape pour atteindre ces objectifs. En travaillant ensemble, nous avons tent\u00e9 d&#8217;\u00eatre larges dans l&#8217;application, inclusifs et sp\u00e9cifiques pour r\u00e9pondre aux pr\u00e9occupations soulev\u00e9es par les personnes courageuses qui ont t\u00e9moign\u00e9 de leurs exp\u00e9riences de harc\u00e8lement de toutes sortes.  <\/p><p>Sur le site web, vous trouverez le code de conduite, les ressources disponibles, la liste des signataires actuels ainsi que les mises \u00e0 jour des autres groupes de travail sur leurs progr\u00e8s. Nous travaillons actuellement au d\u00e9veloppement de m\u00e9canismes de signalement pour l&#8217;industrie. <\/p><p>Consultez <a href=\"http:\/\/readthecode.ca\/\" target=\"_blank\" rel=\"noopener\">http:\/\/readthecode.ca<\/a> pour plus d&#8217;informations<\/p>\t\t\t\t\t\t\t\t<\/div>\n\t\t\t\t<\/div>\n\t\t\t\t<\/div>\n\t\t\t\t<\/div>\n\t\t\t\t<div class=\"elementor-element elementor-element-a82db76 elementor-widget elementor-widget-spacer\" data-id=\"a82db76\" data-element_type=\"widget\" data-widget_type=\"spacer.default\">\n\t\t\t\t<div class=\"elementor-widget-container\">\n\t\t\t\t\t\t\t<div class=\"elementor-spacer\">\n\t\t\t<div class=\"elementor-spacer-inner\"><\/div>\n\t\t<\/div>\n\t\t\t\t\t\t<\/div>\n\t\t\t\t<\/div>\n\t\t\t\t<\/div>\n\t\t\t\t\t<\/div>\n\t\t\t\t<\/div>\n\t\t\t\t<\/div>\n\t\t","protected":false},"excerpt":{"rendered":"<p>Le 23 novembre 2017, une coalition d&#8217;intervenants de l&#8217;industrie cr\u00e9ative canadienne a publi\u00e9 une d\u00e9claration s&#8217;engageant \u00e0 une tol\u00e9rance z\u00e9ro pour le harc\u00e8lement, la discrimination, l&#8217;intimidation et la violence et [&hellip;]<\/p>\n","protected":false},"author":1,"featured_media":0,"parent":1180,"menu_order":0,"comment_status":"closed","ping_status":"closed","template":"","meta":{"_acf_changed":false,"footnotes":""},"class_list":["post-1443","page","type-page","status-publish","hentry"],"acf":[],"yoast_head":"<!-- This site is optimized with the Yoast SEO plugin v26.8 - https:\/\/yoast.com\/product\/yoast-seo-wordpress\/ -->\n<title>Code de conduite - WOMEN IN MUSIC CANADA<\/title>\n<meta name=\"robots\" content=\"index, follow, max-snippet:-1, max-image-preview:large, max-video-preview:-1\" \/>\n<link rel=\"canonical\" href=\"https:\/\/womeninmusic.ca\/fr\/ressources\/code-de-conduite\/\" \/>\n<meta property=\"og:locale\" content=\"fr_FR\" \/>\n<meta property=\"og:type\" content=\"article\" \/>\n<meta property=\"og:title\" content=\"Code de conduite - WOMEN IN MUSIC CANADA\" \/>\n<meta property=\"og:description\" content=\"Le 23 novembre 2017, une coalition d&#8217;intervenants de l&#8217;industrie cr\u00e9ative canadienne a publi\u00e9 une d\u00e9claration s&#8217;engageant \u00e0 une tol\u00e9rance z\u00e9ro pour le harc\u00e8lement, la discrimination, l&#8217;intimidation et la violence et [&hellip;]\" \/>\n<meta property=\"og:url\" content=\"https:\/\/womeninmusic.ca\/fr\/ressources\/code-de-conduite\/\" \/>\n<meta property=\"og:site_name\" content=\"WOMEN IN MUSIC CANADA\" \/>\n<meta property=\"article:modified_time\" content=\"2025-10-23T18:36:25+00:00\" \/>\n<meta property=\"og:image\" content=\"https:\/\/womeninmusic.ca\/wp-content\/uploads\/2025\/10\/RTC_logo-29570935.webp\" \/>\n\t<meta property=\"og:image:width\" content=\"230\" \/>\n\t<meta property=\"og:image:height\" content=\"222\" \/>\n\t<meta property=\"og:image:type\" content=\"image\/webp\" \/>\n<meta name=\"twitter:card\" content=\"summary_large_image\" \/>\n<meta name=\"twitter:label1\" content=\"Dur\u00e9e de lecture estim\u00e9e\" \/>\n\t<meta name=\"twitter:data1\" content=\"1 minute\" \/>\n<script type=\"application\/ld+json\" class=\"yoast-schema-graph\">{\"@context\":\"https:\/\/schema.org\",\"@graph\":[{\"@type\":\"WebPage\",\"@id\":\"https:\/\/womeninmusic.ca\/fr\/ressources\/code-de-conduite\/\",\"url\":\"https:\/\/womeninmusic.ca\/fr\/ressources\/code-de-conduite\/\",\"name\":\"Code de conduite - WOMEN IN MUSIC CANADA\",\"isPartOf\":{\"@id\":\"https:\/\/womeninmusic.ca\/fr\/#website\"},\"primaryImageOfPage\":{\"@id\":\"https:\/\/womeninmusic.ca\/fr\/ressources\/code-de-conduite\/#primaryimage\"},\"image\":{\"@id\":\"https:\/\/womeninmusic.ca\/fr\/ressources\/code-de-conduite\/#primaryimage\"},\"thumbnailUrl\":\"https:\/\/womeninmusic.ca\/wp-content\/uploads\/2025\/10\/RTC_logo-29570935.webp\",\"datePublished\":\"2025-10-15T11:51:52+00:00\",\"dateModified\":\"2025-10-23T18:36:25+00:00\",\"breadcrumb\":{\"@id\":\"https:\/\/womeninmusic.ca\/fr\/ressources\/code-de-conduite\/#breadcrumb\"},\"inLanguage\":\"fr-FR\",\"potentialAction\":[{\"@type\":\"ReadAction\",\"target\":[\"https:\/\/womeninmusic.ca\/fr\/ressources\/code-de-conduite\/\"]}]},{\"@type\":\"ImageObject\",\"inLanguage\":\"fr-FR\",\"@id\":\"https:\/\/womeninmusic.ca\/fr\/ressources\/code-de-conduite\/#primaryimage\",\"url\":\"https:\/\/womeninmusic.ca\/wp-content\/uploads\/2025\/10\/RTC_logo-29570935.webp\",\"contentUrl\":\"https:\/\/womeninmusic.ca\/wp-content\/uploads\/2025\/10\/RTC_logo-29570935.webp\"},{\"@type\":\"BreadcrumbList\",\"@id\":\"https:\/\/womeninmusic.ca\/fr\/ressources\/code-de-conduite\/#breadcrumb\",\"itemListElement\":[{\"@type\":\"ListItem\",\"position\":1,\"name\":\"Home\",\"item\":\"https:\/\/womeninmusic.ca\/fr\/accueil\/\"},{\"@type\":\"ListItem\",\"position\":2,\"name\":\"Ressources\",\"item\":\"https:\/\/womeninmusic.ca\/fr\/resources\/\"},{\"@type\":\"ListItem\",\"position\":3,\"name\":\"Code de conduite\"}]},{\"@type\":\"WebSite\",\"@id\":\"https:\/\/womeninmusic.ca\/fr\/#website\",\"url\":\"https:\/\/womeninmusic.ca\/fr\/\",\"name\":\"WOMEN IN MUSIC CANADA\",\"description\":\"\",\"publisher\":{\"@id\":\"https:\/\/womeninmusic.ca\/fr\/#organization\"},\"potentialAction\":[{\"@type\":\"SearchAction\",\"target\":{\"@type\":\"EntryPoint\",\"urlTemplate\":\"https:\/\/womeninmusic.ca\/fr\/?s={search_term_string}\"},\"query-input\":{\"@type\":\"PropertyValueSpecification\",\"valueRequired\":true,\"valueName\":\"search_term_string\"}}],\"inLanguage\":\"fr-FR\"},{\"@type\":\"Organization\",\"@id\":\"https:\/\/womeninmusic.ca\/fr\/#organization\",\"name\":\"WOMEN IN MUSIC CANADA\",\"url\":\"https:\/\/womeninmusic.ca\/fr\/\",\"logo\":{\"@type\":\"ImageObject\",\"inLanguage\":\"fr-FR\",\"@id\":\"https:\/\/womeninmusic.ca\/fr\/#\/schema\/logo\/image\/\",\"url\":\"https:\/\/womeninmusic.ca\/wp-content\/uploads\/2025\/09\/WIM_CDA_Logo_Horizontal-782fc697.webp\",\"contentUrl\":\"https:\/\/womeninmusic.ca\/wp-content\/uploads\/2025\/09\/WIM_CDA_Logo_Horizontal-782fc697.webp\",\"width\":301,\"height\":60,\"caption\":\"WOMEN IN MUSIC CANADA\"},\"image\":{\"@id\":\"https:\/\/womeninmusic.ca\/fr\/#\/schema\/logo\/image\/\"}}]}<\/script>\n<!-- \/ Yoast SEO plugin. -->","yoast_head_json":{"title":"Code de conduite - WOMEN IN MUSIC CANADA","robots":{"index":"index","follow":"follow","max-snippet":"max-snippet:-1","max-image-preview":"max-image-preview:large","max-video-preview":"max-video-preview:-1"},"canonical":"https:\/\/womeninmusic.ca\/fr\/ressources\/code-de-conduite\/","og_locale":"fr_FR","og_type":"article","og_title":"Code de conduite - WOMEN IN MUSIC CANADA","og_description":"Le 23 novembre 2017, une coalition d&#8217;intervenants de l&#8217;industrie cr\u00e9ative canadienne a publi\u00e9 une d\u00e9claration s&#8217;engageant \u00e0 une tol\u00e9rance z\u00e9ro pour le harc\u00e8lement, la discrimination, l&#8217;intimidation et la violence et [&hellip;]","og_url":"https:\/\/womeninmusic.ca\/fr\/ressources\/code-de-conduite\/","og_site_name":"WOMEN IN MUSIC CANADA","article_modified_time":"2025-10-23T18:36:25+00:00","og_image":[{"width":230,"height":222,"url":"https:\/\/womeninmusic.ca\/wp-content\/uploads\/2025\/10\/RTC_logo-29570935.webp","type":"image\/webp"}],"twitter_card":"summary_large_image","twitter_misc":{"Dur\u00e9e de lecture estim\u00e9e":"1 minute"},"schema":{"@context":"https:\/\/schema.org","@graph":[{"@type":"WebPage","@id":"https:\/\/womeninmusic.ca\/fr\/ressources\/code-de-conduite\/","url":"https:\/\/womeninmusic.ca\/fr\/ressources\/code-de-conduite\/","name":"Code de conduite - WOMEN IN MUSIC CANADA","isPartOf":{"@id":"https:\/\/womeninmusic.ca\/fr\/#website"},"primaryImageOfPage":{"@id":"https:\/\/womeninmusic.ca\/fr\/ressources\/code-de-conduite\/#primaryimage"},"image":{"@id":"https:\/\/womeninmusic.ca\/fr\/ressources\/code-de-conduite\/#primaryimage"},"thumbnailUrl":"https:\/\/womeninmusic.ca\/wp-content\/uploads\/2025\/10\/RTC_logo-29570935.webp","datePublished":"2025-10-15T11:51:52+00:00","dateModified":"2025-10-23T18:36:25+00:00","breadcrumb":{"@id":"https:\/\/womeninmusic.ca\/fr\/ressources\/code-de-conduite\/#breadcrumb"},"inLanguage":"fr-FR","potentialAction":[{"@type":"ReadAction","target":["https:\/\/womeninmusic.ca\/fr\/ressources\/code-de-conduite\/"]}]},{"@type":"ImageObject","inLanguage":"fr-FR","@id":"https:\/\/womeninmusic.ca\/fr\/ressources\/code-de-conduite\/#primaryimage","url":"https:\/\/womeninmusic.ca\/wp-content\/uploads\/2025\/10\/RTC_logo-29570935.webp","contentUrl":"https:\/\/womeninmusic.ca\/wp-content\/uploads\/2025\/10\/RTC_logo-29570935.webp"},{"@type":"BreadcrumbList","@id":"https:\/\/womeninmusic.ca\/fr\/ressources\/code-de-conduite\/#breadcrumb","itemListElement":[{"@type":"ListItem","position":1,"name":"Home","item":"https:\/\/womeninmusic.ca\/fr\/accueil\/"},{"@type":"ListItem","position":2,"name":"Ressources","item":"https:\/\/womeninmusic.ca\/fr\/resources\/"},{"@type":"ListItem","position":3,"name":"Code de conduite"}]},{"@type":"WebSite","@id":"https:\/\/womeninmusic.ca\/fr\/#website","url":"https:\/\/womeninmusic.ca\/fr\/","name":"WOMEN IN MUSIC CANADA","description":"","publisher":{"@id":"https:\/\/womeninmusic.ca\/fr\/#organization"},"potentialAction":[{"@type":"SearchAction","target":{"@type":"EntryPoint","urlTemplate":"https:\/\/womeninmusic.ca\/fr\/?s={search_term_string}"},"query-input":{"@type":"PropertyValueSpecification","valueRequired":true,"valueName":"search_term_string"}}],"inLanguage":"fr-FR"},{"@type":"Organization","@id":"https:\/\/womeninmusic.ca\/fr\/#organization","name":"WOMEN IN MUSIC CANADA","url":"https:\/\/womeninmusic.ca\/fr\/","logo":{"@type":"ImageObject","inLanguage":"fr-FR","@id":"https:\/\/womeninmusic.ca\/fr\/#\/schema\/logo\/image\/","url":"https:\/\/womeninmusic.ca\/wp-content\/uploads\/2025\/09\/WIM_CDA_Logo_Horizontal-782fc697.webp","contentUrl":"https:\/\/womeninmusic.ca\/wp-content\/uploads\/2025\/09\/WIM_CDA_Logo_Horizontal-782fc697.webp","width":301,"height":60,"caption":"WOMEN IN MUSIC CANADA"},"image":{"@id":"https:\/\/womeninmusic.ca\/fr\/#\/schema\/logo\/image\/"}}]}},"_links":{"self":[{"href":"https:\/\/womeninmusic.ca\/fr\/wp-json\/wp\/v2\/pages\/1443","targetHints":{"allow":["GET"]}}],"collection":[{"href":"https:\/\/womeninmusic.ca\/fr\/wp-json\/wp\/v2\/pages"}],"about":[{"href":"https:\/\/womeninmusic.ca\/fr\/wp-json\/wp\/v2\/types\/page"}],"author":[{"embeddable":true,"href":"https:\/\/womeninmusic.ca\/fr\/wp-json\/wp\/v2\/users\/1"}],"replies":[{"embeddable":true,"href":"https:\/\/womeninmusic.ca\/fr\/wp-json\/wp\/v2\/comments?post=1443"}],"version-history":[{"count":1,"href":"https:\/\/womeninmusic.ca\/fr\/wp-json\/wp\/v2\/pages\/1443\/revisions"}],"predecessor-version":[{"id":1450,"href":"https:\/\/womeninmusic.ca\/fr\/wp-json\/wp\/v2\/pages\/1443\/revisions\/1450"}],"up":[{"embeddable":true,"href":"https:\/\/womeninmusic.ca\/fr\/wp-json\/wp\/v2\/pages\/1180"}],"wp:attachment":[{"href":"https:\/\/womeninmusic.ca\/fr\/wp-json\/wp\/v2\/media?parent=1443"}],"curies":[{"name":"wp","href":"https:\/\/api.w.org\/{rel}","templated":true}]}}