{"id":1444,"date":"2025-10-15T07:43:57","date_gmt":"2025-10-15T11:43:57","guid":{"rendered":"https:\/\/womeninmusic.ca\/toronto\/"},"modified":"2025-10-23T14:36:29","modified_gmt":"2025-10-23T18:36:29","slug":"toronto","status":"publish","type":"page","link":"https:\/\/womeninmusic.ca\/fr\/chapitres\/toronto\/","title":{"rendered":"Toronto"},"content":{"rendered":"\t\t<div data-elementor-type=\"wp-page\" data-elementor-id=\"1444\" class=\"elementor elementor-1444 elementor-511\" data-elementor-post-type=\"page\">\n\t\t\t\t<div class=\"elementor-element elementor-element-65fa79b e-flex e-con-boxed e-con e-parent\" data-id=\"65fa79b\" data-element_type=\"container\">\n\t\t\t\t\t<div class=\"e-con-inner\">\n\t\t<div class=\"elementor-element elementor-element-22d811b e-con-full e-flex e-con e-child\" data-id=\"22d811b\" data-element_type=\"container\">\n\t\t<div class=\"elementor-element elementor-element-5876403 e-con-full e-flex e-con e-child\" data-id=\"5876403\" data-element_type=\"container\" data-settings=\"{&quot;background_background&quot;:&quot;classic&quot;}\">\n\t\t\t\t<div class=\"elementor-element elementor-element-136e16d elementor-widget elementor-widget-heading\" data-id=\"136e16d\" data-element_type=\"widget\" data-widget_type=\"heading.default\">\n\t\t\t\t<div class=\"elementor-widget-container\">\n\t\t\t\t\t<p class=\"elementor-heading-title elementor-size-default\">Femmes dans la musique<\/p>\t\t\t\t<\/div>\n\t\t\t\t<\/div>\n\t\t\t\t<div class=\"elementor-element elementor-element-bf4df0c elementor-widget elementor-widget-heading\" data-id=\"bf4df0c\" data-element_type=\"widget\" data-widget_type=\"heading.default\">\n\t\t\t\t<div class=\"elementor-widget-container\">\n\t\t\t\t\t<h2 class=\"elementor-heading-title elementor-size-default\">\u00c9tabli en 2022, Women in Music Toronto propose des vitrines tout au long de l'ann\u00e9e pour les nouveaux cr\u00e9ateurs, et rassemble l'industrie pour partager la communaut\u00e9 et soutenir mutuellement la croissance de carri\u00e8re<\/h2>\t\t\t\t<\/div>\n\t\t\t\t<\/div>\n\t\t\t\t<div class=\"elementor-element elementor-element-0e8be12 elementor-widget elementor-widget-button\" data-id=\"0e8be12\" data-element_type=\"widget\" data-widget_type=\"button.default\">\n\t\t\t\t<div class=\"elementor-widget-container\">\n\t\t\t\t\t\t\t\t\t<div class=\"elementor-button-wrapper\">\n\t\t\t\t\t<a class=\"elementor-button elementor-button-link elementor-size-sm\" href=\"mailto:submissions@womeninmusicto.com\">\n\t\t\t\t\t\t<span class=\"elementor-button-content-wrapper\">\n\t\t\t\t\t\t\t\t\t<span class=\"elementor-button-text\">CONTACT<\/span>\n\t\t\t\t\t<\/span>\n\t\t\t\t\t<\/a>\n\t\t\t\t<\/div>\n\t\t\t\t\t\t\t\t<\/div>\n\t\t\t\t<\/div>\n\t\t\t\t<\/div>\n\t\t\t\t<div class=\"elementor-element elementor-element-8f9e0dd elementor-widget elementor-widget-heading\" data-id=\"8f9e0dd\" data-element_type=\"widget\" data-widget_type=\"heading.default\">\n\t\t\t\t<div class=\"elementor-widget-container\">\n\t\t\t\t\t<h4 class=\"elementor-heading-title elementor-size-default\">DIRECTION<\/h4>\t\t\t\t<\/div>\n\t\t\t\t<\/div>\n\t\t<div class=\"elementor-element elementor-element-4abf939 e-con-full e-flex e-con e-child\" data-id=\"4abf939\" data-element_type=\"container\">\n\t\t<div class=\"elementor-element elementor-element-c8ed2a1 e-con-full e-flex e-con e-child\" data-id=\"c8ed2a1\" data-element_type=\"container\" data-settings=\"{&quot;background_background&quot;:&quot;classic&quot;}\">\n\t\t\t\t<div class=\"elementor-element elementor-element-1200512 elementor-widget elementor-widget-image\" data-id=\"1200512\" data-element_type=\"widget\" data-widget_type=\"image.default\">\n\t\t\t\t<div class=\"elementor-widget-container\">\n\t\t\t\t\t\t\t\t\t\t\t\t\t\t\t<img fetchpriority=\"high\" decoding=\"async\" width=\"350\" height=\"374\" src=\"https:\/\/womeninmusic.ca\/wp-content\/uploads\/2025\/10\/Screenshot-2025-01-16-at-7.25.26PM-9abfd9c8.webp\" class=\"attachment-large size-large wp-image-1446\" alt=\"\" srcset=\"https:\/\/womeninmusic.ca\/wp-content\/uploads\/2025\/10\/Screenshot-2025-01-16-at-7.25.26PM-9abfd9c8.webp 350w, https:\/\/womeninmusic.ca\/wp-content\/uploads\/2025\/10\/Screenshot-2025-01-16-at-7.25.26PM-9abfd9c8-281x300.webp 281w\" sizes=\"(max-width: 350px) 100vw, 350px\" \/>\t\t\t\t\t\t\t\t\t\t\t\t\t\t\t<\/div>\n\t\t\t\t<\/div>\n\t\t\t\t<div class=\"elementor-element elementor-element-7f55314 elementor-widget elementor-widget-heading\" data-id=\"7f55314\" data-element_type=\"widget\" data-widget_type=\"heading.default\">\n\t\t\t\t<div class=\"elementor-widget-container\">\n\t\t\t\t\t<h5 class=\"elementor-heading-title elementor-size-default\">Sharon Hinds<\/h5>\t\t\t\t<\/div>\n\t\t\t\t<\/div>\n\t\t\t\t<div class=\"elementor-element elementor-element-996409e elementor-widget elementor-widget-heading\" data-id=\"996409e\" data-element_type=\"widget\" data-widget_type=\"heading.default\">\n\t\t\t\t<div class=\"elementor-widget-container\">\n\t\t\t\t\t<p class=\"elementor-heading-title elementor-size-default\">Copr\u00e9sidente de Women in Music Toronto<\/p>\t\t\t\t<\/div>\n\t\t\t\t<\/div>\n\t\t\t\t<\/div>\n\t\t<div class=\"elementor-element elementor-element-6b55d7c e-con-full e-flex e-con e-child\" data-id=\"6b55d7c\" data-element_type=\"container\" data-settings=\"{&quot;background_background&quot;:&quot;classic&quot;}\">\n\t\t\t\t<div class=\"elementor-element elementor-element-418aca7 elementor-widget elementor-widget-image\" data-id=\"418aca7\" data-element_type=\"widget\" data-widget_type=\"image.default\">\n\t\t\t\t<div class=\"elementor-widget-container\">\n\t\t\t\t\t\t\t\t\t\t\t\t\t\t\t<img decoding=\"async\" width=\"350\" height=\"409\" src=\"https:\/\/womeninmusic.ca\/wp-content\/uploads\/2025\/10\/ElizabethPhipps-Headshot-945c0894.webp\" class=\"attachment-large size-large wp-image-1447\" alt=\"\" srcset=\"https:\/\/womeninmusic.ca\/wp-content\/uploads\/2025\/10\/ElizabethPhipps-Headshot-945c0894.webp 350w, https:\/\/womeninmusic.ca\/wp-content\/uploads\/2025\/10\/ElizabethPhipps-Headshot-945c0894-257x300.webp 257w\" sizes=\"(max-width: 350px) 100vw, 350px\" \/>\t\t\t\t\t\t\t\t\t\t\t\t\t\t\t<\/div>\n\t\t\t\t<\/div>\n\t\t\t\t<div class=\"elementor-element elementor-element-61c0d89 elementor-widget elementor-widget-heading\" data-id=\"61c0d89\" data-element_type=\"widget\" data-widget_type=\"heading.default\">\n\t\t\t\t<div class=\"elementor-widget-container\">\n\t\t\t\t\t<h5 class=\"elementor-heading-title elementor-size-default\">Elizabeth Phipps<\/h5>\t\t\t\t<\/div>\n\t\t\t\t<\/div>\n\t\t\t\t<div class=\"elementor-element elementor-element-c28b4bc elementor-widget elementor-widget-heading\" data-id=\"c28b4bc\" data-element_type=\"widget\" data-widget_type=\"heading.default\">\n\t\t\t\t<div class=\"elementor-widget-container\">\n\t\t\t\t\t<p class=\"elementor-heading-title elementor-size-default\">Copr\u00e9sidente de Women in Music Toronto<\/p>\t\t\t\t<\/div>\n\t\t\t\t<\/div>\n\t\t\t\t<\/div>\n\t\t\t\t<\/div>\n\t\t\t\t<div class=\"elementor-element elementor-element-e430884 elementor-widget elementor-widget-n-accordion\" data-id=\"e430884\" data-element_type=\"widget\" data-settings=\"{&quot;default_state&quot;:&quot;expanded&quot;,&quot;max_items_expended&quot;:&quot;one&quot;,&quot;n_accordion_animation_duration&quot;:{&quot;unit&quot;:&quot;ms&quot;,&quot;size&quot;:400,&quot;sizes&quot;:[]}}\" data-widget_type=\"nested-accordion.default\">\n\t\t\t\t<div class=\"elementor-widget-container\">\n\t\t\t\t\t\t\t<div class=\"e-n-accordion\" aria-label=\"Accordion. Open links with Enter or Space, close with Escape, and navigate with Arrow Keys\">\n\t\t\t\t\t\t<details id=\"e-n-accordion-item-2390\" class=\"e-n-accordion-item\" open>\n\t\t\t\t<summary class=\"e-n-accordion-item-title\" data-accordion-index=\"1\" tabindex=\"0\" aria-expanded=\"true\" aria-controls=\"e-n-accordion-item-2390\" >\n\t\t\t\t\t<span class='e-n-accordion-item-title-header'><div class=\"e-n-accordion-item-title-text\"> \u00c0 propos de Sharon Hinds <\/div><\/span>\n\t\t\t\t\t\t\t<span class='e-n-accordion-item-title-icon'>\n\t\t\t<span class='e-opened' ><i aria-hidden=\"true\" class=\"fas fa-minus\"><\/i><\/span>\n\t\t\t<span class='e-closed'><i aria-hidden=\"true\" class=\"fas fa-plus\"><\/i><\/span>\n\t\t<\/span>\n\n\t\t\t\t\t\t<\/summary>\n\t\t\t\t<div role=\"region\" aria-labelledby=\"e-n-accordion-item-2390\" class=\"elementor-element elementor-element-d270fa6 e-con-full e-flex e-con e-child\" data-id=\"d270fa6\" data-element_type=\"container\">\n\t\t\t\t<div class=\"elementor-element elementor-element-c4efd9e elementor-widget elementor-widget-text-editor\" data-id=\"c4efd9e\" data-element_type=\"widget\" data-widget_type=\"text-editor.default\">\n\t\t\t\t<div class=\"elementor-widget-container\">\n\t\t\t\t\t\t\t\t\t<p>Copr\u00e9sidente de Women in Music Toronto<\/p><p>Sharon Hinds est une leader d&#8217;opinion chevronn\u00e9e avec plus d&#8217;une d\u00e9cennie d&#8217;exp\u00e9rience dans plusieurs industries &#8211; sp\u00e9cialis\u00e9e dans la gestion de projet, le d\u00e9veloppement organisationnel et la philanthropie. Originaire du Guyana, en Am\u00e9rique du Sud, la perspective globale de Sharon a fa\u00e7onn\u00e9 sa carri\u00e8re avec une conviction in\u00e9branlable dans le pouvoir de la diversit\u00e9 et de la collaboration. <\/p><p>Parmi les faits marquants de sa carri\u00e8re impressionnante, citons sa nomination comme premi\u00e8re femme noire au conseil d&#8217;administration de l&#8217;Association canadienne de musique country (CCMA) et le lancement d&#8217;\u00e9quipes op\u00e9rationnelles pour plusieurs formats de radio de diffusion de niche.<\/p><p>Le leadership de Sharon s&#8217;\u00e9tend \u00e0 ses pr\u00e9c\u00e9dents r\u00f4les au sein du conseil d&#8217;administration de Women in Film and Television (WIFT+) et \u00e0 la reconnaissance qu&#8217;elle a re\u00e7ue pour le prix Leadership Trailblazer 2024 de Women in Communications &amp; Technology et le prix 2020 comme l&#8217;une des femmes noires accomplies du Canada (ABC) pour son leadership dans les initiatives philanthropiques communautaires.<\/p><p>Sharon a constamment d\u00e9montr\u00e9 sa capacit\u00e9 \u00e0 combler les \u00e9carts culturels en favorisant des environnements o\u00f9 les voix diverses sont non seulement entendues, mais aussi c\u00e9l\u00e9br\u00e9es.<\/p><p>Sharon travaille actuellement chez Rogers Sports &amp; Media en tant que responsable des op\u00e9rations de revenus.<\/p>\t\t\t\t\t\t\t\t<\/div>\n\t\t\t\t<\/div>\n\t\t\t\t<\/div>\n\t\t\t\t\t<\/details>\n\t\t\t\t\t\t<details id=\"e-n-accordion-item-2391\" class=\"e-n-accordion-item\" >\n\t\t\t\t<summary class=\"e-n-accordion-item-title\" data-accordion-index=\"2\" tabindex=\"-1\" aria-expanded=\"false\" aria-controls=\"e-n-accordion-item-2391\" >\n\t\t\t\t\t<span class='e-n-accordion-item-title-header'><div class=\"e-n-accordion-item-title-text\"> \u00c0 propos d'Elizabeth Phipps <\/div><\/span>\n\t\t\t\t\t\t\t<span class='e-n-accordion-item-title-icon'>\n\t\t\t<span class='e-opened' ><i aria-hidden=\"true\" class=\"fas fa-minus\"><\/i><\/span>\n\t\t\t<span class='e-closed'><i aria-hidden=\"true\" class=\"fas fa-plus\"><\/i><\/span>\n\t\t<\/span>\n\n\t\t\t\t\t\t<\/summary>\n\t\t\t\t<div role=\"region\" aria-labelledby=\"e-n-accordion-item-2391\" class=\"elementor-element elementor-element-d667dd8 e-flex e-con-boxed e-con e-child\" data-id=\"d667dd8\" data-element_type=\"container\">\n\t\t\t\t\t<div class=\"e-con-inner\">\n\t\t\t\t<div class=\"elementor-element elementor-element-36b6f64 elementor-widget elementor-widget-text-editor\" data-id=\"36b6f64\" data-element_type=\"widget\" data-widget_type=\"text-editor.default\">\n\t\t\t\t<div class=\"elementor-widget-container\">\n\t\t\t\t\t\t\t\t\t<p>Copr\u00e9sidente de Women in Music Toronto<\/p><p>Elizabeth Phipps apporte plus d&#8217;une d\u00e9cennie d&#8217;exp\u00e9rience dans l&#8217;industrie musicale, o\u00f9 elle s&#8217;est forg\u00e9 une r\u00e9putation exceptionnelle dans la promotion des artistes canadiens. En 2010, elle a commenc\u00e9 son parcours avec son blog musical, Torontette, qui mettait en lumi\u00e8re les groupes locaux et les interviews d&#8217;artistes. L&#8217;ann\u00e9e suivante, Elizabeth a rejoint Sony Music Canada en tant que responsable des m\u00e9dias sociaux, passant ensuite \u00e0 la gestion d&#8217;artistes &#8211; dirigeant des campagnes pour des ic\u00f4nes mondiales telles que Justin Timberlake, Travis Scott et Miley Cyrus.  <\/p><p>Au cours de ses cinq ann\u00e9es chez AWAL, sa passion pour le d\u00e9veloppement des artistes a \u00e9volu\u00e9, jouant un r\u00f4le central dans l&#8217;\u00e9tablissement du bureau de Toronto tout en travaillant avec des artistes \u00e9mergents comme Luna Li, Lu Kala et The Beaches.<\/p><p>Elizabeth dirige actuellement l&#8217;\u00e9quipe des partenariats avec les artistes et les labels de Spotify Canada. Elizabeth se consacre \u00e0 l&#8217;autonomisation des artistes, au renforcement des connexions de l&#8217;industrie et \u00e0 la cr\u00e9ation d&#8217;une communaut\u00e9 musicale florissante. <\/p>\t\t\t\t\t\t\t\t<\/div>\n\t\t\t\t<\/div>\n\t\t\t\t\t<\/div>\n\t\t\t\t<\/div>\n\t\t\t\t\t<\/details>\n\t\t\t\t\t<\/div>\n\t\t\t\t\t\t<\/div>\n\t\t\t\t<\/div>\n\t\t\t\t<div class=\"elementor-element elementor-element-64be05b elementor-widget elementor-widget-image\" data-id=\"64be05b\" data-element_type=\"widget\" data-widget_type=\"image.default\">\n\t\t\t\t<div class=\"elementor-widget-container\">\n\t\t\t\t\t\t\t\t\t\t\t\t\t\t\t<img decoding=\"async\" width=\"800\" height=\"800\" src=\"https:\/\/womeninmusic.ca\/wp-content\/uploads\/2025\/10\/WIM-TORONTO-EVENT-c79a9a46-1024x1024.webp\" class=\"attachment-large size-large wp-image-1448\" alt=\"\" srcset=\"https:\/\/womeninmusic.ca\/wp-content\/uploads\/2025\/10\/WIM-TORONTO-EVENT-c79a9a46-1024x1024.webp 1024w, https:\/\/womeninmusic.ca\/wp-content\/uploads\/2025\/10\/WIM-TORONTO-EVENT-c79a9a46-300x300.webp 300w, https:\/\/womeninmusic.ca\/wp-content\/uploads\/2025\/10\/WIM-TORONTO-EVENT-c79a9a46-150x150.webp 150w, https:\/\/womeninmusic.ca\/wp-content\/uploads\/2025\/10\/WIM-TORONTO-EVENT-c79a9a46-768x768.webp 768w, https:\/\/womeninmusic.ca\/wp-content\/uploads\/2025\/10\/WIM-TORONTO-EVENT-c79a9a46.webp 1080w\" sizes=\"(max-width: 800px) 100vw, 800px\" \/>\t\t\t\t\t\t\t\t\t\t\t\t\t\t\t<\/div>\n\t\t\t\t<\/div>\n\t\t<div class=\"elementor-element elementor-element-d5bfe06 e-con-full e-flex e-con e-child\" data-id=\"d5bfe06\" data-element_type=\"container\" data-settings=\"{&quot;background_background&quot;:&quot;classic&quot;}\">\n\t\t\t\t<div class=\"elementor-element elementor-element-0e027fd elementor-widget elementor-widget-heading\" data-id=\"0e027fd\" data-element_type=\"widget\" data-widget_type=\"heading.default\">\n\t\t\t\t<div class=\"elementor-widget-container\">\n\t\t\t\t\t<h4 class=\"elementor-heading-title elementor-size-default\">SE CONNECTER<\/h4>\t\t\t\t<\/div>\n\t\t\t\t<\/div>\n\t\t\t\t<div class=\"elementor-element elementor-element-6105c57 elementor-widget elementor-widget-text-editor\" data-id=\"6105c57\" data-element_type=\"widget\" data-widget_type=\"text-editor.default\">\n\t\t\t\t<div class=\"elementor-widget-container\">\n\t\t\t\t\t\t\t\t\t<p>Actualit\u00e9s et liens<\/p><p>E-mail : toronto@womeninmusic.ca<\/p><p>Instagram : bient\u00f4t disponible<\/p><p>Facebook : <a href=\"https:\/\/www.facebook.com\/womeninmusicto\" target=\"_blank\" rel=\"noopener noreferrer\">b<\/a>ient\u00f4t disponible<\/p>\t\t\t\t\t\t\t\t<\/div>\n\t\t\t\t<\/div>\n\t\t\t\t<\/div>\n\t\t\t\t<\/div>\n\t\t\t\t\t<\/div>\n\t\t\t\t<\/div>\n\t\t\t\t<\/div>\n\t\t","protected":false},"excerpt":{"rendered":"<p>Femmes dans la musique \u00c9tabli en 2022, Women in Music Toronto propose des vitrines tout au long de l&#8217;ann\u00e9e pour les nouveaux cr\u00e9ateurs, et rassemble l&#8217;industrie pour partager la communaut\u00e9 [&hellip;]<\/p>\n","protected":false},"author":1,"featured_media":0,"parent":1530,"menu_order":0,"comment_status":"closed","ping_status":"closed","template":"","meta":{"_acf_changed":false,"footnotes":""},"class_list":["post-1444","page","type-page","status-publish","hentry"],"acf":[],"yoast_head":"<!-- This site is optimized with the Yoast SEO plugin v26.8 - https:\/\/yoast.com\/product\/yoast-seo-wordpress\/ -->\n<title>Toronto - WOMEN IN MUSIC CANADA<\/title>\n<meta name=\"robots\" content=\"index, follow, max-snippet:-1, max-image-preview:large, max-video-preview:-1\" \/>\n<link rel=\"canonical\" href=\"https:\/\/womeninmusic.ca\/fr\/chapitres\/toronto\/\" \/>\n<meta property=\"og:locale\" content=\"fr_FR\" \/>\n<meta property=\"og:type\" content=\"article\" \/>\n<meta property=\"og:title\" content=\"Toronto - WOMEN IN MUSIC CANADA\" \/>\n<meta property=\"og:description\" content=\"Femmes dans la musique \u00c9tabli en 2022, Women in Music Toronto propose des vitrines tout au long de l&#8217;ann\u00e9e pour les nouveaux cr\u00e9ateurs, et rassemble l&#8217;industrie pour partager la communaut\u00e9 [&hellip;]\" \/>\n<meta property=\"og:url\" content=\"https:\/\/womeninmusic.ca\/fr\/chapitres\/toronto\/\" \/>\n<meta property=\"og:site_name\" content=\"WOMEN IN MUSIC CANADA\" \/>\n<meta property=\"article:modified_time\" content=\"2025-10-23T18:36:29+00:00\" \/>\n<meta property=\"og:image\" content=\"https:\/\/womeninmusic.ca\/wp-content\/uploads\/2025\/10\/Screenshot-2025-01-16-at-7.25.26PM-9abfd9c8.webp\" \/>\n\t<meta property=\"og:image:width\" content=\"350\" \/>\n\t<meta property=\"og:image:height\" content=\"374\" \/>\n\t<meta property=\"og:image:type\" content=\"image\/webp\" \/>\n<meta name=\"twitter:card\" content=\"summary_large_image\" \/>\n<meta name=\"twitter:label1\" content=\"Dur\u00e9e de lecture estim\u00e9e\" \/>\n\t<meta name=\"twitter:data1\" content=\"5 minutes\" \/>\n<script type=\"application\/ld+json\" class=\"yoast-schema-graph\">{\"@context\":\"https:\/\/schema.org\",\"@graph\":[{\"@type\":\"WebPage\",\"@id\":\"https:\/\/womeninmusic.ca\/fr\/chapitres\/toronto\/\",\"url\":\"https:\/\/womeninmusic.ca\/fr\/chapitres\/toronto\/\",\"name\":\"Toronto - WOMEN IN MUSIC CANADA\",\"isPartOf\":{\"@id\":\"https:\/\/womeninmusic.ca\/fr\/#website\"},\"primaryImageOfPage\":{\"@id\":\"https:\/\/womeninmusic.ca\/fr\/chapitres\/toronto\/#primaryimage\"},\"image\":{\"@id\":\"https:\/\/womeninmusic.ca\/fr\/chapitres\/toronto\/#primaryimage\"},\"thumbnailUrl\":\"https:\/\/womeninmusic.ca\/wp-content\/uploads\/2025\/10\/Screenshot-2025-01-16-at-7.25.26PM-9abfd9c8.webp\",\"datePublished\":\"2025-10-15T11:43:57+00:00\",\"dateModified\":\"2025-10-23T18:36:29+00:00\",\"breadcrumb\":{\"@id\":\"https:\/\/womeninmusic.ca\/fr\/chapitres\/toronto\/#breadcrumb\"},\"inLanguage\":\"fr-FR\",\"potentialAction\":[{\"@type\":\"ReadAction\",\"target\":[\"https:\/\/womeninmusic.ca\/fr\/chapitres\/toronto\/\"]}]},{\"@type\":\"ImageObject\",\"inLanguage\":\"fr-FR\",\"@id\":\"https:\/\/womeninmusic.ca\/fr\/chapitres\/toronto\/#primaryimage\",\"url\":\"https:\/\/womeninmusic.ca\/wp-content\/uploads\/2025\/10\/Screenshot-2025-01-16-at-7.25.26PM-9abfd9c8.webp\",\"contentUrl\":\"https:\/\/womeninmusic.ca\/wp-content\/uploads\/2025\/10\/Screenshot-2025-01-16-at-7.25.26PM-9abfd9c8.webp\"},{\"@type\":\"BreadcrumbList\",\"@id\":\"https:\/\/womeninmusic.ca\/fr\/chapitres\/toronto\/#breadcrumb\",\"itemListElement\":[{\"@type\":\"ListItem\",\"position\":1,\"name\":\"Home\",\"item\":\"https:\/\/womeninmusic.ca\/fr\/accueil\/\"},{\"@type\":\"ListItem\",\"position\":2,\"name\":\"Chapitres\",\"item\":\"https:\/\/womeninmusic.ca\/fr\/chapitres\/\"},{\"@type\":\"ListItem\",\"position\":3,\"name\":\"Toronto\"}]},{\"@type\":\"WebSite\",\"@id\":\"https:\/\/womeninmusic.ca\/fr\/#website\",\"url\":\"https:\/\/womeninmusic.ca\/fr\/\",\"name\":\"WOMEN IN MUSIC CANADA\",\"description\":\"\",\"publisher\":{\"@id\":\"https:\/\/womeninmusic.ca\/fr\/#organization\"},\"potentialAction\":[{\"@type\":\"SearchAction\",\"target\":{\"@type\":\"EntryPoint\",\"urlTemplate\":\"https:\/\/womeninmusic.ca\/fr\/?s={search_term_string}\"},\"query-input\":{\"@type\":\"PropertyValueSpecification\",\"valueRequired\":true,\"valueName\":\"search_term_string\"}}],\"inLanguage\":\"fr-FR\"},{\"@type\":\"Organization\",\"@id\":\"https:\/\/womeninmusic.ca\/fr\/#organization\",\"name\":\"WOMEN IN MUSIC CANADA\",\"url\":\"https:\/\/womeninmusic.ca\/fr\/\",\"logo\":{\"@type\":\"ImageObject\",\"inLanguage\":\"fr-FR\",\"@id\":\"https:\/\/womeninmusic.ca\/fr\/#\/schema\/logo\/image\/\",\"url\":\"https:\/\/womeninmusic.ca\/wp-content\/uploads\/2025\/09\/WIM_CDA_Logo_Horizontal-782fc697.webp\",\"contentUrl\":\"https:\/\/womeninmusic.ca\/wp-content\/uploads\/2025\/09\/WIM_CDA_Logo_Horizontal-782fc697.webp\",\"width\":301,\"height\":60,\"caption\":\"WOMEN IN MUSIC CANADA\"},\"image\":{\"@id\":\"https:\/\/womeninmusic.ca\/fr\/#\/schema\/logo\/image\/\"}}]}<\/script>\n<!-- \/ Yoast SEO plugin. -->","yoast_head_json":{"title":"Toronto - WOMEN IN MUSIC CANADA","robots":{"index":"index","follow":"follow","max-snippet":"max-snippet:-1","max-image-preview":"max-image-preview:large","max-video-preview":"max-video-preview:-1"},"canonical":"https:\/\/womeninmusic.ca\/fr\/chapitres\/toronto\/","og_locale":"fr_FR","og_type":"article","og_title":"Toronto - WOMEN IN MUSIC CANADA","og_description":"Femmes dans la musique \u00c9tabli en 2022, Women in Music Toronto propose des vitrines tout au long de l&#8217;ann\u00e9e pour les nouveaux cr\u00e9ateurs, et rassemble l&#8217;industrie pour partager la communaut\u00e9 [&hellip;]","og_url":"https:\/\/womeninmusic.ca\/fr\/chapitres\/toronto\/","og_site_name":"WOMEN IN MUSIC CANADA","article_modified_time":"2025-10-23T18:36:29+00:00","og_image":[{"width":350,"height":374,"url":"https:\/\/womeninmusic.ca\/wp-content\/uploads\/2025\/10\/Screenshot-2025-01-16-at-7.25.26PM-9abfd9c8.webp","type":"image\/webp"}],"twitter_card":"summary_large_image","twitter_misc":{"Dur\u00e9e de lecture estim\u00e9e":"5 minutes"},"schema":{"@context":"https:\/\/schema.org","@graph":[{"@type":"WebPage","@id":"https:\/\/womeninmusic.ca\/fr\/chapitres\/toronto\/","url":"https:\/\/womeninmusic.ca\/fr\/chapitres\/toronto\/","name":"Toronto - WOMEN IN MUSIC CANADA","isPartOf":{"@id":"https:\/\/womeninmusic.ca\/fr\/#website"},"primaryImageOfPage":{"@id":"https:\/\/womeninmusic.ca\/fr\/chapitres\/toronto\/#primaryimage"},"image":{"@id":"https:\/\/womeninmusic.ca\/fr\/chapitres\/toronto\/#primaryimage"},"thumbnailUrl":"https:\/\/womeninmusic.ca\/wp-content\/uploads\/2025\/10\/Screenshot-2025-01-16-at-7.25.26PM-9abfd9c8.webp","datePublished":"2025-10-15T11:43:57+00:00","dateModified":"2025-10-23T18:36:29+00:00","breadcrumb":{"@id":"https:\/\/womeninmusic.ca\/fr\/chapitres\/toronto\/#breadcrumb"},"inLanguage":"fr-FR","potentialAction":[{"@type":"ReadAction","target":["https:\/\/womeninmusic.ca\/fr\/chapitres\/toronto\/"]}]},{"@type":"ImageObject","inLanguage":"fr-FR","@id":"https:\/\/womeninmusic.ca\/fr\/chapitres\/toronto\/#primaryimage","url":"https:\/\/womeninmusic.ca\/wp-content\/uploads\/2025\/10\/Screenshot-2025-01-16-at-7.25.26PM-9abfd9c8.webp","contentUrl":"https:\/\/womeninmusic.ca\/wp-content\/uploads\/2025\/10\/Screenshot-2025-01-16-at-7.25.26PM-9abfd9c8.webp"},{"@type":"BreadcrumbList","@id":"https:\/\/womeninmusic.ca\/fr\/chapitres\/toronto\/#breadcrumb","itemListElement":[{"@type":"ListItem","position":1,"name":"Home","item":"https:\/\/womeninmusic.ca\/fr\/accueil\/"},{"@type":"ListItem","position":2,"name":"Chapitres","item":"https:\/\/womeninmusic.ca\/fr\/chapitres\/"},{"@type":"ListItem","position":3,"name":"Toronto"}]},{"@type":"WebSite","@id":"https:\/\/womeninmusic.ca\/fr\/#website","url":"https:\/\/womeninmusic.ca\/fr\/","name":"WOMEN IN MUSIC CANADA","description":"","publisher":{"@id":"https:\/\/womeninmusic.ca\/fr\/#organization"},"potentialAction":[{"@type":"SearchAction","target":{"@type":"EntryPoint","urlTemplate":"https:\/\/womeninmusic.ca\/fr\/?s={search_term_string}"},"query-input":{"@type":"PropertyValueSpecification","valueRequired":true,"valueName":"search_term_string"}}],"inLanguage":"fr-FR"},{"@type":"Organization","@id":"https:\/\/womeninmusic.ca\/fr\/#organization","name":"WOMEN IN MUSIC CANADA","url":"https:\/\/womeninmusic.ca\/fr\/","logo":{"@type":"ImageObject","inLanguage":"fr-FR","@id":"https:\/\/womeninmusic.ca\/fr\/#\/schema\/logo\/image\/","url":"https:\/\/womeninmusic.ca\/wp-content\/uploads\/2025\/09\/WIM_CDA_Logo_Horizontal-782fc697.webp","contentUrl":"https:\/\/womeninmusic.ca\/wp-content\/uploads\/2025\/09\/WIM_CDA_Logo_Horizontal-782fc697.webp","width":301,"height":60,"caption":"WOMEN IN MUSIC CANADA"},"image":{"@id":"https:\/\/womeninmusic.ca\/fr\/#\/schema\/logo\/image\/"}}]}},"_links":{"self":[{"href":"https:\/\/womeninmusic.ca\/fr\/wp-json\/wp\/v2\/pages\/1444","targetHints":{"allow":["GET"]}}],"collection":[{"href":"https:\/\/womeninmusic.ca\/fr\/wp-json\/wp\/v2\/pages"}],"about":[{"href":"https:\/\/womeninmusic.ca\/fr\/wp-json\/wp\/v2\/types\/page"}],"author":[{"embeddable":true,"href":"https:\/\/womeninmusic.ca\/fr\/wp-json\/wp\/v2\/users\/1"}],"replies":[{"embeddable":true,"href":"https:\/\/womeninmusic.ca\/fr\/wp-json\/wp\/v2\/comments?post=1444"}],"version-history":[{"count":1,"href":"https:\/\/womeninmusic.ca\/fr\/wp-json\/wp\/v2\/pages\/1444\/revisions"}],"predecessor-version":[{"id":1451,"href":"https:\/\/womeninmusic.ca\/fr\/wp-json\/wp\/v2\/pages\/1444\/revisions\/1451"}],"up":[{"embeddable":true,"href":"https:\/\/womeninmusic.ca\/fr\/wp-json\/wp\/v2\/pages\/1530"}],"wp:attachment":[{"href":"https:\/\/womeninmusic.ca\/fr\/wp-json\/wp\/v2\/media?parent=1444"}],"curies":[{"name":"wp","href":"https:\/\/api.w.org\/{rel}","templated":true}]}}