{"id":1478,"date":"2025-10-15T07:42:26","date_gmt":"2025-10-15T11:42:26","guid":{"rendered":"https:\/\/womeninmusic.ca\/montreal\/"},"modified":"2026-01-28T16:37:13","modified_gmt":"2026-01-28T21:37:13","slug":"montreal","status":"publish","type":"page","link":"https:\/\/womeninmusic.ca\/fr\/chapitres\/montreal\/","title":{"rendered":"Montr\u00e9al"},"content":{"rendered":"\t\t<div data-elementor-type=\"wp-page\" data-elementor-id=\"1478\" class=\"elementor elementor-1478 elementor-503\" data-elementor-post-type=\"page\">\n\t\t\t\t<div class=\"elementor-element elementor-element-2ef2d4c e-flex e-con-boxed e-con e-parent\" data-id=\"2ef2d4c\" data-element_type=\"container\">\n\t\t\t\t\t<div class=\"e-con-inner\">\n\t\t<div class=\"elementor-element elementor-element-6a198f6 e-con-full e-flex e-con e-child\" data-id=\"6a198f6\" data-element_type=\"container\">\n\t\t<div class=\"elementor-element elementor-element-ee899d5 e-con-full e-flex e-con e-child\" data-id=\"ee899d5\" data-element_type=\"container\" data-settings=\"{&quot;background_background&quot;:&quot;classic&quot;}\">\n\t\t\t\t<div class=\"elementor-element elementor-element-e453d2c elementor-widget elementor-widget-heading\" data-id=\"e453d2c\" data-element_type=\"widget\" data-widget_type=\"heading.default\">\n\t\t\t\t<div class=\"elementor-widget-container\">\n\t\t\t\t\t<p class=\"elementor-heading-title elementor-size-default\">Femmes dans la musique<\/p>\t\t\t\t<\/div>\n\t\t\t\t<\/div>\n\t\t\t\t<div class=\"elementor-element elementor-element-b977a07 elementor-widget elementor-widget-heading\" data-id=\"b977a07\" data-element_type=\"widget\" data-widget_type=\"heading.default\">\n\t\t\t\t<div class=\"elementor-widget-container\">\n\t\t\t\t\t<h2 class=\"elementor-heading-title elementor-size-default\">C'est avec beaucoup d'enthousiasme que nous avons lanc\u00e9 MTL Women in Music le 8 mars 2017, le chapitre qu\u00e9b\u00e9cois de l'organisme \u00e0 but non lucratif international du m\u00eame nom cr\u00e9\u00e9 \u00e0 New York en 1985. Brunchs de r\u00e9seautage tous les premiers dimanches du mois et autres activit\u00e9s. <\/h2>\t\t\t\t<\/div>\n\t\t\t\t<\/div>\n\t\t\t\t<div class=\"elementor-element elementor-element-20f147f elementor-widget elementor-widget-button\" data-id=\"20f147f\" data-element_type=\"widget\" data-widget_type=\"button.default\">\n\t\t\t\t<div class=\"elementor-widget-container\">\n\t\t\t\t\t\t\t\t\t<div class=\"elementor-button-wrapper\">\n\t\t\t\t\t<a class=\"elementor-button elementor-button-link elementor-size-sm\" href=\"https:\/\/docs.google.com\/forms\/d\/e\/1FAIpQLSf1pXpfBSWz5Sw8_3HO9CSNjAYpg5GICYZz7AiVI2AC_MMdQA\/viewform?c=0&#038;w=1\">\n\t\t\t\t\t\t<span class=\"elementor-button-content-wrapper\">\n\t\t\t\t\t\t\t\t\t<span class=\"elementor-button-text\">S'inscrire<\/span>\n\t\t\t\t\t<\/span>\n\t\t\t\t\t<\/a>\n\t\t\t\t<\/div>\n\t\t\t\t\t\t\t\t<\/div>\n\t\t\t\t<\/div>\n\t\t\t\t<\/div>\n\t\t\t\t<div class=\"elementor-element elementor-element-ce24e8a elementor-widget elementor-widget-heading\" data-id=\"ce24e8a\" data-element_type=\"widget\" data-widget_type=\"heading.default\">\n\t\t\t\t<div class=\"elementor-widget-container\">\n\t\t\t\t\t<h4 class=\"elementor-heading-title elementor-size-default\">DIRECTION<\/h4>\t\t\t\t<\/div>\n\t\t\t\t<\/div>\n\t\t<div class=\"elementor-element elementor-element-d1332a7 e-con-full e-flex e-con e-child\" data-id=\"d1332a7\" data-element_type=\"container\">\n\t\t<div class=\"elementor-element elementor-element-27b5027 e-con-full e-flex e-con e-child\" data-id=\"27b5027\" data-element_type=\"container\" data-settings=\"{&quot;background_background&quot;:&quot;classic&quot;}\">\n\t\t\t\t<div class=\"elementor-element elementor-element-4f0c5f7 elementor-widget elementor-widget-image\" data-id=\"4f0c5f7\" data-element_type=\"widget\" data-widget_type=\"image.default\">\n\t\t\t\t<div class=\"elementor-widget-container\">\n\t\t\t\t\t\t\t\t\t\t\t\t\t\t\t<img fetchpriority=\"high\" decoding=\"async\" width=\"350\" height=\"350\" src=\"https:\/\/womeninmusic.ca\/wp-content\/uploads\/2025\/10\/kyria_kilakos_wimc-27ab9e89.webp\" class=\"attachment-large size-large wp-image-1479\" alt=\"\" srcset=\"https:\/\/womeninmusic.ca\/wp-content\/uploads\/2025\/10\/kyria_kilakos_wimc-27ab9e89.webp 350w, https:\/\/womeninmusic.ca\/wp-content\/uploads\/2025\/10\/kyria_kilakos_wimc-27ab9e89-300x300.webp 300w, https:\/\/womeninmusic.ca\/wp-content\/uploads\/2025\/10\/kyria_kilakos_wimc-27ab9e89-150x150.webp 150w\" sizes=\"(max-width: 350px) 100vw, 350px\" \/>\t\t\t\t\t\t\t\t\t\t\t\t\t\t\t<\/div>\n\t\t\t\t<\/div>\n\t\t\t\t<div class=\"elementor-element elementor-element-0942f2c elementor-widget elementor-widget-heading\" data-id=\"0942f2c\" data-element_type=\"widget\" data-widget_type=\"heading.default\">\n\t\t\t\t<div class=\"elementor-widget-container\">\n\t\t\t\t\t<h5 class=\"elementor-heading-title elementor-size-default\">Kyria kilakos<\/h5>\t\t\t\t<\/div>\n\t\t\t\t<\/div>\n\t\t\t\t<div class=\"elementor-element elementor-element-42d4620 elementor-widget elementor-widget-heading\" data-id=\"42d4620\" data-element_type=\"widget\" data-widget_type=\"heading.default\">\n\t\t\t\t<div class=\"elementor-widget-container\">\n\t\t\t\t\t<p class=\"elementor-heading-title elementor-size-default\">Les femmes dans la musique MTL<\/p>\t\t\t\t<\/div>\n\t\t\t\t<\/div>\n\t\t\t\t<div class=\"elementor-element elementor-element-4f348a0 elementor-widget elementor-widget-button\" data-id=\"4f348a0\" data-element_type=\"widget\" data-widget_type=\"button.default\">\n\t\t\t\t<div class=\"elementor-widget-container\">\n\t\t\t\t\t\t\t\t\t<div class=\"elementor-button-wrapper\">\n\t\t\t\t\t<a class=\"elementor-button elementor-button-link elementor-size-sm\" href=\"mailto:kyria@indica.mu\">\n\t\t\t\t\t\t<span class=\"elementor-button-content-wrapper\">\n\t\t\t\t\t\t\t\t\t<span class=\"elementor-button-text\">COURRIEL<\/span>\n\t\t\t\t\t<\/span>\n\t\t\t\t\t<\/a>\n\t\t\t\t<\/div>\n\t\t\t\t\t\t\t\t<\/div>\n\t\t\t\t<\/div>\n\t\t\t\t<\/div>\n\t\t<div class=\"elementor-element elementor-element-67bbd4d e-con-full e-flex e-con e-child\" data-id=\"67bbd4d\" data-element_type=\"container\" data-settings=\"{&quot;background_background&quot;:&quot;classic&quot;}\">\n\t\t\t\t<div class=\"elementor-element elementor-element-c4a555d elementor-widget elementor-widget-image\" data-id=\"c4a555d\" data-element_type=\"widget\" data-widget_type=\"image.default\">\n\t\t\t\t<div class=\"elementor-widget-container\">\n\t\t\t\t\t\t\t\t\t\t\t\t\t\t\t<img decoding=\"async\" width=\"683\" height=\"1024\" src=\"https:\/\/womeninmusic.ca\/wp-content\/uploads\/2026\/01\/Magali-77-2-683x1024.jpg\" class=\"attachment-large size-large wp-image-7115\" alt=\"\" srcset=\"https:\/\/womeninmusic.ca\/wp-content\/uploads\/2026\/01\/Magali-77-2-683x1024.jpg 683w, https:\/\/womeninmusic.ca\/wp-content\/uploads\/2026\/01\/Magali-77-2-200x300.jpg 200w, https:\/\/womeninmusic.ca\/wp-content\/uploads\/2026\/01\/Magali-77-2-768x1152.jpg 768w, https:\/\/womeninmusic.ca\/wp-content\/uploads\/2026\/01\/Magali-77-2-1024x1536.jpg 1024w, https:\/\/womeninmusic.ca\/wp-content\/uploads\/2026\/01\/Magali-77-2.jpg 1080w\" sizes=\"(max-width: 683px) 100vw, 683px\" \/>\t\t\t\t\t\t\t\t\t\t\t\t\t\t\t<\/div>\n\t\t\t\t<\/div>\n\t\t\t\t<div class=\"elementor-element elementor-element-45eaf3c elementor-widget elementor-widget-heading\" data-id=\"45eaf3c\" data-element_type=\"widget\" data-widget_type=\"heading.default\">\n\t\t\t\t<div class=\"elementor-widget-container\">\n\t\t\t\t\t<h5 class=\"elementor-heading-title elementor-size-default\">Magali Ould<\/h5>\t\t\t\t<\/div>\n\t\t\t\t<\/div>\n\t\t\t\t<div class=\"elementor-element elementor-element-98ea6c3 elementor-widget elementor-widget-heading\" data-id=\"98ea6c3\" data-element_type=\"widget\" data-widget_type=\"heading.default\">\n\t\t\t\t<div class=\"elementor-widget-container\">\n\t\t\t\t\t<p class=\"elementor-heading-title elementor-size-default\">Les femmes dans la musique MTL<\/p>\t\t\t\t<\/div>\n\t\t\t\t<\/div>\n\t\t\t\t<div class=\"elementor-element elementor-element-59f2830 elementor-widget elementor-widget-button\" data-id=\"59f2830\" data-element_type=\"widget\" data-widget_type=\"button.default\">\n\t\t\t\t<div class=\"elementor-widget-container\">\n\t\t\t\t\t\t\t\t\t<div class=\"elementor-button-wrapper\">\n\t\t\t\t\t<a class=\"elementor-button elementor-button-link elementor-size-sm\" href=\"mailto:magali@secretcityrecords.com\">\n\t\t\t\t\t\t<span class=\"elementor-button-content-wrapper\">\n\t\t\t\t\t\t\t\t\t<span class=\"elementor-button-text\">COURRIEL<\/span>\n\t\t\t\t\t<\/span>\n\t\t\t\t\t<\/a>\n\t\t\t\t<\/div>\n\t\t\t\t\t\t\t\t<\/div>\n\t\t\t\t<\/div>\n\t\t\t\t<\/div>\n\t\t\t\t<\/div>\n\t\t<div class=\"elementor-element elementor-element-53e10f2 e-con-full e-flex e-con e-child\" data-id=\"53e10f2\" data-element_type=\"container\" data-settings=\"{&quot;background_background&quot;:&quot;classic&quot;}\">\n\t\t\t\t<div class=\"elementor-element elementor-element-2f8fd64 elementor-widget elementor-widget-heading\" data-id=\"2f8fd64\" data-element_type=\"widget\" data-widget_type=\"heading.default\">\n\t\t\t\t<div class=\"elementor-widget-container\">\n\t\t\t\t\t<h4 class=\"elementor-heading-title elementor-size-default\">SE CONNECTER<\/h4>\t\t\t\t<\/div>\n\t\t\t\t<\/div>\n\t\t\t\t<div class=\"elementor-element elementor-element-0536d6f elementor-widget elementor-widget-text-editor\" data-id=\"0536d6f\" data-element_type=\"widget\" data-widget_type=\"text-editor.default\">\n\t\t\t\t<div class=\"elementor-widget-container\">\n\t\t\t\t\t\t\t\t\t<p>Facebook&nbsp;: @<a href=\"https:\/\/www.facebook.com\/mtlwomeninmusic\/\" target=\"_blank\" rel=\"noopener noreferrer\">mtlwomeninmusic<\/a><\/p><p><a href=\"https:\/\/docs.google.com\/forms\/d\/e\/1FAIpQLSf1pXpfBSWz5Sw8_3HO9CSNjAYpg5GICYZz7AiVI2AC_MMdQA\/viewform?c=0&amp;w=1\" target=\"_blank\" rel=\"noopener noreferrer\">Formulaire d&#8217;inscription<\/a><\/p>\t\t\t\t\t\t\t\t<\/div>\n\t\t\t\t<\/div>\n\t\t\t\t<\/div>\n\t\t<div class=\"elementor-element elementor-element-533a98f e-con-full e-flex e-con e-child\" data-id=\"533a98f\" data-element_type=\"container\" data-settings=\"{&quot;background_background&quot;:&quot;classic&quot;}\">\n\t\t\t\t<div class=\"elementor-element elementor-element-6222ce6 elementor-widget elementor-widget-heading\" data-id=\"6222ce6\" data-element_type=\"widget\" data-widget_type=\"heading.default\">\n\t\t\t\t<div class=\"elementor-widget-container\">\n\t\t\t\t\t<h4 class=\"elementor-heading-title elementor-size-default\">\u00c9V\u00c9NEMENTS \u00c0 VENIR \u00c0 MONTR\u00c9AL<\/h4>\t\t\t\t<\/div>\n\t\t\t\t<\/div>\n\t\t\t\t<div class=\"elementor-element elementor-element-18f7325 elementor-widget elementor-widget-text-editor\" data-id=\"18f7325\" data-element_type=\"widget\" data-widget_type=\"text-editor.default\">\n\t\t\t\t<div class=\"elementor-widget-container\">\n\t\t\t\t\t\t\t\t\t<p>\u00c0 venir<\/p>\t\t\t\t\t\t\t\t<\/div>\n\t\t\t\t<\/div>\n\t\t\t\t<\/div>\n\t\t\t\t<\/div>\n\t\t\t\t\t<\/div>\n\t\t\t\t<\/div>\n\t\t\t\t<\/div>\n\t\t","protected":false},"excerpt":{"rendered":"<p>Femmes dans la musique C&#8217;est avec beaucoup d&#8217;enthousiasme que nous avons lanc\u00e9 MTL Women in Music le 8 mars 2017, le chapitre qu\u00e9b\u00e9cois de l&#8217;organisme \u00e0 but non lucratif international [&hellip;]<\/p>\n","protected":false},"author":1,"featured_media":0,"parent":1530,"menu_order":0,"comment_status":"closed","ping_status":"closed","template":"","meta":{"_acf_changed":false,"footnotes":""},"class_list":["post-1478","page","type-page","status-publish","hentry"],"acf":[],"yoast_head":"<!-- This site is optimized with the Yoast SEO plugin v26.8 - https:\/\/yoast.com\/product\/yoast-seo-wordpress\/ -->\n<title>Montr\u00e9al - WOMEN IN MUSIC CANADA<\/title>\n<meta name=\"robots\" content=\"index, follow, max-snippet:-1, max-image-preview:large, max-video-preview:-1\" \/>\n<link rel=\"canonical\" href=\"https:\/\/womeninmusic.ca\/fr\/chapitres\/montreal\/\" \/>\n<meta property=\"og:locale\" content=\"fr_FR\" \/>\n<meta property=\"og:type\" content=\"article\" \/>\n<meta property=\"og:title\" content=\"Montr\u00e9al - WOMEN IN MUSIC CANADA\" \/>\n<meta property=\"og:description\" content=\"Femmes dans la musique C&#8217;est avec beaucoup d&#8217;enthousiasme que nous avons lanc\u00e9 MTL Women in Music le 8 mars 2017, le chapitre qu\u00e9b\u00e9cois de l&#8217;organisme \u00e0 but non lucratif international [&hellip;]\" \/>\n<meta property=\"og:url\" content=\"https:\/\/womeninmusic.ca\/fr\/chapitres\/montreal\/\" \/>\n<meta property=\"og:site_name\" content=\"WOMEN IN MUSIC CANADA\" \/>\n<meta property=\"article:modified_time\" content=\"2026-01-28T21:37:13+00:00\" \/>\n<meta property=\"og:image\" content=\"https:\/\/womeninmusic.ca\/wp-content\/uploads\/2025\/10\/kyria_kilakos_wimc-27ab9e89.webp\" \/>\n\t<meta property=\"og:image:width\" content=\"350\" \/>\n\t<meta property=\"og:image:height\" content=\"350\" \/>\n\t<meta property=\"og:image:type\" content=\"image\/webp\" \/>\n<meta name=\"twitter:card\" content=\"summary_large_image\" \/>\n<script type=\"application\/ld+json\" class=\"yoast-schema-graph\">{\"@context\":\"https:\/\/schema.org\",\"@graph\":[{\"@type\":\"WebPage\",\"@id\":\"https:\/\/womeninmusic.ca\/fr\/chapitres\/montreal\/\",\"url\":\"https:\/\/womeninmusic.ca\/fr\/chapitres\/montreal\/\",\"name\":\"Montr\u00e9al - WOMEN IN MUSIC CANADA\",\"isPartOf\":{\"@id\":\"https:\/\/womeninmusic.ca\/fr\/#website\"},\"primaryImageOfPage\":{\"@id\":\"https:\/\/womeninmusic.ca\/fr\/chapitres\/montreal\/#primaryimage\"},\"image\":{\"@id\":\"https:\/\/womeninmusic.ca\/fr\/chapitres\/montreal\/#primaryimage\"},\"thumbnailUrl\":\"https:\/\/womeninmusic.ca\/wp-content\/uploads\/2025\/10\/kyria_kilakos_wimc-27ab9e89.webp\",\"datePublished\":\"2025-10-15T11:42:26+00:00\",\"dateModified\":\"2026-01-28T21:37:13+00:00\",\"breadcrumb\":{\"@id\":\"https:\/\/womeninmusic.ca\/fr\/chapitres\/montreal\/#breadcrumb\"},\"inLanguage\":\"fr-FR\",\"potentialAction\":[{\"@type\":\"ReadAction\",\"target\":[\"https:\/\/womeninmusic.ca\/fr\/chapitres\/montreal\/\"]}]},{\"@type\":\"ImageObject\",\"inLanguage\":\"fr-FR\",\"@id\":\"https:\/\/womeninmusic.ca\/fr\/chapitres\/montreal\/#primaryimage\",\"url\":\"https:\/\/womeninmusic.ca\/wp-content\/uploads\/2025\/10\/kyria_kilakos_wimc-27ab9e89.webp\",\"contentUrl\":\"https:\/\/womeninmusic.ca\/wp-content\/uploads\/2025\/10\/kyria_kilakos_wimc-27ab9e89.webp\"},{\"@type\":\"BreadcrumbList\",\"@id\":\"https:\/\/womeninmusic.ca\/fr\/chapitres\/montreal\/#breadcrumb\",\"itemListElement\":[{\"@type\":\"ListItem\",\"position\":1,\"name\":\"Home\",\"item\":\"https:\/\/womeninmusic.ca\/fr\/accueil\/\"},{\"@type\":\"ListItem\",\"position\":2,\"name\":\"Chapitres\",\"item\":\"https:\/\/womeninmusic.ca\/fr\/chapitres\/\"},{\"@type\":\"ListItem\",\"position\":3,\"name\":\"Montr\u00e9al\"}]},{\"@type\":\"WebSite\",\"@id\":\"https:\/\/womeninmusic.ca\/fr\/#website\",\"url\":\"https:\/\/womeninmusic.ca\/fr\/\",\"name\":\"WOMEN IN MUSIC CANADA\",\"description\":\"\",\"publisher\":{\"@id\":\"https:\/\/womeninmusic.ca\/fr\/#organization\"},\"potentialAction\":[{\"@type\":\"SearchAction\",\"target\":{\"@type\":\"EntryPoint\",\"urlTemplate\":\"https:\/\/womeninmusic.ca\/fr\/?s={search_term_string}\"},\"query-input\":{\"@type\":\"PropertyValueSpecification\",\"valueRequired\":true,\"valueName\":\"search_term_string\"}}],\"inLanguage\":\"fr-FR\"},{\"@type\":\"Organization\",\"@id\":\"https:\/\/womeninmusic.ca\/fr\/#organization\",\"name\":\"WOMEN IN MUSIC CANADA\",\"url\":\"https:\/\/womeninmusic.ca\/fr\/\",\"logo\":{\"@type\":\"ImageObject\",\"inLanguage\":\"fr-FR\",\"@id\":\"https:\/\/womeninmusic.ca\/fr\/#\/schema\/logo\/image\/\",\"url\":\"https:\/\/womeninmusic.ca\/wp-content\/uploads\/2025\/09\/WIM_CDA_Logo_Horizontal-782fc697.webp\",\"contentUrl\":\"https:\/\/womeninmusic.ca\/wp-content\/uploads\/2025\/09\/WIM_CDA_Logo_Horizontal-782fc697.webp\",\"width\":301,\"height\":60,\"caption\":\"WOMEN IN MUSIC CANADA\"},\"image\":{\"@id\":\"https:\/\/womeninmusic.ca\/fr\/#\/schema\/logo\/image\/\"}}]}<\/script>\n<!-- \/ Yoast SEO plugin. -->","yoast_head_json":{"title":"Montr\u00e9al - WOMEN IN MUSIC CANADA","robots":{"index":"index","follow":"follow","max-snippet":"max-snippet:-1","max-image-preview":"max-image-preview:large","max-video-preview":"max-video-preview:-1"},"canonical":"https:\/\/womeninmusic.ca\/fr\/chapitres\/montreal\/","og_locale":"fr_FR","og_type":"article","og_title":"Montr\u00e9al - WOMEN IN MUSIC CANADA","og_description":"Femmes dans la musique C&#8217;est avec beaucoup d&#8217;enthousiasme que nous avons lanc\u00e9 MTL Women in Music le 8 mars 2017, le chapitre qu\u00e9b\u00e9cois de l&#8217;organisme \u00e0 but non lucratif international [&hellip;]","og_url":"https:\/\/womeninmusic.ca\/fr\/chapitres\/montreal\/","og_site_name":"WOMEN IN MUSIC CANADA","article_modified_time":"2026-01-28T21:37:13+00:00","og_image":[{"width":350,"height":350,"url":"https:\/\/womeninmusic.ca\/wp-content\/uploads\/2025\/10\/kyria_kilakos_wimc-27ab9e89.webp","type":"image\/webp"}],"twitter_card":"summary_large_image","schema":{"@context":"https:\/\/schema.org","@graph":[{"@type":"WebPage","@id":"https:\/\/womeninmusic.ca\/fr\/chapitres\/montreal\/","url":"https:\/\/womeninmusic.ca\/fr\/chapitres\/montreal\/","name":"Montr\u00e9al - WOMEN IN MUSIC CANADA","isPartOf":{"@id":"https:\/\/womeninmusic.ca\/fr\/#website"},"primaryImageOfPage":{"@id":"https:\/\/womeninmusic.ca\/fr\/chapitres\/montreal\/#primaryimage"},"image":{"@id":"https:\/\/womeninmusic.ca\/fr\/chapitres\/montreal\/#primaryimage"},"thumbnailUrl":"https:\/\/womeninmusic.ca\/wp-content\/uploads\/2025\/10\/kyria_kilakos_wimc-27ab9e89.webp","datePublished":"2025-10-15T11:42:26+00:00","dateModified":"2026-01-28T21:37:13+00:00","breadcrumb":{"@id":"https:\/\/womeninmusic.ca\/fr\/chapitres\/montreal\/#breadcrumb"},"inLanguage":"fr-FR","potentialAction":[{"@type":"ReadAction","target":["https:\/\/womeninmusic.ca\/fr\/chapitres\/montreal\/"]}]},{"@type":"ImageObject","inLanguage":"fr-FR","@id":"https:\/\/womeninmusic.ca\/fr\/chapitres\/montreal\/#primaryimage","url":"https:\/\/womeninmusic.ca\/wp-content\/uploads\/2025\/10\/kyria_kilakos_wimc-27ab9e89.webp","contentUrl":"https:\/\/womeninmusic.ca\/wp-content\/uploads\/2025\/10\/kyria_kilakos_wimc-27ab9e89.webp"},{"@type":"BreadcrumbList","@id":"https:\/\/womeninmusic.ca\/fr\/chapitres\/montreal\/#breadcrumb","itemListElement":[{"@type":"ListItem","position":1,"name":"Home","item":"https:\/\/womeninmusic.ca\/fr\/accueil\/"},{"@type":"ListItem","position":2,"name":"Chapitres","item":"https:\/\/womeninmusic.ca\/fr\/chapitres\/"},{"@type":"ListItem","position":3,"name":"Montr\u00e9al"}]},{"@type":"WebSite","@id":"https:\/\/womeninmusic.ca\/fr\/#website","url":"https:\/\/womeninmusic.ca\/fr\/","name":"WOMEN IN MUSIC CANADA","description":"","publisher":{"@id":"https:\/\/womeninmusic.ca\/fr\/#organization"},"potentialAction":[{"@type":"SearchAction","target":{"@type":"EntryPoint","urlTemplate":"https:\/\/womeninmusic.ca\/fr\/?s={search_term_string}"},"query-input":{"@type":"PropertyValueSpecification","valueRequired":true,"valueName":"search_term_string"}}],"inLanguage":"fr-FR"},{"@type":"Organization","@id":"https:\/\/womeninmusic.ca\/fr\/#organization","name":"WOMEN IN MUSIC CANADA","url":"https:\/\/womeninmusic.ca\/fr\/","logo":{"@type":"ImageObject","inLanguage":"fr-FR","@id":"https:\/\/womeninmusic.ca\/fr\/#\/schema\/logo\/image\/","url":"https:\/\/womeninmusic.ca\/wp-content\/uploads\/2025\/09\/WIM_CDA_Logo_Horizontal-782fc697.webp","contentUrl":"https:\/\/womeninmusic.ca\/wp-content\/uploads\/2025\/09\/WIM_CDA_Logo_Horizontal-782fc697.webp","width":301,"height":60,"caption":"WOMEN IN MUSIC CANADA"},"image":{"@id":"https:\/\/womeninmusic.ca\/fr\/#\/schema\/logo\/image\/"}}]}},"_links":{"self":[{"href":"https:\/\/womeninmusic.ca\/fr\/wp-json\/wp\/v2\/pages\/1478","targetHints":{"allow":["GET"]}}],"collection":[{"href":"https:\/\/womeninmusic.ca\/fr\/wp-json\/wp\/v2\/pages"}],"about":[{"href":"https:\/\/womeninmusic.ca\/fr\/wp-json\/wp\/v2\/types\/page"}],"author":[{"embeddable":true,"href":"https:\/\/womeninmusic.ca\/fr\/wp-json\/wp\/v2\/users\/1"}],"replies":[{"embeddable":true,"href":"https:\/\/womeninmusic.ca\/fr\/wp-json\/wp\/v2\/comments?post=1478"}],"version-history":[{"count":2,"href":"https:\/\/womeninmusic.ca\/fr\/wp-json\/wp\/v2\/pages\/1478\/revisions"}],"predecessor-version":[{"id":7116,"href":"https:\/\/womeninmusic.ca\/fr\/wp-json\/wp\/v2\/pages\/1478\/revisions\/7116"}],"up":[{"embeddable":true,"href":"https:\/\/womeninmusic.ca\/fr\/wp-json\/wp\/v2\/pages\/1530"}],"wp:attachment":[{"href":"https:\/\/womeninmusic.ca\/fr\/wp-json\/wp\/v2\/media?parent=1478"}],"curies":[{"name":"wp","href":"https:\/\/api.w.org\/{rel}","templated":true}]}}