{"id":1484,"date":"2025-10-15T07:44:21","date_gmt":"2025-10-15T11:44:21","guid":{"rendered":"https:\/\/womeninmusic.ca\/yukon\/"},"modified":"2025-10-23T14:36:29","modified_gmt":"2025-10-23T18:36:29","slug":"yukon","status":"publish","type":"page","link":"https:\/\/womeninmusic.ca\/fr\/chapitres\/yukon\/","title":{"rendered":"Yukon"},"content":{"rendered":"\t\t<div data-elementor-type=\"wp-page\" data-elementor-id=\"1484\" class=\"elementor elementor-1484 elementor-513\" data-elementor-post-type=\"page\">\n\t\t\t\t<div class=\"elementor-element elementor-element-a860a89 e-flex e-con-boxed e-con e-parent\" data-id=\"a860a89\" data-element_type=\"container\">\n\t\t\t\t\t<div class=\"e-con-inner\">\n\t\t<div class=\"elementor-element elementor-element-d8e4978 e-con-full e-flex e-con e-child\" data-id=\"d8e4978\" data-element_type=\"container\">\n\t\t<div class=\"elementor-element elementor-element-1ae432d e-con-full e-flex e-con e-child\" data-id=\"1ae432d\" data-element_type=\"container\" data-settings=\"{&quot;background_background&quot;:&quot;classic&quot;}\">\n\t\t\t\t<div class=\"elementor-element elementor-element-1ed79db elementor-widget elementor-widget-heading\" data-id=\"1ed79db\" data-element_type=\"widget\" data-widget_type=\"heading.default\">\n\t\t\t\t<div class=\"elementor-widget-container\">\n\t\t\t\t\t<p class=\"elementor-heading-title elementor-size-default\">Femmes dans la musique<\/p>\t\t\t\t<\/div>\n\t\t\t\t<\/div>\n\t\t\t\t<div class=\"elementor-element elementor-element-e5917da elementor-widget elementor-widget-heading\" data-id=\"e5917da\" data-element_type=\"widget\" data-widget_type=\"heading.default\">\n\t\t\t\t<div class=\"elementor-widget-container\">\n\t\t\t\t\t<h2 class=\"elementor-heading-title elementor-size-default\">\u00c9tabli en 1998<\/h2>\t\t\t\t<\/div>\n\t\t\t\t<\/div>\n\t\t\t\t<div class=\"elementor-element elementor-element-40200d1 elementor-widget elementor-widget-button\" data-id=\"40200d1\" data-element_type=\"widget\" data-widget_type=\"button.default\">\n\t\t\t\t<div class=\"elementor-widget-container\">\n\t\t\t\t\t\t\t\t\t<div class=\"elementor-button-wrapper\">\n\t\t\t\t\t<a class=\"elementor-button elementor-button-link elementor-size-sm\" href=\"mailto:submissions@womeninmusicto.com\">\n\t\t\t\t\t\t<span class=\"elementor-button-content-wrapper\">\n\t\t\t\t\t\t\t\t\t<span class=\"elementor-button-text\">CONTACT<\/span>\n\t\t\t\t\t<\/span>\n\t\t\t\t\t<\/a>\n\t\t\t\t<\/div>\n\t\t\t\t\t\t\t\t<\/div>\n\t\t\t\t<\/div>\n\t\t\t\t<\/div>\n\t\t\t\t<div class=\"elementor-element elementor-element-7d0053b elementor-widget elementor-widget-heading\" data-id=\"7d0053b\" data-element_type=\"widget\" data-widget_type=\"heading.default\">\n\t\t\t\t<div class=\"elementor-widget-container\">\n\t\t\t\t\t<h4 class=\"elementor-heading-title elementor-size-default\">DIRECTION<\/h4>\t\t\t\t<\/div>\n\t\t\t\t<\/div>\n\t\t<div class=\"elementor-element elementor-element-50a50ad e-con-full e-flex e-con e-child\" data-id=\"50a50ad\" data-element_type=\"container\">\n\t\t<div class=\"elementor-element elementor-element-5396bef e-con-full e-flex e-con e-child\" data-id=\"5396bef\" data-element_type=\"container\" data-settings=\"{&quot;background_background&quot;:&quot;classic&quot;}\">\n\t\t\t\t<div class=\"elementor-element elementor-element-a0fbb34 elementor-widget elementor-widget-image\" data-id=\"a0fbb34\" data-element_type=\"widget\" data-widget_type=\"image.default\">\n\t\t\t\t<div class=\"elementor-widget-container\">\n\t\t\t\t\t\t\t\t\t\t\t\t\t\t\t<img fetchpriority=\"high\" decoding=\"async\" width=\"350\" height=\"467\" src=\"https:\/\/womeninmusic.ca\/wp-content\/uploads\/2025\/10\/BD-fe257582.webp\" class=\"attachment-large size-large wp-image-1485\" alt=\"\" srcset=\"https:\/\/womeninmusic.ca\/wp-content\/uploads\/2025\/10\/BD-fe257582.webp 350w, https:\/\/womeninmusic.ca\/wp-content\/uploads\/2025\/10\/BD-fe257582-225x300.webp 225w\" sizes=\"(max-width: 350px) 100vw, 350px\" \/>\t\t\t\t\t\t\t\t\t\t\t\t\t\t\t<\/div>\n\t\t\t\t<\/div>\n\t\t\t\t<div class=\"elementor-element elementor-element-a56e7ca elementor-widget elementor-widget-heading\" data-id=\"a56e7ca\" data-element_type=\"widget\" data-widget_type=\"heading.default\">\n\t\t\t\t<div class=\"elementor-widget-container\">\n\t\t\t\t\t<h5 class=\"elementor-heading-title elementor-size-default\">Beth dart<\/h5>\t\t\t\t<\/div>\n\t\t\t\t<\/div>\n\t\t\t\t<div class=\"elementor-element elementor-element-7c7b4ef elementor-widget elementor-widget-heading\" data-id=\"7c7b4ef\" data-element_type=\"widget\" data-widget_type=\"heading.default\">\n\t\t\t\t<div class=\"elementor-widget-container\">\n\t\t\t\t\t<p class=\"elementor-heading-title elementor-size-default\">Whitehorse<\/p>\t\t\t\t<\/div>\n\t\t\t\t<\/div>\n\t\t\t\t<div class=\"elementor-element elementor-element-a0f6f18 elementor-widget elementor-widget-button\" data-id=\"a0f6f18\" data-element_type=\"widget\" data-widget_type=\"button.default\">\n\t\t\t\t<div class=\"elementor-widget-container\">\n\t\t\t\t\t\t\t\t\t<div class=\"elementor-button-wrapper\">\n\t\t\t\t\t<a class=\"elementor-button elementor-button-link elementor-size-sm\" href=\"mailto:natasha.mandrusiak@gmail.com\">\n\t\t\t\t\t\t<span class=\"elementor-button-content-wrapper\">\n\t\t\t\t\t\t\t\t\t<span class=\"elementor-button-text\">COURRIEL<\/span>\n\t\t\t\t\t<\/span>\n\t\t\t\t\t<\/a>\n\t\t\t\t<\/div>\n\t\t\t\t\t\t\t\t<\/div>\n\t\t\t\t<\/div>\n\t\t\t\t<\/div>\n\t\t\t\t<\/div>\n\t\t<div class=\"elementor-element elementor-element-480a044 e-con-full e-flex e-con e-child\" data-id=\"480a044\" data-element_type=\"container\" data-settings=\"{&quot;background_background&quot;:&quot;classic&quot;}\">\n\t\t\t\t<div class=\"elementor-element elementor-element-6b9303f elementor-widget elementor-widget-heading\" data-id=\"6b9303f\" data-element_type=\"widget\" data-widget_type=\"heading.default\">\n\t\t\t\t<div class=\"elementor-widget-container\">\n\t\t\t\t\t<h4 class=\"elementor-heading-title elementor-size-default\">SE CONNECTER<\/h4>\t\t\t\t<\/div>\n\t\t\t\t<\/div>\n\t\t\t\t<div class=\"elementor-element elementor-element-23cc020 elementor-widget elementor-widget-text-editor\" data-id=\"23cc020\" data-element_type=\"widget\" data-widget_type=\"text-editor.default\">\n\t\t\t\t<div class=\"elementor-widget-container\">\n\t\t\t\t\t\t\t\t\t<p>Facebook : <a href=\"https:\/\/musicyukon.com\/\">music Yukon<\/a>, <a href=\"https:\/\/www.yukonwomeninmusic.com\/\" target=\"_blank\" rel=\"noopener noreferrer\">Yukon women in music<\/a><\/p>\t\t\t\t\t\t\t\t<\/div>\n\t\t\t\t<\/div>\n\t\t\t\t<\/div>\n\t\t<div class=\"elementor-element elementor-element-c191724 e-con-full e-flex e-con e-child\" data-id=\"c191724\" data-element_type=\"container\" data-settings=\"{&quot;background_background&quot;:&quot;classic&quot;}\">\n\t\t\t\t<div class=\"elementor-element elementor-element-9edfaab elementor-widget elementor-widget-heading\" data-id=\"9edfaab\" data-element_type=\"widget\" data-widget_type=\"heading.default\">\n\t\t\t\t<div class=\"elementor-widget-container\">\n\t\t\t\t\t<h4 class=\"elementor-heading-title elementor-size-default\">\u00c9V\u00c9NEMENTS \u00c0 VENIR AU YUKON<\/h4>\t\t\t\t<\/div>\n\t\t\t\t<\/div>\n\t\t\t\t<div class=\"elementor-element elementor-element-17718c9 elementor-widget elementor-widget-text-editor\" data-id=\"17718c9\" data-element_type=\"widget\" data-widget_type=\"text-editor.default\">\n\t\t\t\t<div class=\"elementor-widget-container\">\n\t\t\t\t\t\t\t\t\t<p>Bient\u00f4t disponible<\/p>\t\t\t\t\t\t\t\t<\/div>\n\t\t\t\t<\/div>\n\t\t\t\t<\/div>\n\t\t\t\t<\/div>\n\t\t\t\t\t<\/div>\n\t\t\t\t<\/div>\n\t\t\t\t<\/div>\n\t\t","protected":false},"excerpt":{"rendered":"<p>Femmes dans la musique \u00c9tabli en 1998 CONTACT DIRECTION Beth dart Whitehorse COURRIEL SE CONNECTER Facebook : music Yukon, Yukon women in music \u00c9V\u00c9NEMENTS \u00c0 VENIR AU YUKON Bient\u00f4t disponible<\/p>\n","protected":false},"author":1,"featured_media":0,"parent":1530,"menu_order":0,"comment_status":"closed","ping_status":"closed","template":"","meta":{"_acf_changed":false,"footnotes":""},"class_list":["post-1484","page","type-page","status-publish","hentry"],"acf":[],"yoast_head":"<!-- This site is optimized with the Yoast SEO plugin v26.8 - https:\/\/yoast.com\/product\/yoast-seo-wordpress\/ -->\n<title>Yukon - WOMEN IN MUSIC CANADA<\/title>\n<meta name=\"robots\" content=\"index, follow, max-snippet:-1, max-image-preview:large, max-video-preview:-1\" \/>\n<link rel=\"canonical\" href=\"https:\/\/womeninmusic.ca\/fr\/chapitres\/yukon\/\" \/>\n<meta property=\"og:locale\" content=\"fr_FR\" \/>\n<meta property=\"og:type\" content=\"article\" \/>\n<meta property=\"og:title\" content=\"Yukon - WOMEN IN MUSIC CANADA\" \/>\n<meta property=\"og:description\" content=\"Femmes dans la musique \u00c9tabli en 1998 CONTACT DIRECTION Beth dart Whitehorse COURRIEL SE CONNECTER Facebook : music Yukon, Yukon women in music \u00c9V\u00c9NEMENTS \u00c0 VENIR AU YUKON Bient\u00f4t disponible\" \/>\n<meta property=\"og:url\" content=\"https:\/\/womeninmusic.ca\/fr\/chapitres\/yukon\/\" \/>\n<meta property=\"og:site_name\" content=\"WOMEN IN MUSIC CANADA\" \/>\n<meta property=\"article:modified_time\" content=\"2025-10-23T18:36:29+00:00\" \/>\n<meta property=\"og:image\" content=\"https:\/\/womeninmusic.ca\/wp-content\/uploads\/2025\/10\/BD-fe257582.webp\" \/>\n\t<meta property=\"og:image:width\" content=\"350\" \/>\n\t<meta property=\"og:image:height\" content=\"467\" \/>\n\t<meta property=\"og:image:type\" content=\"image\/webp\" \/>\n<meta name=\"twitter:card\" content=\"summary_large_image\" \/>\n<script type=\"application\/ld+json\" class=\"yoast-schema-graph\">{\"@context\":\"https:\/\/schema.org\",\"@graph\":[{\"@type\":\"WebPage\",\"@id\":\"https:\/\/womeninmusic.ca\/fr\/chapitres\/yukon\/\",\"url\":\"https:\/\/womeninmusic.ca\/fr\/chapitres\/yukon\/\",\"name\":\"Yukon - WOMEN IN MUSIC CANADA\",\"isPartOf\":{\"@id\":\"https:\/\/womeninmusic.ca\/fr\/#website\"},\"primaryImageOfPage\":{\"@id\":\"https:\/\/womeninmusic.ca\/fr\/chapitres\/yukon\/#primaryimage\"},\"image\":{\"@id\":\"https:\/\/womeninmusic.ca\/fr\/chapitres\/yukon\/#primaryimage\"},\"thumbnailUrl\":\"https:\/\/womeninmusic.ca\/wp-content\/uploads\/2025\/10\/BD-fe257582.webp\",\"datePublished\":\"2025-10-15T11:44:21+00:00\",\"dateModified\":\"2025-10-23T18:36:29+00:00\",\"breadcrumb\":{\"@id\":\"https:\/\/womeninmusic.ca\/fr\/chapitres\/yukon\/#breadcrumb\"},\"inLanguage\":\"fr-FR\",\"potentialAction\":[{\"@type\":\"ReadAction\",\"target\":[\"https:\/\/womeninmusic.ca\/fr\/chapitres\/yukon\/\"]}]},{\"@type\":\"ImageObject\",\"inLanguage\":\"fr-FR\",\"@id\":\"https:\/\/womeninmusic.ca\/fr\/chapitres\/yukon\/#primaryimage\",\"url\":\"https:\/\/womeninmusic.ca\/wp-content\/uploads\/2025\/10\/BD-fe257582.webp\",\"contentUrl\":\"https:\/\/womeninmusic.ca\/wp-content\/uploads\/2025\/10\/BD-fe257582.webp\"},{\"@type\":\"BreadcrumbList\",\"@id\":\"https:\/\/womeninmusic.ca\/fr\/chapitres\/yukon\/#breadcrumb\",\"itemListElement\":[{\"@type\":\"ListItem\",\"position\":1,\"name\":\"Home\",\"item\":\"https:\/\/womeninmusic.ca\/fr\/accueil\/\"},{\"@type\":\"ListItem\",\"position\":2,\"name\":\"Chapitres\",\"item\":\"https:\/\/womeninmusic.ca\/fr\/chapitres\/\"},{\"@type\":\"ListItem\",\"position\":3,\"name\":\"Yukon\"}]},{\"@type\":\"WebSite\",\"@id\":\"https:\/\/womeninmusic.ca\/fr\/#website\",\"url\":\"https:\/\/womeninmusic.ca\/fr\/\",\"name\":\"WOMEN IN MUSIC CANADA\",\"description\":\"\",\"publisher\":{\"@id\":\"https:\/\/womeninmusic.ca\/fr\/#organization\"},\"potentialAction\":[{\"@type\":\"SearchAction\",\"target\":{\"@type\":\"EntryPoint\",\"urlTemplate\":\"https:\/\/womeninmusic.ca\/fr\/?s={search_term_string}\"},\"query-input\":{\"@type\":\"PropertyValueSpecification\",\"valueRequired\":true,\"valueName\":\"search_term_string\"}}],\"inLanguage\":\"fr-FR\"},{\"@type\":\"Organization\",\"@id\":\"https:\/\/womeninmusic.ca\/fr\/#organization\",\"name\":\"WOMEN IN MUSIC CANADA\",\"url\":\"https:\/\/womeninmusic.ca\/fr\/\",\"logo\":{\"@type\":\"ImageObject\",\"inLanguage\":\"fr-FR\",\"@id\":\"https:\/\/womeninmusic.ca\/fr\/#\/schema\/logo\/image\/\",\"url\":\"https:\/\/womeninmusic.ca\/wp-content\/uploads\/2025\/09\/WIM_CDA_Logo_Horizontal-782fc697.webp\",\"contentUrl\":\"https:\/\/womeninmusic.ca\/wp-content\/uploads\/2025\/09\/WIM_CDA_Logo_Horizontal-782fc697.webp\",\"width\":301,\"height\":60,\"caption\":\"WOMEN IN MUSIC CANADA\"},\"image\":{\"@id\":\"https:\/\/womeninmusic.ca\/fr\/#\/schema\/logo\/image\/\"}}]}<\/script>\n<!-- \/ Yoast SEO plugin. -->","yoast_head_json":{"title":"Yukon - WOMEN IN MUSIC CANADA","robots":{"index":"index","follow":"follow","max-snippet":"max-snippet:-1","max-image-preview":"max-image-preview:large","max-video-preview":"max-video-preview:-1"},"canonical":"https:\/\/womeninmusic.ca\/fr\/chapitres\/yukon\/","og_locale":"fr_FR","og_type":"article","og_title":"Yukon - WOMEN IN MUSIC CANADA","og_description":"Femmes dans la musique \u00c9tabli en 1998 CONTACT DIRECTION Beth dart Whitehorse COURRIEL SE CONNECTER Facebook : music Yukon, Yukon women in music \u00c9V\u00c9NEMENTS \u00c0 VENIR AU YUKON Bient\u00f4t disponible","og_url":"https:\/\/womeninmusic.ca\/fr\/chapitres\/yukon\/","og_site_name":"WOMEN IN MUSIC CANADA","article_modified_time":"2025-10-23T18:36:29+00:00","og_image":[{"width":350,"height":467,"url":"https:\/\/womeninmusic.ca\/wp-content\/uploads\/2025\/10\/BD-fe257582.webp","type":"image\/webp"}],"twitter_card":"summary_large_image","schema":{"@context":"https:\/\/schema.org","@graph":[{"@type":"WebPage","@id":"https:\/\/womeninmusic.ca\/fr\/chapitres\/yukon\/","url":"https:\/\/womeninmusic.ca\/fr\/chapitres\/yukon\/","name":"Yukon - WOMEN IN MUSIC CANADA","isPartOf":{"@id":"https:\/\/womeninmusic.ca\/fr\/#website"},"primaryImageOfPage":{"@id":"https:\/\/womeninmusic.ca\/fr\/chapitres\/yukon\/#primaryimage"},"image":{"@id":"https:\/\/womeninmusic.ca\/fr\/chapitres\/yukon\/#primaryimage"},"thumbnailUrl":"https:\/\/womeninmusic.ca\/wp-content\/uploads\/2025\/10\/BD-fe257582.webp","datePublished":"2025-10-15T11:44:21+00:00","dateModified":"2025-10-23T18:36:29+00:00","breadcrumb":{"@id":"https:\/\/womeninmusic.ca\/fr\/chapitres\/yukon\/#breadcrumb"},"inLanguage":"fr-FR","potentialAction":[{"@type":"ReadAction","target":["https:\/\/womeninmusic.ca\/fr\/chapitres\/yukon\/"]}]},{"@type":"ImageObject","inLanguage":"fr-FR","@id":"https:\/\/womeninmusic.ca\/fr\/chapitres\/yukon\/#primaryimage","url":"https:\/\/womeninmusic.ca\/wp-content\/uploads\/2025\/10\/BD-fe257582.webp","contentUrl":"https:\/\/womeninmusic.ca\/wp-content\/uploads\/2025\/10\/BD-fe257582.webp"},{"@type":"BreadcrumbList","@id":"https:\/\/womeninmusic.ca\/fr\/chapitres\/yukon\/#breadcrumb","itemListElement":[{"@type":"ListItem","position":1,"name":"Home","item":"https:\/\/womeninmusic.ca\/fr\/accueil\/"},{"@type":"ListItem","position":2,"name":"Chapitres","item":"https:\/\/womeninmusic.ca\/fr\/chapitres\/"},{"@type":"ListItem","position":3,"name":"Yukon"}]},{"@type":"WebSite","@id":"https:\/\/womeninmusic.ca\/fr\/#website","url":"https:\/\/womeninmusic.ca\/fr\/","name":"WOMEN IN MUSIC CANADA","description":"","publisher":{"@id":"https:\/\/womeninmusic.ca\/fr\/#organization"},"potentialAction":[{"@type":"SearchAction","target":{"@type":"EntryPoint","urlTemplate":"https:\/\/womeninmusic.ca\/fr\/?s={search_term_string}"},"query-input":{"@type":"PropertyValueSpecification","valueRequired":true,"valueName":"search_term_string"}}],"inLanguage":"fr-FR"},{"@type":"Organization","@id":"https:\/\/womeninmusic.ca\/fr\/#organization","name":"WOMEN IN MUSIC CANADA","url":"https:\/\/womeninmusic.ca\/fr\/","logo":{"@type":"ImageObject","inLanguage":"fr-FR","@id":"https:\/\/womeninmusic.ca\/fr\/#\/schema\/logo\/image\/","url":"https:\/\/womeninmusic.ca\/wp-content\/uploads\/2025\/09\/WIM_CDA_Logo_Horizontal-782fc697.webp","contentUrl":"https:\/\/womeninmusic.ca\/wp-content\/uploads\/2025\/09\/WIM_CDA_Logo_Horizontal-782fc697.webp","width":301,"height":60,"caption":"WOMEN IN MUSIC CANADA"},"image":{"@id":"https:\/\/womeninmusic.ca\/fr\/#\/schema\/logo\/image\/"}}]}},"_links":{"self":[{"href":"https:\/\/womeninmusic.ca\/fr\/wp-json\/wp\/v2\/pages\/1484","targetHints":{"allow":["GET"]}}],"collection":[{"href":"https:\/\/womeninmusic.ca\/fr\/wp-json\/wp\/v2\/pages"}],"about":[{"href":"https:\/\/womeninmusic.ca\/fr\/wp-json\/wp\/v2\/types\/page"}],"author":[{"embeddable":true,"href":"https:\/\/womeninmusic.ca\/fr\/wp-json\/wp\/v2\/users\/1"}],"replies":[{"embeddable":true,"href":"https:\/\/womeninmusic.ca\/fr\/wp-json\/wp\/v2\/comments?post=1484"}],"version-history":[{"count":1,"href":"https:\/\/womeninmusic.ca\/fr\/wp-json\/wp\/v2\/pages\/1484\/revisions"}],"predecessor-version":[{"id":1487,"href":"https:\/\/womeninmusic.ca\/fr\/wp-json\/wp\/v2\/pages\/1484\/revisions\/1487"}],"up":[{"embeddable":true,"href":"https:\/\/womeninmusic.ca\/fr\/wp-json\/wp\/v2\/pages\/1530"}],"wp:attachment":[{"href":"https:\/\/womeninmusic.ca\/fr\/wp-json\/wp\/v2\/media?parent=1484"}],"curies":[{"name":"wp","href":"https:\/\/api.w.org\/{rel}","templated":true}]}}