{"id":1514,"date":"2025-10-10T02:11:47","date_gmt":"2025-10-10T06:11:47","guid":{"rendered":"https:\/\/womeninmusic.ca\/programmes\/programmation-dexportation\/"},"modified":"2026-01-07T21:57:23","modified_gmt":"2026-01-08T02:57:23","slug":"programmation-dexportation","status":"publish","type":"page","link":"https:\/\/womeninmusic.ca\/fr\/programmes\/programmation-dexportation\/","title":{"rendered":"Programmation d&#8217;exportation"},"content":{"rendered":"\t\t<div data-elementor-type=\"wp-page\" data-elementor-id=\"1514\" class=\"elementor elementor-1514 elementor-328\" data-elementor-post-type=\"page\">\n\t\t\t\t<div class=\"elementor-element elementor-element-7def765 e-flex e-con-boxed e-con e-parent\" data-id=\"7def765\" data-element_type=\"container\">\n\t\t\t\t\t<div class=\"e-con-inner\">\n\t\t\t\t<div class=\"elementor-element elementor-element-0a07a8c elementor-widget elementor-widget-heading\" data-id=\"0a07a8c\" data-element_type=\"widget\" data-widget_type=\"heading.default\">\n\t\t\t\t<div class=\"elementor-widget-container\">\n\t\t\t\t\t<h1 class=\"elementor-heading-title elementor-size-default\">Programmation d'exportation<\/h1>\t\t\t\t<\/div>\n\t\t\t\t<\/div>\n\t\t\t\t<div class=\"elementor-element elementor-element-0be906f elementor-widget elementor-widget-image\" data-id=\"0be906f\" data-element_type=\"widget\" data-widget_type=\"image.default\">\n\t\t\t\t<div class=\"elementor-widget-container\">\n\t\t\t\t\t\t\t\t\t\t\t\t\t\t\t<img fetchpriority=\"high\" decoding=\"async\" width=\"800\" height=\"800\" src=\"https:\/\/womeninmusic.ca\/wp-content\/uploads\/2026\/01\/Copy-of-TMW-Industry-Call-1-1024x1024.png\" class=\"attachment-large size-large wp-image-3110\" alt=\"\" srcset=\"https:\/\/womeninmusic.ca\/wp-content\/uploads\/2026\/01\/Copy-of-TMW-Industry-Call-1-1024x1024.png 1024w, https:\/\/womeninmusic.ca\/wp-content\/uploads\/2026\/01\/Copy-of-TMW-Industry-Call-1-300x300.png 300w, https:\/\/womeninmusic.ca\/wp-content\/uploads\/2026\/01\/Copy-of-TMW-Industry-Call-1-150x150.png 150w, https:\/\/womeninmusic.ca\/wp-content\/uploads\/2026\/01\/Copy-of-TMW-Industry-Call-1-768x768.png 768w, https:\/\/womeninmusic.ca\/wp-content\/uploads\/2026\/01\/Copy-of-TMW-Industry-Call-1.png 1080w\" sizes=\"(max-width: 800px) 100vw, 800px\" \/>\t\t\t\t\t\t\t\t\t\t\t\t\t\t\t<\/div>\n\t\t\t\t<\/div>\n\t\t<div class=\"elementor-element elementor-element-a391574 e-con-full e-flex e-con e-child\" data-id=\"a391574\" data-element_type=\"container\">\n\t\t\t\t<div class=\"elementor-element elementor-element-06099f5 elementor-widget elementor-widget-text-editor\" data-id=\"06099f5\" data-element_type=\"widget\" data-widget_type=\"text-editor.default\">\n\t\t\t\t<div class=\"elementor-widget-container\">\n\t\t\t\t\t\t\t\t\t<div><p><b>Women in Music Canada et Mundial Montr\u00e9al<\/b> pr\u00e9senteront une mission de l&#8217;industrie et des artistes \u00e0 la Tallinn Music Week \u00e0 Tallinn, en Estonie, du 9 au 12 avril 2026.<\/p><h2><b>Cet appel s&#8217;adresse aux d\u00e9l\u00e9gu\u00e9s de l&#8217;industrie canadienne (y compris les artistes autog\u00e9r\u00e9s \u00e0 condition que vous soyez une entreprise enregistr\u00e9e). <\/b><\/h2><p>L\u2019\u00e9v\u00e9nement comprendra :<\/p><ul><li>Un atelier d\u2019acc\u00e8s au march\u00e9, formant les d\u00e9l\u00e9gu\u00e9\u00b7es aux subtilit\u00e9s et aux opportunit\u00e9s du march\u00e9 balte et des principaux march\u00e9s de l\u2019industrie participant \u00e0 TMW, notamment la Finlande, l\u2019Allemagne et le Royaume-Uni. <\/li><li>Des rencontres interentreprises permettant \u00e0 l\u2019industrie canadienne de rencontrer l\u2019industrie internationale.<\/li><li>Un \u00e9v\u00e9nement de r\u00e9seautage pr\u00e9sentant tous les Canadiens et Canadiennes participant\u00b7es.<\/li><li>La participation \u00e0 la conf\u00e9rence et au festival de la Tallinn Music Week (laissez-passer de d\u00e9l\u00e9gu\u00e9\u00b7e fourni).<\/li><li>Une vitrine de six artistes canadien\u00b7nes, pr\u00e9sent\u00e9e avec les partenaires Mundial Montr\u00e9al et Estonian Music Week (artistes \u00e0 annoncer)<\/li><\/ul><p> <\/p><p dir=\"ltr\">Tallinn Music Week 2026 &#8211; 165 artistes de 35 pays<\/p><p dir=\"ltr\">Le festival international de musique nouvelle Tallinn Music Week (TMW) est pr\u00eat pour sa 18e \u00e9dition, qui se d\u00e9roulera dans la capitale estonienne du 9 au 12 avril. La programmation pr\u00e9sente 165 artistes de 35 pays de toute l\u2019Europe, d\u2019Am\u00e9rique du Nord et du Sud, d\u2019Asie de l\u2019Est, d\u2019Afrique, d\u2019Australie et d\u2019Oc\u00e9anie. <\/p><p dir=\"ltr\">La conf\u00e9rence de la Tallinn Music Week aborde des sujets li\u00e9s \u00e0 la musique, allant d\u2019ateliers et de s\u00e9minaires pratiques \u00e0 des conf\u00e9rences inspirantes sur la culture pop et des visions d\u2019avenir intersectorielles. <\/p><p dir=\"ltr\">Le festival Tallinn Music Week est un festival multigenre de talents uniques \u00e0 travers l\u2019Europe et au-del\u00e0, avec des genres vari\u00e9s allant de l\u2019\u00e9lectronique exp\u00e9rimentale au classique dans les meilleurs lieux et clubs de Tallinn. Avec la participation de 20\u202f000 festivalier\u00b7\u00e8res et de 1\u202f000 professionnel\u00b7les de l\u2019industrie, TMW est l\u2019\u00e9v\u00e9nement de r\u00e9seautage cl\u00e9 pour les musicien\u00b7nes et les professionnel\u00b7les de l\u2019industrie musicale de la r\u00e9gion nordique-balte et de toute l\u2019Europe, avec une feuille de route pour aider les artistes \u00e9mergents \u00e0 percer sur la sc\u00e8ne internationale. <\/p><\/div><div><div>WIMC et Mundial Montr\u00e9al valorisent la diversit\u00e9, l\u2019\u00e9quit\u00e9 et l\u2019inclusion et accueillent et invitent les femmes et les personnes de diverses identit\u00e9s de genre issues de divers horizons \u00e0 postuler.<\/div><div> <\/div><div><b>SOUS R\u00c9SERVE de la confirmation du financement par CanExport d\u2019ici mars 2026<\/b> &#8211; WIMC remboursera 50 % des frais de d\u00e9placement et des indemnit\u00e9s journali\u00e8res (les indemnit\u00e9s journali\u00e8res comprennent l\u2019h\u00e9bergement, les repas et les d\u00e9penses accessoires) et le transport terrestre pour les d\u00e9l\u00e9gu\u00e9\u00b7es de l\u2019industrie. Les 50 % restants doivent \u00eatre couverts par les d\u00e9l\u00e9gu\u00e9\u00b7es au moyen d\u2019un financement priv\u00e9.  <\/div><div> <\/div><div><b>La date limite pour soumettre sa candidature est le 16 janvier 2026.<\/b><\/div><div><b>Les candidat\u00b7es seront avis\u00e9\u00b7es de leur acceptation tout au long du processus d\u2019admission, ou au plus tard le 30 janvier 2026. <\/b><\/div><div><p><strong><i>Vous recevrez un courriel contenant les informations relatives \u00e0 votre demande une fois que vous l&#8217;aurez soumise. Si vous avez un probl\u00e8me avec le formulaire ou des questions sur le<\/i> programme, veuillez contacter Robyn <u>\u00e0<\/u> womeninmusic <u>point<\/u> ca.<\/strong><\/p><p>Soumettre un formulaire de candidature ne garantit pas votre participation. Tous les candidats seront examin\u00e9s et inform\u00e9s.  <\/p><\/div><\/div>\t\t\t\t\t\t\t\t<\/div>\n\t\t\t\t<\/div>\n\t\t\t\t<div class=\"elementor-element elementor-element-a264306 elementor-widget elementor-widget-heading\" data-id=\"a264306\" data-element_type=\"widget\" data-widget_type=\"heading.default\">\n\t\t\t\t<div class=\"elementor-widget-container\">\n\t\t\t\t\t<h2 class=\"elementor-heading-title elementor-size-default\">Soutenu par le gouvernement du Canada, CanExport, Ontario Creates et la Fondation SOCAN<\/h2>\t\t\t\t<\/div>\n\t\t\t\t<\/div>\n\t\t\t\t<\/div>\n\t\t\t\t\t<\/div>\n\t\t\t\t<\/div>\n\t\t\t\t<\/div>\n\t\t","protected":false},"excerpt":{"rendered":"<p>Programmation d&#8217;exportation Women in Music Canada et Mundial Montr\u00e9al pr\u00e9senteront une mission de l&#8217;industrie et des artistes \u00e0 la Tallinn Music Week \u00e0 Tallinn, en Estonie, du 9 au 12 [&hellip;]<\/p>\n","protected":false},"author":1,"featured_media":0,"parent":1155,"menu_order":0,"comment_status":"closed","ping_status":"closed","template":"","meta":{"_acf_changed":false,"footnotes":""},"class_list":["post-1514","page","type-page","status-publish","hentry"],"acf":[],"yoast_head":"<!-- This site is optimized with the Yoast SEO plugin v26.8 - https:\/\/yoast.com\/product\/yoast-seo-wordpress\/ -->\n<title>Programmation d&#039;exportation - WOMEN IN MUSIC CANADA<\/title>\n<meta name=\"robots\" content=\"index, follow, max-snippet:-1, max-image-preview:large, max-video-preview:-1\" \/>\n<link rel=\"canonical\" href=\"https:\/\/womeninmusic.ca\/fr\/programmes\/programmation-dexportation\/\" \/>\n<meta property=\"og:locale\" content=\"fr_FR\" \/>\n<meta property=\"og:type\" content=\"article\" \/>\n<meta property=\"og:title\" content=\"Programmation d&#039;exportation - WOMEN IN MUSIC CANADA\" \/>\n<meta property=\"og:description\" content=\"Programmation d&#8217;exportation Women in Music Canada et Mundial Montr\u00e9al pr\u00e9senteront une mission de l&#8217;industrie et des artistes \u00e0 la Tallinn Music Week \u00e0 Tallinn, en Estonie, du 9 au 12 [&hellip;]\" \/>\n<meta property=\"og:url\" content=\"https:\/\/womeninmusic.ca\/fr\/programmes\/programmation-dexportation\/\" \/>\n<meta property=\"og:site_name\" content=\"WOMEN IN MUSIC CANADA\" \/>\n<meta property=\"article:modified_time\" content=\"2026-01-08T02:57:23+00:00\" \/>\n<meta property=\"og:image\" content=\"https:\/\/womeninmusic.ca\/wp-content\/uploads\/2026\/01\/Copy-of-TMW-Industry-Call-1-1024x1024.png\" \/>\n\t<meta property=\"og:image:width\" content=\"1024\" \/>\n\t<meta property=\"og:image:height\" content=\"1024\" \/>\n\t<meta property=\"og:image:type\" content=\"image\/png\" \/>\n<meta name=\"twitter:card\" content=\"summary_large_image\" \/>\n<meta name=\"twitter:label1\" content=\"Dur\u00e9e de lecture estim\u00e9e\" \/>\n\t<meta name=\"twitter:data1\" content=\"3 minutes\" \/>\n<script type=\"application\/ld+json\" class=\"yoast-schema-graph\">{\"@context\":\"https:\/\/schema.org\",\"@graph\":[{\"@type\":\"WebPage\",\"@id\":\"https:\/\/womeninmusic.ca\/fr\/programmes\/programmation-dexportation\/\",\"url\":\"https:\/\/womeninmusic.ca\/fr\/programmes\/programmation-dexportation\/\",\"name\":\"Programmation d'exportation - WOMEN IN MUSIC CANADA\",\"isPartOf\":{\"@id\":\"https:\/\/womeninmusic.ca\/fr\/#website\"},\"primaryImageOfPage\":{\"@id\":\"https:\/\/womeninmusic.ca\/fr\/programmes\/programmation-dexportation\/#primaryimage\"},\"image\":{\"@id\":\"https:\/\/womeninmusic.ca\/fr\/programmes\/programmation-dexportation\/#primaryimage\"},\"thumbnailUrl\":\"https:\/\/womeninmusic.ca\/wp-content\/uploads\/2026\/01\/Copy-of-TMW-Industry-Call-1-1024x1024.png\",\"datePublished\":\"2025-10-10T06:11:47+00:00\",\"dateModified\":\"2026-01-08T02:57:23+00:00\",\"breadcrumb\":{\"@id\":\"https:\/\/womeninmusic.ca\/fr\/programmes\/programmation-dexportation\/#breadcrumb\"},\"inLanguage\":\"fr-FR\",\"potentialAction\":[{\"@type\":\"ReadAction\",\"target\":[\"https:\/\/womeninmusic.ca\/fr\/programmes\/programmation-dexportation\/\"]}]},{\"@type\":\"ImageObject\",\"inLanguage\":\"fr-FR\",\"@id\":\"https:\/\/womeninmusic.ca\/fr\/programmes\/programmation-dexportation\/#primaryimage\",\"url\":\"https:\/\/womeninmusic.ca\/wp-content\/uploads\/2026\/01\/Copy-of-TMW-Industry-Call-1-1024x1024.png\",\"contentUrl\":\"https:\/\/womeninmusic.ca\/wp-content\/uploads\/2026\/01\/Copy-of-TMW-Industry-Call-1-1024x1024.png\"},{\"@type\":\"BreadcrumbList\",\"@id\":\"https:\/\/womeninmusic.ca\/fr\/programmes\/programmation-dexportation\/#breadcrumb\",\"itemListElement\":[{\"@type\":\"ListItem\",\"position\":1,\"name\":\"Home\",\"item\":\"https:\/\/womeninmusic.ca\/fr\/accueil\/\"},{\"@type\":\"ListItem\",\"position\":2,\"name\":\"Programmes\",\"item\":\"https:\/\/womeninmusic.ca\/fr\/programs\/\"},{\"@type\":\"ListItem\",\"position\":3,\"name\":\"Programmation d&#8217;exportation\"}]},{\"@type\":\"WebSite\",\"@id\":\"https:\/\/womeninmusic.ca\/fr\/#website\",\"url\":\"https:\/\/womeninmusic.ca\/fr\/\",\"name\":\"WOMEN IN MUSIC CANADA\",\"description\":\"\",\"publisher\":{\"@id\":\"https:\/\/womeninmusic.ca\/fr\/#organization\"},\"potentialAction\":[{\"@type\":\"SearchAction\",\"target\":{\"@type\":\"EntryPoint\",\"urlTemplate\":\"https:\/\/womeninmusic.ca\/fr\/?s={search_term_string}\"},\"query-input\":{\"@type\":\"PropertyValueSpecification\",\"valueRequired\":true,\"valueName\":\"search_term_string\"}}],\"inLanguage\":\"fr-FR\"},{\"@type\":\"Organization\",\"@id\":\"https:\/\/womeninmusic.ca\/fr\/#organization\",\"name\":\"WOMEN IN MUSIC CANADA\",\"url\":\"https:\/\/womeninmusic.ca\/fr\/\",\"logo\":{\"@type\":\"ImageObject\",\"inLanguage\":\"fr-FR\",\"@id\":\"https:\/\/womeninmusic.ca\/fr\/#\/schema\/logo\/image\/\",\"url\":\"https:\/\/womeninmusic.ca\/wp-content\/uploads\/2025\/09\/WIM_CDA_Logo_Horizontal-782fc697.webp\",\"contentUrl\":\"https:\/\/womeninmusic.ca\/wp-content\/uploads\/2025\/09\/WIM_CDA_Logo_Horizontal-782fc697.webp\",\"width\":301,\"height\":60,\"caption\":\"WOMEN IN MUSIC CANADA\"},\"image\":{\"@id\":\"https:\/\/womeninmusic.ca\/fr\/#\/schema\/logo\/image\/\"}}]}<\/script>\n<!-- \/ Yoast SEO plugin. -->","yoast_head_json":{"title":"Programmation d'exportation - WOMEN IN MUSIC CANADA","robots":{"index":"index","follow":"follow","max-snippet":"max-snippet:-1","max-image-preview":"max-image-preview:large","max-video-preview":"max-video-preview:-1"},"canonical":"https:\/\/womeninmusic.ca\/fr\/programmes\/programmation-dexportation\/","og_locale":"fr_FR","og_type":"article","og_title":"Programmation d'exportation - WOMEN IN MUSIC CANADA","og_description":"Programmation d&#8217;exportation Women in Music Canada et Mundial Montr\u00e9al pr\u00e9senteront une mission de l&#8217;industrie et des artistes \u00e0 la Tallinn Music Week \u00e0 Tallinn, en Estonie, du 9 au 12 [&hellip;]","og_url":"https:\/\/womeninmusic.ca\/fr\/programmes\/programmation-dexportation\/","og_site_name":"WOMEN IN MUSIC CANADA","article_modified_time":"2026-01-08T02:57:23+00:00","og_image":[{"width":1024,"height":1024,"url":"https:\/\/womeninmusic.ca\/wp-content\/uploads\/2026\/01\/Copy-of-TMW-Industry-Call-1-1024x1024.png","type":"image\/png"}],"twitter_card":"summary_large_image","twitter_misc":{"Dur\u00e9e de lecture estim\u00e9e":"3 minutes"},"schema":{"@context":"https:\/\/schema.org","@graph":[{"@type":"WebPage","@id":"https:\/\/womeninmusic.ca\/fr\/programmes\/programmation-dexportation\/","url":"https:\/\/womeninmusic.ca\/fr\/programmes\/programmation-dexportation\/","name":"Programmation d'exportation - WOMEN IN MUSIC CANADA","isPartOf":{"@id":"https:\/\/womeninmusic.ca\/fr\/#website"},"primaryImageOfPage":{"@id":"https:\/\/womeninmusic.ca\/fr\/programmes\/programmation-dexportation\/#primaryimage"},"image":{"@id":"https:\/\/womeninmusic.ca\/fr\/programmes\/programmation-dexportation\/#primaryimage"},"thumbnailUrl":"https:\/\/womeninmusic.ca\/wp-content\/uploads\/2026\/01\/Copy-of-TMW-Industry-Call-1-1024x1024.png","datePublished":"2025-10-10T06:11:47+00:00","dateModified":"2026-01-08T02:57:23+00:00","breadcrumb":{"@id":"https:\/\/womeninmusic.ca\/fr\/programmes\/programmation-dexportation\/#breadcrumb"},"inLanguage":"fr-FR","potentialAction":[{"@type":"ReadAction","target":["https:\/\/womeninmusic.ca\/fr\/programmes\/programmation-dexportation\/"]}]},{"@type":"ImageObject","inLanguage":"fr-FR","@id":"https:\/\/womeninmusic.ca\/fr\/programmes\/programmation-dexportation\/#primaryimage","url":"https:\/\/womeninmusic.ca\/wp-content\/uploads\/2026\/01\/Copy-of-TMW-Industry-Call-1-1024x1024.png","contentUrl":"https:\/\/womeninmusic.ca\/wp-content\/uploads\/2026\/01\/Copy-of-TMW-Industry-Call-1-1024x1024.png"},{"@type":"BreadcrumbList","@id":"https:\/\/womeninmusic.ca\/fr\/programmes\/programmation-dexportation\/#breadcrumb","itemListElement":[{"@type":"ListItem","position":1,"name":"Home","item":"https:\/\/womeninmusic.ca\/fr\/accueil\/"},{"@type":"ListItem","position":2,"name":"Programmes","item":"https:\/\/womeninmusic.ca\/fr\/programs\/"},{"@type":"ListItem","position":3,"name":"Programmation d&#8217;exportation"}]},{"@type":"WebSite","@id":"https:\/\/womeninmusic.ca\/fr\/#website","url":"https:\/\/womeninmusic.ca\/fr\/","name":"WOMEN IN MUSIC CANADA","description":"","publisher":{"@id":"https:\/\/womeninmusic.ca\/fr\/#organization"},"potentialAction":[{"@type":"SearchAction","target":{"@type":"EntryPoint","urlTemplate":"https:\/\/womeninmusic.ca\/fr\/?s={search_term_string}"},"query-input":{"@type":"PropertyValueSpecification","valueRequired":true,"valueName":"search_term_string"}}],"inLanguage":"fr-FR"},{"@type":"Organization","@id":"https:\/\/womeninmusic.ca\/fr\/#organization","name":"WOMEN IN MUSIC CANADA","url":"https:\/\/womeninmusic.ca\/fr\/","logo":{"@type":"ImageObject","inLanguage":"fr-FR","@id":"https:\/\/womeninmusic.ca\/fr\/#\/schema\/logo\/image\/","url":"https:\/\/womeninmusic.ca\/wp-content\/uploads\/2025\/09\/WIM_CDA_Logo_Horizontal-782fc697.webp","contentUrl":"https:\/\/womeninmusic.ca\/wp-content\/uploads\/2025\/09\/WIM_CDA_Logo_Horizontal-782fc697.webp","width":301,"height":60,"caption":"WOMEN IN MUSIC CANADA"},"image":{"@id":"https:\/\/womeninmusic.ca\/fr\/#\/schema\/logo\/image\/"}}]}},"_links":{"self":[{"href":"https:\/\/womeninmusic.ca\/fr\/wp-json\/wp\/v2\/pages\/1514","targetHints":{"allow":["GET"]}}],"collection":[{"href":"https:\/\/womeninmusic.ca\/fr\/wp-json\/wp\/v2\/pages"}],"about":[{"href":"https:\/\/womeninmusic.ca\/fr\/wp-json\/wp\/v2\/types\/page"}],"author":[{"embeddable":true,"href":"https:\/\/womeninmusic.ca\/fr\/wp-json\/wp\/v2\/users\/1"}],"replies":[{"embeddable":true,"href":"https:\/\/womeninmusic.ca\/fr\/wp-json\/wp\/v2\/comments?post=1514"}],"version-history":[{"count":2,"href":"https:\/\/womeninmusic.ca\/fr\/wp-json\/wp\/v2\/pages\/1514\/revisions"}],"predecessor-version":[{"id":3111,"href":"https:\/\/womeninmusic.ca\/fr\/wp-json\/wp\/v2\/pages\/1514\/revisions\/3111"}],"up":[{"embeddable":true,"href":"https:\/\/womeninmusic.ca\/fr\/wp-json\/wp\/v2\/pages\/1155"}],"wp:attachment":[{"href":"https:\/\/womeninmusic.ca\/fr\/wp-json\/wp\/v2\/media?parent=1514"}],"curies":[{"name":"wp","href":"https:\/\/api.w.org\/{rel}","templated":true}]}}