{"id":1518,"date":"2025-10-08T17:02:38","date_gmt":"2025-10-08T21:02:38","guid":{"rendered":"https:\/\/womeninmusic.ca\/fonctionnalites\/listes-de-lecture-de-wimcanada\/"},"modified":"2025-10-23T14:36:30","modified_gmt":"2025-10-23T18:36:30","slug":"listes-de-lecture-de-wimcanada","status":"publish","type":"page","link":"https:\/\/womeninmusic.ca\/fr\/fonctionnalites\/listes-de-lecture-de-wimcanada\/","title":{"rendered":"Listes de lecture de WIMCanada"},"content":{"rendered":"\t\t<div data-elementor-type=\"wp-page\" data-elementor-id=\"1518\" class=\"elementor elementor-1518 elementor-289\" data-elementor-post-type=\"page\">\n\t\t\t\t<div class=\"elementor-element elementor-element-ff73de9 e-flex e-con-boxed e-con e-parent\" data-id=\"ff73de9\" data-element_type=\"container\">\n\t\t\t\t\t<div class=\"e-con-inner\">\n\t\t\t\t<div class=\"elementor-element elementor-element-2a9cf6e elementor-widget elementor-widget-heading\" data-id=\"2a9cf6e\" data-element_type=\"widget\" data-widget_type=\"heading.default\">\n\t\t\t\t<div class=\"elementor-widget-container\">\n\t\t\t\t\t<h1 class=\"elementor-heading-title elementor-size-default\">Soumissions de listes de lecture<\/h1>\t\t\t\t<\/div>\n\t\t\t\t<\/div>\n\t\t<div class=\"elementor-element elementor-element-65e9656 e-con-full e-flex e-con e-child\" data-id=\"65e9656\" data-element_type=\"container\">\n\t\t\t\t<div class=\"elementor-element elementor-element-f6ca8b7 elementor-widget elementor-widget-text-editor\" data-id=\"f6ca8b7\" data-element_type=\"widget\" data-widget_type=\"text-editor.default\">\n\t\t\t\t<div class=\"elementor-widget-container\">\n\t\t\t\t\t\t\t\t\t<p>\u00c9coutons de la bonne musique canadienne cr\u00e9\u00e9e par des femmes et des personnes de diverses identit\u00e9s de genre ! Voici votre chance d&#8217;\u00eatre inclus dans la liste de lecture collaborative mensuelle de WIMC, o\u00f9 nous pr\u00e9sentons des chansons exceptionnelles d&#8217;artistes canadiens qui attirent notre attention. <\/p><p>Veuillez noter que vous ne devez soumettre votre candidature qu&#8217;une seule fois pour \u00eatre ajout\u00e9 \u00e0 la liste des artistes int\u00e9ress\u00e9s &#8211; il n&#8217;est pas n\u00e9cessaire de postuler chaque mois !<\/p><p>Si vous souhaitez \u00eatre ajout\u00e9 aux futures listes de lecture, veuillez les saisir <a href=\"https:\/\/docs.google.com\/forms\/d\/e\/1FAIpQLScGXCQtAnGYm1n0EUTgyKBKN3dfUyjHYdRze5LDEBAne2RMLQ\/viewform?usp=sf_link\">ici<\/a>.<\/p><p><a href=\"https:\/\/open.spotify.com\/playlist\/5OI1NcXy9HhJuBxCk8Zov3\">Liste de lecture collaborative de WIMCanada<\/a><\/p><p><a href=\"https:\/\/open.spotify.com\/playlist\/3gzUDQicAJZLYJaW9LZnKd\">Liste de lecture de la section WIM Saskatchewan<\/a><\/p><p><a href=\"https:\/\/open.spotify.com\/playlist\/484tRSeRpN8viN06SLwjVM\">Liste de lecture de la section WIM Atlantique<\/a><\/p>\t\t\t\t\t\t\t\t<\/div>\n\t\t\t\t<\/div>\n\t\t\t\t<\/div>\n\t\t\t\t\t<\/div>\n\t\t\t\t<\/div>\n\t\t\t\t<\/div>\n\t\t","protected":false},"excerpt":{"rendered":"<p>Soumissions de listes de lecture \u00c9coutons de la bonne musique canadienne cr\u00e9\u00e9e par des femmes et des personnes de diverses identit\u00e9s de genre ! Voici votre chance d&#8217;\u00eatre inclus dans [&hellip;]<\/p>\n","protected":false},"author":1,"featured_media":0,"parent":1170,"menu_order":0,"comment_status":"closed","ping_status":"closed","template":"","meta":{"_acf_changed":false,"footnotes":""},"class_list":["post-1518","page","type-page","status-publish","hentry"],"acf":[],"yoast_head":"<!-- This site is optimized with the Yoast SEO plugin v26.8 - https:\/\/yoast.com\/product\/yoast-seo-wordpress\/ -->\n<title>Listes de lecture de WIMCanada - WOMEN IN MUSIC CANADA<\/title>\n<meta name=\"robots\" content=\"index, follow, max-snippet:-1, max-image-preview:large, max-video-preview:-1\" \/>\n<link rel=\"canonical\" href=\"https:\/\/womeninmusic.ca\/fr\/fonctionnalites\/listes-de-lecture-de-wimcanada\/\" \/>\n<meta property=\"og:locale\" content=\"fr_FR\" \/>\n<meta property=\"og:type\" content=\"article\" \/>\n<meta property=\"og:title\" content=\"Listes de lecture de WIMCanada - WOMEN IN MUSIC CANADA\" \/>\n<meta property=\"og:description\" content=\"Soumissions de listes de lecture \u00c9coutons de la bonne musique canadienne cr\u00e9\u00e9e par des femmes et des personnes de diverses identit\u00e9s de genre ! Voici votre chance d&#8217;\u00eatre inclus dans [&hellip;]\" \/>\n<meta property=\"og:url\" content=\"https:\/\/womeninmusic.ca\/fr\/fonctionnalites\/listes-de-lecture-de-wimcanada\/\" \/>\n<meta property=\"og:site_name\" content=\"WOMEN IN MUSIC CANADA\" \/>\n<meta property=\"article:modified_time\" content=\"2025-10-23T18:36:30+00:00\" \/>\n<meta name=\"twitter:card\" content=\"summary_large_image\" \/>\n<meta name=\"twitter:label1\" content=\"Dur\u00e9e de lecture estim\u00e9e\" \/>\n\t<meta name=\"twitter:data1\" content=\"1 minute\" \/>\n<script type=\"application\/ld+json\" class=\"yoast-schema-graph\">{\"@context\":\"https:\/\/schema.org\",\"@graph\":[{\"@type\":\"WebPage\",\"@id\":\"https:\/\/womeninmusic.ca\/fr\/fonctionnalites\/listes-de-lecture-de-wimcanada\/\",\"url\":\"https:\/\/womeninmusic.ca\/fr\/fonctionnalites\/listes-de-lecture-de-wimcanada\/\",\"name\":\"Listes de lecture de WIMCanada - WOMEN IN MUSIC CANADA\",\"isPartOf\":{\"@id\":\"https:\/\/womeninmusic.ca\/fr\/#website\"},\"datePublished\":\"2025-10-08T21:02:38+00:00\",\"dateModified\":\"2025-10-23T18:36:30+00:00\",\"breadcrumb\":{\"@id\":\"https:\/\/womeninmusic.ca\/fr\/fonctionnalites\/listes-de-lecture-de-wimcanada\/#breadcrumb\"},\"inLanguage\":\"fr-FR\",\"potentialAction\":[{\"@type\":\"ReadAction\",\"target\":[\"https:\/\/womeninmusic.ca\/fr\/fonctionnalites\/listes-de-lecture-de-wimcanada\/\"]}]},{\"@type\":\"BreadcrumbList\",\"@id\":\"https:\/\/womeninmusic.ca\/fr\/fonctionnalites\/listes-de-lecture-de-wimcanada\/#breadcrumb\",\"itemListElement\":[{\"@type\":\"ListItem\",\"position\":1,\"name\":\"Home\",\"item\":\"https:\/\/womeninmusic.ca\/fr\/accueil\/\"},{\"@type\":\"ListItem\",\"position\":2,\"name\":\"Fonctionnalit\u00e9s\",\"item\":\"https:\/\/womeninmusic.ca\/fr\/fonctionnalites\/\"},{\"@type\":\"ListItem\",\"position\":3,\"name\":\"Listes de lecture de WIMCanada\"}]},{\"@type\":\"WebSite\",\"@id\":\"https:\/\/womeninmusic.ca\/fr\/#website\",\"url\":\"https:\/\/womeninmusic.ca\/fr\/\",\"name\":\"WOMEN IN MUSIC CANADA\",\"description\":\"\",\"publisher\":{\"@id\":\"https:\/\/womeninmusic.ca\/fr\/#organization\"},\"potentialAction\":[{\"@type\":\"SearchAction\",\"target\":{\"@type\":\"EntryPoint\",\"urlTemplate\":\"https:\/\/womeninmusic.ca\/fr\/?s={search_term_string}\"},\"query-input\":{\"@type\":\"PropertyValueSpecification\",\"valueRequired\":true,\"valueName\":\"search_term_string\"}}],\"inLanguage\":\"fr-FR\"},{\"@type\":\"Organization\",\"@id\":\"https:\/\/womeninmusic.ca\/fr\/#organization\",\"name\":\"WOMEN IN MUSIC CANADA\",\"url\":\"https:\/\/womeninmusic.ca\/fr\/\",\"logo\":{\"@type\":\"ImageObject\",\"inLanguage\":\"fr-FR\",\"@id\":\"https:\/\/womeninmusic.ca\/fr\/#\/schema\/logo\/image\/\",\"url\":\"https:\/\/womeninmusic.ca\/wp-content\/uploads\/2025\/09\/WIM_CDA_Logo_Horizontal-782fc697.webp\",\"contentUrl\":\"https:\/\/womeninmusic.ca\/wp-content\/uploads\/2025\/09\/WIM_CDA_Logo_Horizontal-782fc697.webp\",\"width\":301,\"height\":60,\"caption\":\"WOMEN IN MUSIC CANADA\"},\"image\":{\"@id\":\"https:\/\/womeninmusic.ca\/fr\/#\/schema\/logo\/image\/\"}}]}<\/script>\n<!-- \/ Yoast SEO plugin. -->","yoast_head_json":{"title":"Listes de lecture de WIMCanada - WOMEN IN MUSIC CANADA","robots":{"index":"index","follow":"follow","max-snippet":"max-snippet:-1","max-image-preview":"max-image-preview:large","max-video-preview":"max-video-preview:-1"},"canonical":"https:\/\/womeninmusic.ca\/fr\/fonctionnalites\/listes-de-lecture-de-wimcanada\/","og_locale":"fr_FR","og_type":"article","og_title":"Listes de lecture de WIMCanada - WOMEN IN MUSIC CANADA","og_description":"Soumissions de listes de lecture \u00c9coutons de la bonne musique canadienne cr\u00e9\u00e9e par des femmes et des personnes de diverses identit\u00e9s de genre ! Voici votre chance d&#8217;\u00eatre inclus dans [&hellip;]","og_url":"https:\/\/womeninmusic.ca\/fr\/fonctionnalites\/listes-de-lecture-de-wimcanada\/","og_site_name":"WOMEN IN MUSIC CANADA","article_modified_time":"2025-10-23T18:36:30+00:00","twitter_card":"summary_large_image","twitter_misc":{"Dur\u00e9e de lecture estim\u00e9e":"1 minute"},"schema":{"@context":"https:\/\/schema.org","@graph":[{"@type":"WebPage","@id":"https:\/\/womeninmusic.ca\/fr\/fonctionnalites\/listes-de-lecture-de-wimcanada\/","url":"https:\/\/womeninmusic.ca\/fr\/fonctionnalites\/listes-de-lecture-de-wimcanada\/","name":"Listes de lecture de WIMCanada - WOMEN IN MUSIC CANADA","isPartOf":{"@id":"https:\/\/womeninmusic.ca\/fr\/#website"},"datePublished":"2025-10-08T21:02:38+00:00","dateModified":"2025-10-23T18:36:30+00:00","breadcrumb":{"@id":"https:\/\/womeninmusic.ca\/fr\/fonctionnalites\/listes-de-lecture-de-wimcanada\/#breadcrumb"},"inLanguage":"fr-FR","potentialAction":[{"@type":"ReadAction","target":["https:\/\/womeninmusic.ca\/fr\/fonctionnalites\/listes-de-lecture-de-wimcanada\/"]}]},{"@type":"BreadcrumbList","@id":"https:\/\/womeninmusic.ca\/fr\/fonctionnalites\/listes-de-lecture-de-wimcanada\/#breadcrumb","itemListElement":[{"@type":"ListItem","position":1,"name":"Home","item":"https:\/\/womeninmusic.ca\/fr\/accueil\/"},{"@type":"ListItem","position":2,"name":"Fonctionnalit\u00e9s","item":"https:\/\/womeninmusic.ca\/fr\/fonctionnalites\/"},{"@type":"ListItem","position":3,"name":"Listes de lecture de WIMCanada"}]},{"@type":"WebSite","@id":"https:\/\/womeninmusic.ca\/fr\/#website","url":"https:\/\/womeninmusic.ca\/fr\/","name":"WOMEN IN MUSIC CANADA","description":"","publisher":{"@id":"https:\/\/womeninmusic.ca\/fr\/#organization"},"potentialAction":[{"@type":"SearchAction","target":{"@type":"EntryPoint","urlTemplate":"https:\/\/womeninmusic.ca\/fr\/?s={search_term_string}"},"query-input":{"@type":"PropertyValueSpecification","valueRequired":true,"valueName":"search_term_string"}}],"inLanguage":"fr-FR"},{"@type":"Organization","@id":"https:\/\/womeninmusic.ca\/fr\/#organization","name":"WOMEN IN MUSIC CANADA","url":"https:\/\/womeninmusic.ca\/fr\/","logo":{"@type":"ImageObject","inLanguage":"fr-FR","@id":"https:\/\/womeninmusic.ca\/fr\/#\/schema\/logo\/image\/","url":"https:\/\/womeninmusic.ca\/wp-content\/uploads\/2025\/09\/WIM_CDA_Logo_Horizontal-782fc697.webp","contentUrl":"https:\/\/womeninmusic.ca\/wp-content\/uploads\/2025\/09\/WIM_CDA_Logo_Horizontal-782fc697.webp","width":301,"height":60,"caption":"WOMEN IN MUSIC CANADA"},"image":{"@id":"https:\/\/womeninmusic.ca\/fr\/#\/schema\/logo\/image\/"}}]}},"_links":{"self":[{"href":"https:\/\/womeninmusic.ca\/fr\/wp-json\/wp\/v2\/pages\/1518","targetHints":{"allow":["GET"]}}],"collection":[{"href":"https:\/\/womeninmusic.ca\/fr\/wp-json\/wp\/v2\/pages"}],"about":[{"href":"https:\/\/womeninmusic.ca\/fr\/wp-json\/wp\/v2\/types\/page"}],"author":[{"embeddable":true,"href":"https:\/\/womeninmusic.ca\/fr\/wp-json\/wp\/v2\/users\/1"}],"replies":[{"embeddable":true,"href":"https:\/\/womeninmusic.ca\/fr\/wp-json\/wp\/v2\/comments?post=1518"}],"version-history":[{"count":1,"href":"https:\/\/womeninmusic.ca\/fr\/wp-json\/wp\/v2\/pages\/1518\/revisions"}],"predecessor-version":[{"id":1519,"href":"https:\/\/womeninmusic.ca\/fr\/wp-json\/wp\/v2\/pages\/1518\/revisions\/1519"}],"up":[{"embeddable":true,"href":"https:\/\/womeninmusic.ca\/fr\/wp-json\/wp\/v2\/pages\/1170"}],"wp:attachment":[{"href":"https:\/\/womeninmusic.ca\/fr\/wp-json\/wp\/v2\/media?parent=1518"}],"curies":[{"name":"wp","href":"https:\/\/api.w.org\/{rel}","templated":true}]}}