{"id":1581,"date":"2025-10-01T00:21:31","date_gmt":"2025-10-01T04:21:31","guid":{"rendered":"https:\/\/womeninmusic.ca\/a-propos\/a-propos-de-nous\/"},"modified":"2026-02-02T17:05:57","modified_gmt":"2026-02-02T22:05:57","slug":"a-propos-de-nous","status":"publish","type":"page","link":"https:\/\/womeninmusic.ca\/fr\/a-propos\/a-propos-de-nous\/","title":{"rendered":"\u00c0 propos de nous"},"content":{"rendered":"\t\t<div data-elementor-type=\"wp-page\" data-elementor-id=\"1581\" class=\"elementor elementor-1581 elementor-30\" data-elementor-post-type=\"page\">\n\t\t\t\t<div class=\"elementor-element elementor-element-770b0a2 e-flex e-con-boxed e-con e-parent\" data-id=\"770b0a2\" data-element_type=\"container\">\n\t\t\t\t\t<div class=\"e-con-inner\">\n\t\t\t\t<div class=\"elementor-element elementor-element-9f34b71 elementor-widget elementor-widget-heading\" data-id=\"9f34b71\" data-element_type=\"widget\" data-widget_type=\"heading.default\">\n\t\t\t\t<div class=\"elementor-widget-container\">\n\t\t\t\t\t<h1 class=\"elementor-heading-title elementor-size-default\">\u00c0 propos de nous<\/h1>\t\t\t\t<\/div>\n\t\t\t\t<\/div>\n\t\t<div class=\"elementor-element elementor-element-a43c959 e-con-full e-flex e-con e-child\" data-id=\"a43c959\" data-element_type=\"container\">\n\t\t\t\t<div class=\"elementor-element elementor-element-47c7f76 elementor-widget elementor-widget-text-editor\" data-id=\"47c7f76\" data-element_type=\"widget\" data-widget_type=\"text-editor.default\">\n\t\t\t\t<div class=\"elementor-widget-container\">\n\t\t\t\t\t\t\t\t\t<p>Women in Music Canada (WIMC) est une organisation \u00e0 but non lucratif enregistr\u00e9e et l&#8217;une des plus grandes associations de l&#8217;industrie musicale au Canada. Gr\u00e2ce \u00e0 la programmation, au d\u00e9veloppement communautaire et aux ressources en ligne, notre objectif est de renforcer l&#8217;\u00e9quilibre socio-\u00e9conomique de l&#8217;industrie musicale.<\/p><p>WIMC se consacre \u00e0 :<\/p>\t\t\t\t\t\t\t\t<\/div>\n\t\t\t\t<\/div>\n\t\t\t\t<div class=\"elementor-element elementor-element-3e0298c elementor-icon-list--layout-traditional elementor-list-item-link-full_width elementor-widget elementor-widget-icon-list\" data-id=\"3e0298c\" data-element_type=\"widget\" data-widget_type=\"icon-list.default\">\n\t\t\t\t<div class=\"elementor-widget-container\">\n\t\t\t\t\t\t\t<ul class=\"elementor-icon-list-items\">\n\t\t\t\t\t\t\t<li class=\"elementor-icon-list-item\">\n\t\t\t\t\t\t\t\t\t\t\t<span class=\"elementor-icon-list-icon\">\n\t\t\t\t\t\t\t<i aria-hidden=\"true\" class=\"fas fa-square-full\"><\/i>\t\t\t\t\t\t<\/span>\n\t\t\t\t\t\t\t\t\t\t<span class=\"elementor-icon-list-text\">Promouvoir l\u2019\u00e9galit\u00e9 des sexes dans l\u2019industrie de la musique en soutenant et en faisant progresser les femmes et les professionnels et cr\u00e9atifs de divers genres \u00e0 chaque \u00e9tape de leur carri\u00e8re.<\/span>\n\t\t\t\t\t\t\t\t\t<\/li>\n\t\t\t\t\t\t\t\t<li class=\"elementor-icon-list-item\">\n\t\t\t\t\t\t\t\t\t\t\t<span class=\"elementor-icon-list-icon\">\n\t\t\t\t\t\t\t<i aria-hidden=\"true\" class=\"fas fa-square-full\"><\/i>\t\t\t\t\t\t<\/span>\n\t\t\t\t\t\t\t\t\t\t<span class=\"elementor-icon-list-text\">Connecter la communaut\u00e9 pour apprendre et grandir ensemble gr\u00e2ce \u00e0 des \u00e9v\u00e9nements de r\u00e9seautage et de mentorat. <\/span>\n\t\t\t\t\t\t\t\t\t<\/li>\n\t\t\t\t\t\t\t\t<li class=\"elementor-icon-list-item\">\n\t\t\t\t\t\t\t\t\t\t\t<span class=\"elementor-icon-list-icon\">\n\t\t\t\t\t\t\t<i aria-hidden=\"true\" class=\"fas fa-square-full\"><\/i>\t\t\t\t\t\t<\/span>\n\t\t\t\t\t\t\t\t\t\t<span class=\"elementor-icon-list-text\">Offrir un d\u00e9veloppement professionnel, en particulier dans les domaines sous-repr\u00e9sent\u00e9s de l'industrie musicale, en organisant des ateliers \u00e9ducatifs, des conf\u00e9rences sur le d\u00e9veloppement de carri\u00e8re, des discours-programmes et des programmes intensifs. <\/span>\n\t\t\t\t\t\t\t\t\t<\/li>\n\t\t\t\t\t\t\t\t<li class=\"elementor-icon-list-item\">\n\t\t\t\t\t\t\t\t\t\t\t<span class=\"elementor-icon-list-icon\">\n\t\t\t\t\t\t\t<i aria-hidden=\"true\" class=\"fas fa-square-full\"><\/i>\t\t\t\t\t\t<\/span>\n\t\t\t\t\t\t\t\t\t\t<span class=\"elementor-icon-list-text\">Fournir du soutien, des ressources et du plaidoyer pour notre communaut\u00e9.<\/span>\n\t\t\t\t\t\t\t\t\t<\/li>\n\t\t\t\t\t\t\t\t<li class=\"elementor-icon-list-item\">\n\t\t\t\t\t\t\t\t\t\t\t<span class=\"elementor-icon-list-icon\">\n\t\t\t\t\t\t\t<i aria-hidden=\"true\" class=\"fas fa-square-full\"><\/i>\t\t\t\t\t\t<\/span>\n\t\t\t\t\t\t\t\t\t\t<span class=\"elementor-icon-list-text\">\u00c9lever, promouvoir et c\u00e9l\u00e9brer les femmes qui accomplissent un travail incroyable dans l'art et l'industrie de la musique.<\/span>\n\t\t\t\t\t\t\t\t\t<\/li>\n\t\t\t\t\t\t<\/ul>\n\t\t\t\t\t\t<\/div>\n\t\t\t\t<\/div>\n\t\t\t\t<div class=\"elementor-element elementor-element-d32457b middle_line elementor-widget elementor-widget-heading\" data-id=\"d32457b\" data-element_type=\"widget\" data-widget_type=\"heading.default\">\n\t\t\t\t<div class=\"elementor-widget-container\">\n\t\t\t\t\t<p class=\"elementor-heading-title elementor-size-default\">Nos valeurs<\/p>\t\t\t\t<\/div>\n\t\t\t\t<\/div>\n\t\t\t\t<div class=\"elementor-element elementor-element-e7e52c2 elementor-widget elementor-widget-text-editor\" data-id=\"e7e52c2\" data-element_type=\"widget\" data-widget_type=\"text-editor.default\">\n\t\t\t\t<div class=\"elementor-widget-container\">\n\t\t\t\t\t\t\t\t\t<p>Women in Music croit que la conversation sur l&#8217;\u00e9galit\u00e9 est inclusive, o\u00f9 toutes les voix sont les bienvenues. Collectivement, nous travaillons pour faire de l&#8217;industrie musicale une communaut\u00e9 plus diverse, \u00e9quitable et inclusive pour tous.<\/p>\t\t\t\t\t\t\t\t<\/div>\n\t\t\t\t<\/div>\n\t\t\t\t<div class=\"elementor-element elementor-element-73b1ea9 middle_line elementor-widget elementor-widget-heading\" data-id=\"73b1ea9\" data-element_type=\"widget\" data-widget_type=\"heading.default\">\n\t\t\t\t<div class=\"elementor-widget-container\">\n\t\t\t\t\t<p class=\"elementor-heading-title elementor-size-default\">Nos sections<\/p>\t\t\t\t<\/div>\n\t\t\t\t<\/div>\n\t\t\t\t<div class=\"elementor-element elementor-element-0bdd2ce elementor-widget elementor-widget-text-editor\" data-id=\"0bdd2ce\" data-element_type=\"widget\" data-widget_type=\"text-editor.default\">\n\t\t\t\t<div class=\"elementor-widget-container\">\n\t\t\t\t\t\t\t\t\t<div id=\"page#2\" class=\"uk-panel uk-margin uk-text-justify uk-scrollspy-inview\"><p class=\"p1\">Gouvern\u00e9e par un conseil d&#8217;administration national, Women in Music Canada d\u00e9finit la strat\u00e9gie organisationnelle et fournit aux membres une vari\u00e9t\u00e9 de ressources, y compris des outils en ligne, pour les aider dans leur d\u00e9veloppement professionnel et leur programmation de d\u00e9veloppement communautaire.<span class=\"Apple-converted-space\"> En tant qu&#8217;organisation nationale, nous soutenons les nombreuses femmes professionnelles de la musique qui vivent et travaillent partout au Canada et collaborons avec nos sections pour favoriser votre r\u00e9ussite dans votre r\u00e9gion. <\/span><\/p><p class=\"p1\">Les sections r\u00e9gionales de WIM Canada offrent aux membres des programmes, des \u00e9v\u00e9nements et de pr\u00e9cieuses opportunit\u00e9s de r\u00e9seautage dans leur r\u00e9gion. Les sections travaillent \u00e9galement avec WIMC pour mettre en \u0153uvre des initiatives \u00e0 l&#8217;\u00e9chelle de l&#8217;organisation et des \u00e9v\u00e9nements phares ouverts \u00e0 tous les membres, quelle que soit leur r\u00e9gion d&#8217;origine. <\/p><\/div>\t\t\t\t\t\t\t\t<\/div>\n\t\t\t\t<\/div>\n\t\t\t\t<div class=\"elementor-element elementor-element-ff80d90 middle_line elementor-widget elementor-widget-heading\" data-id=\"ff80d90\" data-element_type=\"widget\" data-widget_type=\"heading.default\">\n\t\t\t\t<div class=\"elementor-widget-container\">\n\t\t\t\t\t<p class=\"elementor-heading-title elementor-size-default\">Reconnaissance territoriale<\/p>\t\t\t\t<\/div>\n\t\t\t\t<\/div>\n\t\t\t\t<div class=\"elementor-element elementor-element-76c181f elementor-widget elementor-widget-text-editor\" data-id=\"76c181f\" data-element_type=\"widget\" data-widget_type=\"text-editor.default\">\n\t\t\t\t<div class=\"elementor-widget-container\">\n\t\t\t\t\t\t\t\t\t<div id=\"page#2\" class=\"uk-panel uk-margin uk-text-justify uk-scrollspy-inview\"><div id=\"page#3\" class=\"uk-panel uk-margin uk-scrollspy-inview\">Women in Music Canada reconna\u00eet que nous sommes sur le territoire traditionnel de nombreuses nations \u00e0 travers le Canada, en particulier notre si\u00e8ge social sur le territoire des Mississaugas de Credit, des Anishnabeg, des Chippewa, des Haudenosaunee et des Wendat, et qui est maintenant le foyer de nombreux peuples diversifi\u00e9s des Premi\u00e8res Nations, Inuits et M\u00e9tis. Nous reconnaissons \u00e9galement que Toronto est couvert par le Trait\u00e9 13 sign\u00e9 avec les Mississaugas de Credit, et les Trait\u00e9s Williams sign\u00e9s avec plusieurs bandes Mississaugas et Chippewa. Nous respectons les Trait\u00e9s qui ont \u00e9t\u00e9 conclus sur ces territoires, nous reconnaissons les pr\u00e9judices et les erreurs du pass\u00e9, et nous nous engageons \u00e0 aller de l&#8217;avant en partenariat avec les communaut\u00e9s autochtones dans un esprit de r\u00e9conciliation et de collaboration.<\/div><\/div>\t\t\t\t\t\t\t\t<\/div>\n\t\t\t\t<\/div>\n\t\t\t\t<div class=\"elementor-element elementor-element-7281794 middle_line elementor-widget elementor-widget-heading\" data-id=\"7281794\" data-element_type=\"widget\" data-widget_type=\"heading.default\">\n\t\t\t\t<div class=\"elementor-widget-container\">\n\t\t\t\t\t<p class=\"elementor-heading-title elementor-size-default\">Notre histoire<\/p>\t\t\t\t<\/div>\n\t\t\t\t<\/div>\n\t\t\t\t<div class=\"elementor-element elementor-element-c2927b6 elementor-widget elementor-widget-text-editor\" data-id=\"c2927b6\" data-element_type=\"widget\" data-widget_type=\"text-editor.default\">\n\t\t\t\t<div class=\"elementor-widget-container\">\n\t\t\t\t\t\t\t\t\t<div id=\"page#2\" class=\"uk-panel uk-margin uk-text-justify uk-scrollspy-inview\"><div id=\"page#3\" class=\"uk-panel uk-margin uk-scrollspy-inview\"><p>Women in Music Canada est une organisation \u00e0 but non lucratif enregistr\u00e9e, constitu\u00e9e en 2014 avec la passion de la fondatrice Samantha Slattery. <\/p><p>En tant que section canadienne du mouvement mondial Women in Music, WIMC est align\u00e9e avec ses partenaires de sections mondiales \u00e0 travers le monde. Rassemblant les femmes de la musique de l&#8217;Afrique du Sud \u00e0 New York, de l&#8217;\u00cele-du-Prince-\u00c9douard et partout entre les deux, ce r\u00e9seau est d\u00e9di\u00e9 \u00e0 servir la communaut\u00e9 mondiale. <\/p><p>\u00c0 propos de Women in Music (Global) &#8211; \u00c9tablie en 1985, <strong>Women in Music<\/strong> est une organisation \u00e0 but non lucratif 501(c)3 engag\u00e9e \u00e0 faire progresser l&#8217;\u00e9galit\u00e9, la visibilit\u00e9 et les opportunit\u00e9s pour les femmes dans les arts musicaux par l&#8217;\u00e9ducation, le soutien, l&#8217;autonomisation et la reconnaissance. Une communaut\u00e9 mondiale diversifi\u00e9e, WIM englobe des sections dans le monde entier &#8211; de Los Angeles au Japon.<\/p><\/div><\/div>\t\t\t\t\t\t\t\t<\/div>\n\t\t\t\t<\/div>\n\t\t\t\t<\/div>\n\t\t\t\t\t<\/div>\n\t\t\t\t<\/div>\n\t\t\t\t<\/div>\n\t\t","protected":false},"excerpt":{"rendered":"<p>\u00c0 propos de nous Women in Music Canada (WIMC) est une organisation \u00e0 but non lucratif enregistr\u00e9e et l&#8217;une des plus grandes associations de l&#8217;industrie musicale au Canada. Gr\u00e2ce \u00e0 [&hellip;]<\/p>\n","protected":false},"author":1,"featured_media":0,"parent":1179,"menu_order":0,"comment_status":"closed","ping_status":"closed","template":"","meta":{"_acf_changed":false,"footnotes":""},"class_list":["post-1581","page","type-page","status-publish","hentry"],"acf":[],"yoast_head":"<!-- This site is optimized with the Yoast SEO plugin v26.8 - https:\/\/yoast.com\/product\/yoast-seo-wordpress\/ -->\n<title>\u00c0 propos de nous - WOMEN IN MUSIC CANADA<\/title>\n<meta name=\"robots\" content=\"index, follow, max-snippet:-1, max-image-preview:large, max-video-preview:-1\" \/>\n<link rel=\"canonical\" href=\"https:\/\/womeninmusic.ca\/fr\/a-propos\/a-propos-de-nous\/\" \/>\n<meta property=\"og:locale\" content=\"fr_FR\" \/>\n<meta property=\"og:type\" content=\"article\" \/>\n<meta property=\"og:title\" content=\"\u00c0 propos de nous - WOMEN IN MUSIC CANADA\" \/>\n<meta property=\"og:description\" content=\"\u00c0 propos de nous Women in Music Canada (WIMC) est une organisation \u00e0 but non lucratif enregistr\u00e9e et l&#8217;une des plus grandes associations de l&#8217;industrie musicale au Canada. Gr\u00e2ce \u00e0 [&hellip;]\" \/>\n<meta property=\"og:url\" content=\"https:\/\/womeninmusic.ca\/fr\/a-propos\/a-propos-de-nous\/\" \/>\n<meta property=\"og:site_name\" content=\"WOMEN IN MUSIC CANADA\" \/>\n<meta property=\"article:modified_time\" content=\"2026-02-02T22:05:57+00:00\" \/>\n<meta name=\"twitter:card\" content=\"summary_large_image\" \/>\n<meta name=\"twitter:label1\" content=\"Dur\u00e9e de lecture estim\u00e9e\" \/>\n\t<meta name=\"twitter:data1\" content=\"3 minutes\" \/>\n<script type=\"application\/ld+json\" class=\"yoast-schema-graph\">{\"@context\":\"https:\/\/schema.org\",\"@graph\":[{\"@type\":\"WebPage\",\"@id\":\"https:\/\/womeninmusic.ca\/fr\/a-propos\/a-propos-de-nous\/\",\"url\":\"https:\/\/womeninmusic.ca\/fr\/a-propos\/a-propos-de-nous\/\",\"name\":\"\u00c0 propos de nous - WOMEN IN MUSIC CANADA\",\"isPartOf\":{\"@id\":\"https:\/\/womeninmusic.ca\/fr\/#website\"},\"datePublished\":\"2025-10-01T04:21:31+00:00\",\"dateModified\":\"2026-02-02T22:05:57+00:00\",\"breadcrumb\":{\"@id\":\"https:\/\/womeninmusic.ca\/fr\/a-propos\/a-propos-de-nous\/#breadcrumb\"},\"inLanguage\":\"fr-FR\",\"potentialAction\":[{\"@type\":\"ReadAction\",\"target\":[\"https:\/\/womeninmusic.ca\/fr\/a-propos\/a-propos-de-nous\/\"]}]},{\"@type\":\"BreadcrumbList\",\"@id\":\"https:\/\/womeninmusic.ca\/fr\/a-propos\/a-propos-de-nous\/#breadcrumb\",\"itemListElement\":[{\"@type\":\"ListItem\",\"position\":1,\"name\":\"Home\",\"item\":\"https:\/\/womeninmusic.ca\/fr\/accueil\/\"},{\"@type\":\"ListItem\",\"position\":2,\"name\":\"\u00c0 propos\",\"item\":\"https:\/\/womeninmusic.ca\/fr\/about\/\"},{\"@type\":\"ListItem\",\"position\":3,\"name\":\"\u00c0 propos de nous\"}]},{\"@type\":\"WebSite\",\"@id\":\"https:\/\/womeninmusic.ca\/fr\/#website\",\"url\":\"https:\/\/womeninmusic.ca\/fr\/\",\"name\":\"WOMEN IN MUSIC CANADA\",\"description\":\"\",\"publisher\":{\"@id\":\"https:\/\/womeninmusic.ca\/fr\/#organization\"},\"potentialAction\":[{\"@type\":\"SearchAction\",\"target\":{\"@type\":\"EntryPoint\",\"urlTemplate\":\"https:\/\/womeninmusic.ca\/fr\/?s={search_term_string}\"},\"query-input\":{\"@type\":\"PropertyValueSpecification\",\"valueRequired\":true,\"valueName\":\"search_term_string\"}}],\"inLanguage\":\"fr-FR\"},{\"@type\":\"Organization\",\"@id\":\"https:\/\/womeninmusic.ca\/fr\/#organization\",\"name\":\"WOMEN IN MUSIC CANADA\",\"url\":\"https:\/\/womeninmusic.ca\/fr\/\",\"logo\":{\"@type\":\"ImageObject\",\"inLanguage\":\"fr-FR\",\"@id\":\"https:\/\/womeninmusic.ca\/fr\/#\/schema\/logo\/image\/\",\"url\":\"https:\/\/womeninmusic.ca\/wp-content\/uploads\/2025\/09\/WIM_CDA_Logo_Horizontal-782fc697.webp\",\"contentUrl\":\"https:\/\/womeninmusic.ca\/wp-content\/uploads\/2025\/09\/WIM_CDA_Logo_Horizontal-782fc697.webp\",\"width\":301,\"height\":60,\"caption\":\"WOMEN IN MUSIC CANADA\"},\"image\":{\"@id\":\"https:\/\/womeninmusic.ca\/fr\/#\/schema\/logo\/image\/\"}}]}<\/script>\n<!-- \/ Yoast SEO plugin. -->","yoast_head_json":{"title":"\u00c0 propos de nous - WOMEN IN MUSIC CANADA","robots":{"index":"index","follow":"follow","max-snippet":"max-snippet:-1","max-image-preview":"max-image-preview:large","max-video-preview":"max-video-preview:-1"},"canonical":"https:\/\/womeninmusic.ca\/fr\/a-propos\/a-propos-de-nous\/","og_locale":"fr_FR","og_type":"article","og_title":"\u00c0 propos de nous - WOMEN IN MUSIC CANADA","og_description":"\u00c0 propos de nous Women in Music Canada (WIMC) est une organisation \u00e0 but non lucratif enregistr\u00e9e et l&#8217;une des plus grandes associations de l&#8217;industrie musicale au Canada. Gr\u00e2ce \u00e0 [&hellip;]","og_url":"https:\/\/womeninmusic.ca\/fr\/a-propos\/a-propos-de-nous\/","og_site_name":"WOMEN IN MUSIC CANADA","article_modified_time":"2026-02-02T22:05:57+00:00","twitter_card":"summary_large_image","twitter_misc":{"Dur\u00e9e de lecture estim\u00e9e":"3 minutes"},"schema":{"@context":"https:\/\/schema.org","@graph":[{"@type":"WebPage","@id":"https:\/\/womeninmusic.ca\/fr\/a-propos\/a-propos-de-nous\/","url":"https:\/\/womeninmusic.ca\/fr\/a-propos\/a-propos-de-nous\/","name":"\u00c0 propos de nous - WOMEN IN MUSIC CANADA","isPartOf":{"@id":"https:\/\/womeninmusic.ca\/fr\/#website"},"datePublished":"2025-10-01T04:21:31+00:00","dateModified":"2026-02-02T22:05:57+00:00","breadcrumb":{"@id":"https:\/\/womeninmusic.ca\/fr\/a-propos\/a-propos-de-nous\/#breadcrumb"},"inLanguage":"fr-FR","potentialAction":[{"@type":"ReadAction","target":["https:\/\/womeninmusic.ca\/fr\/a-propos\/a-propos-de-nous\/"]}]},{"@type":"BreadcrumbList","@id":"https:\/\/womeninmusic.ca\/fr\/a-propos\/a-propos-de-nous\/#breadcrumb","itemListElement":[{"@type":"ListItem","position":1,"name":"Home","item":"https:\/\/womeninmusic.ca\/fr\/accueil\/"},{"@type":"ListItem","position":2,"name":"\u00c0 propos","item":"https:\/\/womeninmusic.ca\/fr\/about\/"},{"@type":"ListItem","position":3,"name":"\u00c0 propos de nous"}]},{"@type":"WebSite","@id":"https:\/\/womeninmusic.ca\/fr\/#website","url":"https:\/\/womeninmusic.ca\/fr\/","name":"WOMEN IN MUSIC CANADA","description":"","publisher":{"@id":"https:\/\/womeninmusic.ca\/fr\/#organization"},"potentialAction":[{"@type":"SearchAction","target":{"@type":"EntryPoint","urlTemplate":"https:\/\/womeninmusic.ca\/fr\/?s={search_term_string}"},"query-input":{"@type":"PropertyValueSpecification","valueRequired":true,"valueName":"search_term_string"}}],"inLanguage":"fr-FR"},{"@type":"Organization","@id":"https:\/\/womeninmusic.ca\/fr\/#organization","name":"WOMEN IN MUSIC CANADA","url":"https:\/\/womeninmusic.ca\/fr\/","logo":{"@type":"ImageObject","inLanguage":"fr-FR","@id":"https:\/\/womeninmusic.ca\/fr\/#\/schema\/logo\/image\/","url":"https:\/\/womeninmusic.ca\/wp-content\/uploads\/2025\/09\/WIM_CDA_Logo_Horizontal-782fc697.webp","contentUrl":"https:\/\/womeninmusic.ca\/wp-content\/uploads\/2025\/09\/WIM_CDA_Logo_Horizontal-782fc697.webp","width":301,"height":60,"caption":"WOMEN IN MUSIC CANADA"},"image":{"@id":"https:\/\/womeninmusic.ca\/fr\/#\/schema\/logo\/image\/"}}]}},"_links":{"self":[{"href":"https:\/\/womeninmusic.ca\/fr\/wp-json\/wp\/v2\/pages\/1581","targetHints":{"allow":["GET"]}}],"collection":[{"href":"https:\/\/womeninmusic.ca\/fr\/wp-json\/wp\/v2\/pages"}],"about":[{"href":"https:\/\/womeninmusic.ca\/fr\/wp-json\/wp\/v2\/types\/page"}],"author":[{"embeddable":true,"href":"https:\/\/womeninmusic.ca\/fr\/wp-json\/wp\/v2\/users\/1"}],"replies":[{"embeddable":true,"href":"https:\/\/womeninmusic.ca\/fr\/wp-json\/wp\/v2\/comments?post=1581"}],"version-history":[{"count":2,"href":"https:\/\/womeninmusic.ca\/fr\/wp-json\/wp\/v2\/pages\/1581\/revisions"}],"predecessor-version":[{"id":7276,"href":"https:\/\/womeninmusic.ca\/fr\/wp-json\/wp\/v2\/pages\/1581\/revisions\/7276"}],"up":[{"embeddable":true,"href":"https:\/\/womeninmusic.ca\/fr\/wp-json\/wp\/v2\/pages\/1179"}],"wp:attachment":[{"href":"https:\/\/womeninmusic.ca\/fr\/wp-json\/wp\/v2\/media?parent=1581"}],"curies":[{"name":"wp","href":"https:\/\/api.w.org\/{rel}","templated":true}]}}