{"id":1637,"date":"2025-10-01T00:22:15","date_gmt":"2025-10-01T04:22:15","guid":{"rendered":"https:\/\/womeninmusic.ca\/a-propos\/personnel\/"},"modified":"2026-01-15T13:56:52","modified_gmt":"2026-01-15T18:56:52","slug":"personnel","status":"publish","type":"page","link":"https:\/\/womeninmusic.ca\/fr\/a-propos\/personnel\/","title":{"rendered":"Personnel"},"content":{"rendered":"\t\t<div data-elementor-type=\"wp-page\" data-elementor-id=\"1637\" class=\"elementor elementor-1637 elementor-32\" data-elementor-post-type=\"page\">\n\t\t\t\t<div class=\"elementor-element elementor-element-5968218 e-flex e-con-boxed e-con e-parent\" data-id=\"5968218\" data-element_type=\"container\">\n\t\t\t\t\t<div class=\"e-con-inner\">\n\t\t\t\t<div class=\"elementor-element elementor-element-a18eb32 elementor-widget elementor-widget-heading\" data-id=\"a18eb32\" data-element_type=\"widget\" data-widget_type=\"heading.default\">\n\t\t\t\t<div class=\"elementor-widget-container\">\n\t\t\t\t\t<h1 class=\"elementor-heading-title elementor-size-default\">RENCONTREZ LE PERSONNEL DE WOMEN IN MUSIC CANADA<\/h1>\t\t\t\t<\/div>\n\t\t\t\t<\/div>\n\t\t<div class=\"elementor-element elementor-element-e71be91 e-con-full e-flex e-con e-child\" data-id=\"e71be91\" data-element_type=\"container\" data-settings=\"{&quot;background_background&quot;:&quot;classic&quot;}\">\n\t\t<div class=\"elementor-element elementor-element-bee6d77 e-con-full e-flex e-con e-child\" data-id=\"bee6d77\" data-element_type=\"container\">\n\t\t\t\t<div class=\"elementor-element elementor-element-bc510d9 elementor-widget elementor-widget-image\" data-id=\"bc510d9\" data-element_type=\"widget\" data-widget_type=\"image.default\">\n\t\t\t\t<div class=\"elementor-widget-container\">\n\t\t\t\t\t\t\t\t\t\t\t\t\t\t\t<img fetchpriority=\"high\" decoding=\"async\" width=\"300\" height=\"400\" src=\"https:\/\/womeninmusic.ca\/wp-content\/uploads\/2025\/10\/js-7400652_Small-9c315f4e.webp\" class=\"attachment-full size-full wp-image-1638\" alt=\"\" srcset=\"https:\/\/womeninmusic.ca\/wp-content\/uploads\/2025\/10\/js-7400652_Small-9c315f4e.webp 300w, https:\/\/womeninmusic.ca\/wp-content\/uploads\/2025\/10\/js-7400652_Small-9c315f4e-225x300.webp 225w\" sizes=\"(max-width: 300px) 100vw, 300px\" \/>\t\t\t\t\t\t\t\t\t\t\t\t\t\t\t<\/div>\n\t\t\t\t<\/div>\n\t\t\t\t<\/div>\n\t\t<div class=\"elementor-element elementor-element-880d835 e-con-full e-flex e-con e-child\" data-id=\"880d835\" data-element_type=\"container\">\n\t\t\t\t<div class=\"elementor-element elementor-element-6f8dc15 middle_line elementor-widget elementor-widget-heading\" data-id=\"6f8dc15\" data-element_type=\"widget\" data-widget_type=\"heading.default\">\n\t\t\t\t<div class=\"elementor-widget-container\">\n\t\t\t\t\t<h2 class=\"elementor-heading-title elementor-size-default\">Robyn Stewart (elle)<\/h2>\t\t\t\t<\/div>\n\t\t\t\t<\/div>\n\t\t\t\t<div class=\"elementor-element elementor-element-cc5b837 elementor-widget elementor-widget-heading\" data-id=\"cc5b837\" data-element_type=\"widget\" data-widget_type=\"heading.default\">\n\t\t\t\t<div class=\"elementor-widget-container\">\n\t\t\t\t\t<h3 class=\"elementor-heading-title elementor-size-default\">Directrice g\u00e9n\u00e9rale<\/h3>\t\t\t\t<\/div>\n\t\t\t\t<\/div>\n\t\t\t\t<div class=\"elementor-element elementor-element-28b161f elementor-widget elementor-widget-text-editor\" data-id=\"28b161f\" data-element_type=\"widget\" data-widget_type=\"text-editor.default\">\n\t\t\t\t<div class=\"elementor-widget-container\">\n\t\t\t\t\t\t\t\t\t<p>Robyn Stewart est une directrice d&#8217;organisation et d&#8217;\u00e9v\u00e9nements accomplie avec 21 ans d&#8217;exp\u00e9rience. Avant de rejoindre Women in Music Canada, elle \u00e9tait directrice g\u00e9n\u00e9rale et PDG de la Western Canadian Music Alliance. Ayant commenc\u00e9 sa carri\u00e8re comme r\u00e9gisseuse de th\u00e9\u00e2tre, parmi d&#8217;autres r\u00f4les dans les industries culturelles, elle est passionn\u00e9e par le processus cr\u00e9atif et le r\u00f4le que joue la culture dans les communaut\u00e9s. Son exp\u00e9rience couvre tous les domaines de la gestion d&#8217;\u00e9v\u00e9nements et de l&#8217;achat de talents, ses comp\u00e9tences les plus fortes r\u00e9sidant dans la gestion financi\u00e8re, la logistique complexe, les relations gouvernementales et le d\u00e9veloppement de fonds, ainsi que l&#8217;\u00e9tablissement de relations avec les partenaires.   <\/p><p>Parmi les projets dont elle est le plus fi\u00e8re : Coordinatrice des sites de c\u00e9l\u00e9bration pour les Jeux olympiques et paralympiques d&#8217;hiver de Vancouver 2010, Acheteuse de divertissement pour les Jeux panam\u00e9ricains de 2015, et ses r\u00f4les mentionn\u00e9s ci-dessus, qui lui ont permis de soutenir les artistes en d\u00e9veloppement et de s&#8217;engager dans des projets passionnants, notamment en travaillant \u00e0 la parit\u00e9 des genres dans l&#8217;industrie musicale au niveau international. Passionn\u00e9e de voyages, Robyn est incroyablement motiv\u00e9e par son travail de soutien aux artistes pour se produire et d\u00e9velopper des affaires sur les march\u00e9s internationaux. Robyn occupe des postes au conseil d&#8217;administration en tant que vice-pr\u00e9sidente du Polaris Music Prize, de l&#8217;Association canadienne de la musique sur sc\u00e8ne et pr\u00e9sidente du conseil consultatif de la Fondation des maladies du c\u0153ur et de l&#8217;AVC du Manitoba.  <\/p><p>Robyn est une fervente partisane de l&#8217;industrie musicale et des talents \u00e9mergents au Canada et apporte cette passion \u00e0 chaque projet.<\/p><p>Sur une note personnelle, Robyn est m\u00e8re de deux \u00eatres humains incroyables, Jasper (12 ans) et Ty (4 ans).<\/p>\t\t\t\t\t\t\t\t<\/div>\n\t\t\t\t<\/div>\n\t\t\t\t<div class=\"elementor-element elementor-element-74a3bd4 elementor-widget elementor-widget-button\" data-id=\"74a3bd4\" data-element_type=\"widget\" data-widget_type=\"button.default\">\n\t\t\t\t<div class=\"elementor-widget-container\">\n\t\t\t\t\t\t\t\t\t<div class=\"elementor-button-wrapper\">\n\t\t\t\t\t<a class=\"elementor-button elementor-button-link elementor-size-sm\" href=\"mailto:robyn@womeninmusic.ca\">\n\t\t\t\t\t\t<span class=\"elementor-button-content-wrapper\">\n\t\t\t\t\t\t\t\t\t<span class=\"elementor-button-text\">E-mail<\/span>\n\t\t\t\t\t<\/span>\n\t\t\t\t\t<\/a>\n\t\t\t\t<\/div>\n\t\t\t\t\t\t\t\t<\/div>\n\t\t\t\t<\/div>\n\t\t\t\t<\/div>\n\t\t\t\t<\/div>\n\t\t<div class=\"elementor-element elementor-element-fbe0d1a e-con-full e-flex e-con e-child\" data-id=\"fbe0d1a\" data-element_type=\"container\" data-settings=\"{&quot;background_background&quot;:&quot;classic&quot;}\">\n\t\t<div class=\"elementor-element elementor-element-7d7eed6 e-con-full e-flex e-con e-child\" data-id=\"7d7eed6\" data-element_type=\"container\">\n\t\t\t\t<div class=\"elementor-element elementor-element-48496f9 elementor-widget elementor-widget-image\" data-id=\"48496f9\" data-element_type=\"widget\" data-widget_type=\"image.default\">\n\t\t\t\t<div class=\"elementor-widget-container\">\n\t\t\t\t\t\t\t\t\t\t\t\t\t\t\t<img decoding=\"async\" width=\"300\" height=\"400\" src=\"https:\/\/womeninmusic.ca\/wp-content\/uploads\/2025\/10\/Rebecca-Szymkow-Headshot-7e017619.webp\" class=\"attachment-full size-full wp-image-1639\" alt=\"\" srcset=\"https:\/\/womeninmusic.ca\/wp-content\/uploads\/2025\/10\/Rebecca-Szymkow-Headshot-7e017619.webp 300w, https:\/\/womeninmusic.ca\/wp-content\/uploads\/2025\/10\/Rebecca-Szymkow-Headshot-7e017619-225x300.webp 225w\" sizes=\"(max-width: 300px) 100vw, 300px\" \/>\t\t\t\t\t\t\t\t\t\t\t\t\t\t\t<\/div>\n\t\t\t\t<\/div>\n\t\t\t\t<\/div>\n\t\t<div class=\"elementor-element elementor-element-cb8209f e-con-full e-flex e-con e-child\" data-id=\"cb8209f\" data-element_type=\"container\">\n\t\t\t\t<div class=\"elementor-element elementor-element-f6ec8ae middle_line elementor-widget elementor-widget-heading\" data-id=\"f6ec8ae\" data-element_type=\"widget\" data-widget_type=\"heading.default\">\n\t\t\t\t<div class=\"elementor-widget-container\">\n\t\t\t\t\t<h2 class=\"elementor-heading-title elementor-size-default\">Rebecca Szymkow (elle)<\/h2>\t\t\t\t<\/div>\n\t\t\t\t<\/div>\n\t\t\t\t<div class=\"elementor-element elementor-element-8d9dd76 elementor-widget elementor-widget-heading\" data-id=\"8d9dd76\" data-element_type=\"widget\" data-widget_type=\"heading.default\">\n\t\t\t\t<div class=\"elementor-widget-container\">\n\t\t\t\t\t<h3 class=\"elementor-heading-title elementor-size-default\">Responsable de la programmation et des op\u00e9rations<\/h3>\t\t\t\t<\/div>\n\t\t\t\t<\/div>\n\t\t\t\t<div class=\"elementor-element elementor-element-da61394 elementor-widget elementor-widget-text-editor\" data-id=\"da61394\" data-element_type=\"widget\" data-widget_type=\"text-editor.default\">\n\t\t\t\t<div class=\"elementor-widget-container\">\n\t\t\t\t\t\t\t\t\t<p>Rebecca Szymkow est une professionnelle d\u00e9vou\u00e9e de l&#8217;industrie musicale avec plus d&#8217;une d\u00e9cennie d&#8217;exp\u00e9rience dans la programmation d&#8217;\u00e9v\u00e9nements, le d\u00e9veloppement d&#8217;artistes et les op\u00e9rations. Sa carri\u00e8re l&#8217;a men\u00e9e \u00e0 occuper des postes cl\u00e9s chez Paquin Artists Agency, Birthday Cake Records, la Winnipeg Art Gallery et Good People Records.  <\/p><p>D\u00e9fenseure passionn\u00e9e de l&#8217;\u00e9quit\u00e9 des genres dans l&#8217;industrie musicale, Rebecca a \u00e9t\u00e9 s\u00e9lectionn\u00e9e comme Innovatrice pour l&#8217;initiative Keychange en 2020, reconnaissant son engagement \u00e0 cr\u00e9er des opportunit\u00e9s pour les femmes et les personnes de genre divers. Son travail va au-del\u00e0 de la gestion et de la logistique ; elle se consacre \u00e0 favoriser une industrie plus inclusive, \u00e0 encadrer les talents \u00e9mergents et \u00e0 pousser continuellement vers un changement positif. <\/p><p>Rebecca est bas\u00e9e \u00e0 Winnipeg avec son chiot Beagle, Rigby.<\/p>\t\t\t\t\t\t\t\t<\/div>\n\t\t\t\t<\/div>\n\t\t\t\t<div class=\"elementor-element elementor-element-86e78ba elementor-widget elementor-widget-button\" data-id=\"86e78ba\" data-element_type=\"widget\" data-widget_type=\"button.default\">\n\t\t\t\t<div class=\"elementor-widget-container\">\n\t\t\t\t\t\t\t\t\t<div class=\"elementor-button-wrapper\">\n\t\t\t\t\t<a class=\"elementor-button elementor-button-link elementor-size-sm\" href=\"mailto:rebecca@womeninmusic.ca\">\n\t\t\t\t\t\t<span class=\"elementor-button-content-wrapper\">\n\t\t\t\t\t\t\t\t\t<span class=\"elementor-button-text\">E-mail<\/span>\n\t\t\t\t\t<\/span>\n\t\t\t\t\t<\/a>\n\t\t\t\t<\/div>\n\t\t\t\t\t\t\t\t<\/div>\n\t\t\t\t<\/div>\n\t\t\t\t<\/div>\n\t\t\t\t<\/div>\n\t\t\t\t<div class=\"elementor-element elementor-element-d2374bb elementor-widget elementor-widget-heading\" data-id=\"d2374bb\" data-element_type=\"widget\" data-widget_type=\"heading.default\">\n\t\t\t\t<div class=\"elementor-widget-container\">\n\t\t\t\t\t<h1 class=\"elementor-heading-title elementor-size-default\">RENCONTREZ L'\u00c9QUIPE DE CONTRACTANTS DE WOMEN IN MUSIC CANADA<\/h1>\t\t\t\t<\/div>\n\t\t\t\t<\/div>\n\t\t<div class=\"elementor-element elementor-element-b99a1fc e-con-full e-flex e-con e-child\" data-id=\"b99a1fc\" data-element_type=\"container\" data-settings=\"{&quot;background_background&quot;:&quot;classic&quot;}\">\n\t\t<div class=\"elementor-element elementor-element-0fc0dba e-con-full e-flex e-con e-child\" data-id=\"0fc0dba\" data-element_type=\"container\">\n\t\t\t\t<div class=\"elementor-element elementor-element-54f5adc elementor-widget elementor-widget-image\" data-id=\"54f5adc\" data-element_type=\"widget\" data-widget_type=\"image.default\">\n\t\t\t\t<div class=\"elementor-widget-container\">\n\t\t\t\t\t\t\t\t\t\t\t\t\t\t\t<img decoding=\"async\" width=\"300\" height=\"400\" src=\"https:\/\/womeninmusic.ca\/wp-content\/uploads\/2025\/10\/option-B-7fcb78e6.webp\" class=\"attachment-full size-full wp-image-1641\" alt=\"\" srcset=\"https:\/\/womeninmusic.ca\/wp-content\/uploads\/2025\/10\/option-B-7fcb78e6.webp 300w, https:\/\/womeninmusic.ca\/wp-content\/uploads\/2025\/10\/option-B-7fcb78e6-225x300.webp 225w\" sizes=\"(max-width: 300px) 100vw, 300px\" \/>\t\t\t\t\t\t\t\t\t\t\t\t\t\t\t<\/div>\n\t\t\t\t<\/div>\n\t\t\t\t<\/div>\n\t\t<div class=\"elementor-element elementor-element-803eadb e-con-full e-flex e-con e-child\" data-id=\"803eadb\" data-element_type=\"container\">\n\t\t\t\t<div class=\"elementor-element elementor-element-a72736e middle_line elementor-widget elementor-widget-heading\" data-id=\"a72736e\" data-element_type=\"widget\" data-widget_type=\"heading.default\">\n\t\t\t\t<div class=\"elementor-widget-container\">\n\t\t\t\t\t<h2 class=\"elementor-heading-title elementor-size-default\">The Why Not Agency<\/h2>\t\t\t\t<\/div>\n\t\t\t\t<\/div>\n\t\t\t\t<div class=\"elementor-element elementor-element-eec1799 elementor-widget elementor-widget-heading\" data-id=\"eec1799\" data-element_type=\"widget\" data-widget_type=\"heading.default\">\n\t\t\t\t<div class=\"elementor-widget-container\">\n\t\t\t\t\t<h3 class=\"elementor-heading-title elementor-size-default\">Coordinatrices du marketing social<\/h3>\t\t\t\t<\/div>\n\t\t\t\t<\/div>\n\t\t\t\t<div class=\"elementor-element elementor-element-481c060 elementor-widget elementor-widget-text-editor\" data-id=\"481c060\" data-element_type=\"widget\" data-widget_type=\"text-editor.default\">\n\t\t\t\t<div class=\"elementor-widget-container\">\n\t\t\t\t\t\t\t\t\t<p>Maya et Megan sont les cofondatrices de The Why Not Agency &#8211; une agence de marketing de services qui fournit aux clients du marketing sur les r\u00e9seaux sociaux, des services \u00e9v\u00e9nementiels et plus encore. En mettant l&#8217;accent sur la narration diversifi\u00e9e et l&#8217;\u00e9quit\u00e9 au Canada, elles s&#8217;efforcent de se connecter avec des organisations et des individus enracin\u00e9s dans l&#8217;\u00e9l\u00e9vation des groupes racialis\u00e9s et l&#8217;autonomisation des femmes en g\u00e9n\u00e9ral. <\/p>\t\t\t\t\t\t\t\t<\/div>\n\t\t\t\t<\/div>\n\t\t\t\t<\/div>\n\t\t\t\t<\/div>\n\t\t\t\t\t<\/div>\n\t\t\t\t<\/div>\n\t\t\t\t<\/div>\n\t\t","protected":false},"excerpt":{"rendered":"<p>RENCONTREZ LE PERSONNEL DE WOMEN IN MUSIC CANADA Robyn Stewart (elle) Directrice g\u00e9n\u00e9rale Robyn Stewart est une directrice d&#8217;organisation et d&#8217;\u00e9v\u00e9nements accomplie avec 21 ans d&#8217;exp\u00e9rience. Avant de rejoindre Women [&hellip;]<\/p>\n","protected":false},"author":1,"featured_media":0,"parent":1179,"menu_order":0,"comment_status":"closed","ping_status":"closed","template":"","meta":{"_acf_changed":false,"footnotes":""},"class_list":["post-1637","page","type-page","status-publish","hentry"],"acf":[],"yoast_head":"<!-- This site is optimized with the Yoast SEO plugin v26.8 - https:\/\/yoast.com\/product\/yoast-seo-wordpress\/ -->\n<title>Personnel - WOMEN IN MUSIC CANADA<\/title>\n<meta name=\"robots\" content=\"index, follow, max-snippet:-1, max-image-preview:large, max-video-preview:-1\" \/>\n<link rel=\"canonical\" href=\"https:\/\/womeninmusic.ca\/fr\/a-propos\/personnel\/\" \/>\n<meta property=\"og:locale\" content=\"fr_FR\" \/>\n<meta property=\"og:type\" content=\"article\" \/>\n<meta property=\"og:title\" content=\"Personnel - WOMEN IN MUSIC CANADA\" \/>\n<meta property=\"og:description\" content=\"RENCONTREZ LE PERSONNEL DE WOMEN IN MUSIC CANADA Robyn Stewart (elle) Directrice g\u00e9n\u00e9rale Robyn Stewart est une directrice d&#8217;organisation et d&#8217;\u00e9v\u00e9nements accomplie avec 21 ans d&#8217;exp\u00e9rience. Avant de rejoindre Women [&hellip;]\" \/>\n<meta property=\"og:url\" content=\"https:\/\/womeninmusic.ca\/fr\/a-propos\/personnel\/\" \/>\n<meta property=\"og:site_name\" content=\"WOMEN IN MUSIC CANADA\" \/>\n<meta property=\"article:modified_time\" content=\"2026-01-15T18:56:52+00:00\" \/>\n<meta property=\"og:image\" content=\"https:\/\/womeninmusic.ca\/wp-content\/uploads\/2025\/10\/js-7400652_Small-9c315f4e.webp\" \/>\n\t<meta property=\"og:image:width\" content=\"300\" \/>\n\t<meta property=\"og:image:height\" content=\"400\" \/>\n\t<meta property=\"og:image:type\" content=\"image\/webp\" \/>\n<meta name=\"twitter:card\" content=\"summary_large_image\" \/>\n<meta name=\"twitter:label1\" content=\"Dur\u00e9e de lecture estim\u00e9e\" \/>\n\t<meta name=\"twitter:data1\" content=\"3 minutes\" \/>\n<script type=\"application\/ld+json\" class=\"yoast-schema-graph\">{\"@context\":\"https:\/\/schema.org\",\"@graph\":[{\"@type\":\"WebPage\",\"@id\":\"https:\/\/womeninmusic.ca\/fr\/a-propos\/personnel\/\",\"url\":\"https:\/\/womeninmusic.ca\/fr\/a-propos\/personnel\/\",\"name\":\"Personnel - WOMEN IN MUSIC CANADA\",\"isPartOf\":{\"@id\":\"https:\/\/womeninmusic.ca\/fr\/#website\"},\"primaryImageOfPage\":{\"@id\":\"https:\/\/womeninmusic.ca\/fr\/a-propos\/personnel\/#primaryimage\"},\"image\":{\"@id\":\"https:\/\/womeninmusic.ca\/fr\/a-propos\/personnel\/#primaryimage\"},\"thumbnailUrl\":\"https:\/\/womeninmusic.ca\/wp-content\/uploads\/2025\/10\/js-7400652_Small-9c315f4e.webp\",\"datePublished\":\"2025-10-01T04:22:15+00:00\",\"dateModified\":\"2026-01-15T18:56:52+00:00\",\"breadcrumb\":{\"@id\":\"https:\/\/womeninmusic.ca\/fr\/a-propos\/personnel\/#breadcrumb\"},\"inLanguage\":\"fr-FR\",\"potentialAction\":[{\"@type\":\"ReadAction\",\"target\":[\"https:\/\/womeninmusic.ca\/fr\/a-propos\/personnel\/\"]}]},{\"@type\":\"ImageObject\",\"inLanguage\":\"fr-FR\",\"@id\":\"https:\/\/womeninmusic.ca\/fr\/a-propos\/personnel\/#primaryimage\",\"url\":\"https:\/\/womeninmusic.ca\/wp-content\/uploads\/2025\/10\/js-7400652_Small-9c315f4e.webp\",\"contentUrl\":\"https:\/\/womeninmusic.ca\/wp-content\/uploads\/2025\/10\/js-7400652_Small-9c315f4e.webp\"},{\"@type\":\"BreadcrumbList\",\"@id\":\"https:\/\/womeninmusic.ca\/fr\/a-propos\/personnel\/#breadcrumb\",\"itemListElement\":[{\"@type\":\"ListItem\",\"position\":1,\"name\":\"Home\",\"item\":\"https:\/\/womeninmusic.ca\/fr\/accueil\/\"},{\"@type\":\"ListItem\",\"position\":2,\"name\":\"\u00c0 propos\",\"item\":\"https:\/\/womeninmusic.ca\/fr\/about\/\"},{\"@type\":\"ListItem\",\"position\":3,\"name\":\"Personnel\"}]},{\"@type\":\"WebSite\",\"@id\":\"https:\/\/womeninmusic.ca\/fr\/#website\",\"url\":\"https:\/\/womeninmusic.ca\/fr\/\",\"name\":\"WOMEN IN MUSIC CANADA\",\"description\":\"\",\"publisher\":{\"@id\":\"https:\/\/womeninmusic.ca\/fr\/#organization\"},\"potentialAction\":[{\"@type\":\"SearchAction\",\"target\":{\"@type\":\"EntryPoint\",\"urlTemplate\":\"https:\/\/womeninmusic.ca\/fr\/?s={search_term_string}\"},\"query-input\":{\"@type\":\"PropertyValueSpecification\",\"valueRequired\":true,\"valueName\":\"search_term_string\"}}],\"inLanguage\":\"fr-FR\"},{\"@type\":\"Organization\",\"@id\":\"https:\/\/womeninmusic.ca\/fr\/#organization\",\"name\":\"WOMEN IN MUSIC CANADA\",\"url\":\"https:\/\/womeninmusic.ca\/fr\/\",\"logo\":{\"@type\":\"ImageObject\",\"inLanguage\":\"fr-FR\",\"@id\":\"https:\/\/womeninmusic.ca\/fr\/#\/schema\/logo\/image\/\",\"url\":\"https:\/\/womeninmusic.ca\/wp-content\/uploads\/2025\/09\/WIM_CDA_Logo_Horizontal-782fc697.webp\",\"contentUrl\":\"https:\/\/womeninmusic.ca\/wp-content\/uploads\/2025\/09\/WIM_CDA_Logo_Horizontal-782fc697.webp\",\"width\":301,\"height\":60,\"caption\":\"WOMEN IN MUSIC CANADA\"},\"image\":{\"@id\":\"https:\/\/womeninmusic.ca\/fr\/#\/schema\/logo\/image\/\"}}]}<\/script>\n<!-- \/ Yoast SEO plugin. -->","yoast_head_json":{"title":"Personnel - WOMEN IN MUSIC CANADA","robots":{"index":"index","follow":"follow","max-snippet":"max-snippet:-1","max-image-preview":"max-image-preview:large","max-video-preview":"max-video-preview:-1"},"canonical":"https:\/\/womeninmusic.ca\/fr\/a-propos\/personnel\/","og_locale":"fr_FR","og_type":"article","og_title":"Personnel - WOMEN IN MUSIC CANADA","og_description":"RENCONTREZ LE PERSONNEL DE WOMEN IN MUSIC CANADA Robyn Stewart (elle) Directrice g\u00e9n\u00e9rale Robyn Stewart est une directrice d&#8217;organisation et d&#8217;\u00e9v\u00e9nements accomplie avec 21 ans d&#8217;exp\u00e9rience. Avant de rejoindre Women [&hellip;]","og_url":"https:\/\/womeninmusic.ca\/fr\/a-propos\/personnel\/","og_site_name":"WOMEN IN MUSIC CANADA","article_modified_time":"2026-01-15T18:56:52+00:00","og_image":[{"width":300,"height":400,"url":"https:\/\/womeninmusic.ca\/wp-content\/uploads\/2025\/10\/js-7400652_Small-9c315f4e.webp","type":"image\/webp"}],"twitter_card":"summary_large_image","twitter_misc":{"Dur\u00e9e de lecture estim\u00e9e":"3 minutes"},"schema":{"@context":"https:\/\/schema.org","@graph":[{"@type":"WebPage","@id":"https:\/\/womeninmusic.ca\/fr\/a-propos\/personnel\/","url":"https:\/\/womeninmusic.ca\/fr\/a-propos\/personnel\/","name":"Personnel - WOMEN IN MUSIC CANADA","isPartOf":{"@id":"https:\/\/womeninmusic.ca\/fr\/#website"},"primaryImageOfPage":{"@id":"https:\/\/womeninmusic.ca\/fr\/a-propos\/personnel\/#primaryimage"},"image":{"@id":"https:\/\/womeninmusic.ca\/fr\/a-propos\/personnel\/#primaryimage"},"thumbnailUrl":"https:\/\/womeninmusic.ca\/wp-content\/uploads\/2025\/10\/js-7400652_Small-9c315f4e.webp","datePublished":"2025-10-01T04:22:15+00:00","dateModified":"2026-01-15T18:56:52+00:00","breadcrumb":{"@id":"https:\/\/womeninmusic.ca\/fr\/a-propos\/personnel\/#breadcrumb"},"inLanguage":"fr-FR","potentialAction":[{"@type":"ReadAction","target":["https:\/\/womeninmusic.ca\/fr\/a-propos\/personnel\/"]}]},{"@type":"ImageObject","inLanguage":"fr-FR","@id":"https:\/\/womeninmusic.ca\/fr\/a-propos\/personnel\/#primaryimage","url":"https:\/\/womeninmusic.ca\/wp-content\/uploads\/2025\/10\/js-7400652_Small-9c315f4e.webp","contentUrl":"https:\/\/womeninmusic.ca\/wp-content\/uploads\/2025\/10\/js-7400652_Small-9c315f4e.webp"},{"@type":"BreadcrumbList","@id":"https:\/\/womeninmusic.ca\/fr\/a-propos\/personnel\/#breadcrumb","itemListElement":[{"@type":"ListItem","position":1,"name":"Home","item":"https:\/\/womeninmusic.ca\/fr\/accueil\/"},{"@type":"ListItem","position":2,"name":"\u00c0 propos","item":"https:\/\/womeninmusic.ca\/fr\/about\/"},{"@type":"ListItem","position":3,"name":"Personnel"}]},{"@type":"WebSite","@id":"https:\/\/womeninmusic.ca\/fr\/#website","url":"https:\/\/womeninmusic.ca\/fr\/","name":"WOMEN IN MUSIC CANADA","description":"","publisher":{"@id":"https:\/\/womeninmusic.ca\/fr\/#organization"},"potentialAction":[{"@type":"SearchAction","target":{"@type":"EntryPoint","urlTemplate":"https:\/\/womeninmusic.ca\/fr\/?s={search_term_string}"},"query-input":{"@type":"PropertyValueSpecification","valueRequired":true,"valueName":"search_term_string"}}],"inLanguage":"fr-FR"},{"@type":"Organization","@id":"https:\/\/womeninmusic.ca\/fr\/#organization","name":"WOMEN IN MUSIC CANADA","url":"https:\/\/womeninmusic.ca\/fr\/","logo":{"@type":"ImageObject","inLanguage":"fr-FR","@id":"https:\/\/womeninmusic.ca\/fr\/#\/schema\/logo\/image\/","url":"https:\/\/womeninmusic.ca\/wp-content\/uploads\/2025\/09\/WIM_CDA_Logo_Horizontal-782fc697.webp","contentUrl":"https:\/\/womeninmusic.ca\/wp-content\/uploads\/2025\/09\/WIM_CDA_Logo_Horizontal-782fc697.webp","width":301,"height":60,"caption":"WOMEN IN MUSIC CANADA"},"image":{"@id":"https:\/\/womeninmusic.ca\/fr\/#\/schema\/logo\/image\/"}}]}},"_links":{"self":[{"href":"https:\/\/womeninmusic.ca\/fr\/wp-json\/wp\/v2\/pages\/1637","targetHints":{"allow":["GET"]}}],"collection":[{"href":"https:\/\/womeninmusic.ca\/fr\/wp-json\/wp\/v2\/pages"}],"about":[{"href":"https:\/\/womeninmusic.ca\/fr\/wp-json\/wp\/v2\/types\/page"}],"author":[{"embeddable":true,"href":"https:\/\/womeninmusic.ca\/fr\/wp-json\/wp\/v2\/users\/1"}],"replies":[{"embeddable":true,"href":"https:\/\/womeninmusic.ca\/fr\/wp-json\/wp\/v2\/comments?post=1637"}],"version-history":[{"count":2,"href":"https:\/\/womeninmusic.ca\/fr\/wp-json\/wp\/v2\/pages\/1637\/revisions"}],"predecessor-version":[{"id":3247,"href":"https:\/\/womeninmusic.ca\/fr\/wp-json\/wp\/v2\/pages\/1637\/revisions\/3247"}],"up":[{"embeddable":true,"href":"https:\/\/womeninmusic.ca\/fr\/wp-json\/wp\/v2\/pages\/1179"}],"wp:attachment":[{"href":"https:\/\/womeninmusic.ca\/fr\/wp-json\/wp\/v2\/media?parent=1637"}],"curies":[{"name":"wp","href":"https:\/\/api.w.org\/{rel}","templated":true}]}}