{"id":3335,"date":"2026-01-20T13:43:39","date_gmt":"2026-01-20T18:43:39","guid":{"rendered":"https:\/\/womeninmusic.ca\/?page_id=3335"},"modified":"2026-01-20T14:08:49","modified_gmt":"2026-01-20T19:08:49","slug":"publier-une-offre-demploi-2","status":"publish","type":"page","link":"https:\/\/womeninmusic.ca\/fr\/ressources\/tableau-des-concerts\/publier-une-offre-demploi-2\/","title":{"rendered":"Publier un GIG"},"content":{"rendered":"\t\t<div data-elementor-type=\"wp-page\" data-elementor-id=\"3335\" class=\"elementor elementor-3335 elementor-3334\" data-elementor-post-type=\"page\">\n\t\t\t\t<div class=\"elementor-element elementor-element-c627c0f e-flex e-con-boxed e-con e-parent\" data-id=\"c627c0f\" data-element_type=\"container\" data-e-type=\"container\">\n\t\t\t\t\t<div class=\"e-con-inner\">\n\t\t\t\t<div class=\"elementor-element elementor-element-88c40d4 elementor-widget elementor-widget-text-editor\" data-id=\"88c40d4\" data-element_type=\"widget\" data-e-type=\"widget\" data-widget_type=\"text-editor.default\">\n\t\t\t\t<div class=\"elementor-widget-container\">\n\t\t\t\t\t\t\t\t\t<p>Vous recherchez des talents f\u00e9minins et de genre diversifi\u00e9 exceptionnels pour votre prochain showcase\/\u00e9v\u00e9nement ? Nous vous encourageons \u00e9galement \u00e0 consulter notre r\u00e9pertoire pour trouver les candidates correspondant \u00e0 votre\/vos poste(s). <\/p><p>Veuillez noter que les demandes du tableau des concerts sont examin\u00e9es tous les deux lundis. Si vous avez un besoin urgent de recommandations ou de publication, n&#8217;h\u00e9sitez pas \u00e0 contacter <a href=\"mailto:info@womeninmusic.ca\">info@womeninmusic.ca<\/a>. <\/p><p>L&#8217;\u00e9quipe de Women in Music Canada examinera toutes les offres envoy\u00e9es pour en v\u00e9rifier la pertinence et l&#8217;ad\u00e9quation. Bien que nous nous efforcions de publier toutes les opportunit\u00e9s, nous nous r\u00e9servons le droit de filtrer sp\u00e9cifiquement pour garantir que les offres correspondent \u00e0 la culture de WIMC, en s&#8217;assurant qu&#8217;elles soient inclusives et \u00e9quitables. <\/p>\t\t\t\t\t\t\t\t<\/div>\n\t\t\t\t<\/div>\n\t\t\t\t<div class=\"elementor-element elementor-element-ddc0128 elementor-widget elementor-widget-shortcode\" data-id=\"ddc0128\" data-element_type=\"widget\" data-e-type=\"widget\" data-widget_type=\"shortcode.default\">\n\t\t\t\t<div class=\"elementor-widget-container\">\n\t\t\t\t\t\t\t<div class=\"elementor-shortcode\">\t\t\t\t<form id=\"acf-form\" class=\"acf-form\" action=\"\" method=\"post\">\n\t\t\t\t\t<div id=\"acf-form-data\" class=\"acf-hidden\">\n\t\t<input type=\"hidden\" id=\"_acf_screen\" name=\"_acf_screen\" value=\"acf_form\"\/><input type=\"hidden\" id=\"_acf_post_id\" name=\"_acf_post_id\" value=\"new_post\"\/><input type=\"hidden\" id=\"_acf_validation\" name=\"_acf_validation\" value=\"1\"\/><input type=\"hidden\" id=\"_acf_form\" name=\"_acf_form\" value=\"OWM2dUsxQjFENE5Bd0IxajRwSktUby9PNXRQdHVaNU1FTy8vZFZMVVE2dVlyR3JpNkxMM3c5Q2lrL2x1dG9iUzNrV3N3MW0xMlNybGdCVGNaaFc3RWJ0MU1jYm5rUmZxR1Bwd09mcEJmS2pKa2dlQkRrOURIVGhENmxQMEdGak9FNHZibEdhWWJ4NFNJdk1OaWNzdnduSVY3RnFUY3drcS9FU21CaFhjOFpKb1g1RFo4Z1BoeElQRUZxWThZeGJyY0c4MENIRnNTdlZRZFhOTlAxdjBSMDVvZnRGaDJESUJBbGhzSitXMVVhbGp3ZmhHOE5CS1lYVjBVa2drVTNRb01JNWpPcXdRS0VEU204RkVydDAxdGpCMnpkSW5WVmJwb0VKWXVMOHRqaXdQOEdiNTJyQmFkQmRidkZCbGdtcklpM216NEE0UExZTzRhTHZLZ2dUR01ad0JibjkyR05iTHF4bHRRQlQrZVFmamNKeU1DNHdhSWFIMlcvYXFBSE5VYzNMS2RrVWdJdVlSL1NVcHE1RUQyK0d0bHlaLysxTmVESHRxUHpDMkJwVDgzZGV2b3dwTlJIS3ozSHUrVGIreVZJVmU1QkNkWDR5TkJLbHFvdG5hNjZuUXk0UVg3UlhUaGQrMThrOFNmdjJoY1o5ZTF5TDlYV2xSdWRZL3I1SVZKWFZoN3ZVTzAyTWpzUEtkTWxxTDd6WWVVNkNUNmRPQzBlNit4QkhiblBta1R1NFp0dWU4MWxuMlhlbVRhNytBOHNvdUpsbk53NEV3MlJWb0ZjaHBLQjFVZG5ST3FqQ3hkOVZIY1ZCSU1ISmliVUdXcUZJNlhKaDlBWEUyZFNVZkM2NVp1U0lSS1FxZkxKTlRyb3VKcTIvdi9NaExZdnZLazdXN3hCNDBENnFQRWR0VURXMTVkMmsyWUErSnVVUnV1Q2R1Ny81dlh0dFhRY0c5OGpUZTBhRWVGMlVLSUZ4blhrUVZKUGZKYzJtOUVFbDgyRzYvaTRjWmpMd25WZHdjc3VvSWpBR01rcU9hc2ZVZ09iaEJLUWRKc1Z3Y1N4aGtmSVRQTTJoaWhqTUV5ZnhQODU0WlVWa0JzaVlCWktZVWhxOWIraW54WUJrL1poMC9QbnhaSlJkNG41MkZrU0tFc1NnMXJ1Z1dua3RvVng1bUxDQ2ZlU24rd0NFeTRzUG9iRElrRDRDR2VvRjRQRWNEK1hZenBrLzcwbnZTQ0xLRjFMbDBKTnNlSDJGUzZxcFpVc1B4Nkc3TjdaZDJyL3VXZlAyS05WWG1QRDNqT1VFbS9KQ0ZBK055UG5mZmNySmIxVkpPem9LTFRVY1F0dFRHMStwaVRzMXRJb1gxWEwyaEsvNXNQSjZySmZwcm10TWdSQlkxNEVJcVFiWVBDUGVWZVRaOVV3UEF4NG8wcGZQajY5OUhrUWl1L2ZtWGM1UTBXenlWZERRNzQxcEYzQk16Y2tRb2JabTZHWkNIcDRwY1grZ0RlRGdXQzF3eFhyUU1hNU12T1U3VU54MFVTdk5tOjpcwi6uk8w4\/XwkH\/Ml2hXH\"\/><input type=\"hidden\" id=\"_acf_nonce\" name=\"_acf_nonce\" value=\"9f5019e522\"\/><input type=\"hidden\" id=\"_acf_changed\" name=\"_acf_changed\" value=\"0\"\/>\t<\/div>\n\t\t\t\t<div class=\"acf-fields acf-form-fields -top\">\n\t\t\t\t\t\t\t\t<div class=\"acf-field acf-field-text acf-field-69992742e1b46 is-required\" data-name=\"gig_title\" data-type=\"text\" data-key=\"field_69992742e1b46\" data-required=\"1\">\n<div class=\"acf-label\">\n<label for=\"acf-field_69992742e1b46\">Gig Title <span class=\"acf-required\">*<\/span><\/label><\/div>\n<div class=\"acf-input\">\n<div class=\"acf-input-wrap\"><input type=\"text\" id=\"acf-field_69992742e1b46\" name=\"acf[field_69992742e1b46]\" required=\"required\"\/><\/div><\/div>\n<\/div>\n<div class=\"acf-field acf-field-date-picker acf-field-68f1219c4addb is-required\" data-name=\"deadline\" data-type=\"date_picker\" data-key=\"field_68f1219c4addb\" data-required=\"1\">\n<div class=\"acf-label\">\n<label for=\"acf-field_68f1219c4addb\">Deadline <span class=\"acf-required\">*<\/span><\/label><\/div>\n<div class=\"acf-input\">\n\t\t<div class=\"acf-date-picker acf-input-wrap\" data-date_format=\"mm\/dd\/yy\" data-first_day=\"1\">\n\t\t\t<input type=\"hidden\" id=\"acf-field_68f1219c4addb\" name=\"acf[field_68f1219c4addb]\" value=\"\"\/>\t\t\t<input type=\"text\" class=\"input\" value=\"\" data-default-to-today=\"1\"\/>\t\t<\/div>\n\t\t\t<\/div>\n<\/div>\n<div class=\"acf-field acf-field-text acf-field-68f1227c630ae\" data-name=\"location\" data-type=\"text\" data-key=\"field_68f1227c630ae\">\n<div class=\"acf-label\">\n<label for=\"acf-field_68f1227c630ae\">Location<\/label><p class=\"description\">Location of Performance details<\/p><\/div>\n<div class=\"acf-input\">\n<div class=\"acf-input-wrap\"><input type=\"text\" id=\"acf-field_68f1227c630ae\" name=\"acf[field_68f1227c630ae]\"\/><\/div><\/div>\n<\/div>\n<div class=\"acf-field acf-field-radio acf-field-68f122ad630af\" data-name=\"payment_options\" data-type=\"radio\" data-key=\"field_68f122ad630af\">\n<div class=\"acf-label\">\n<label id=\"acf-field_68f122ad630af-label\">Payment Options<\/label><\/div>\n<div class=\"acf-input\">\n<input type=\"hidden\" name=\"acf[field_68f122ad630af]\"\/><ul class=\"acf-radio-list acf-bl\" data-allow_null=\"0\" data-other_choice=\"0\" role=\"radiogroup\" aria-labelledby=\"acf-field_68f122ad630af-label\"><li><label class=\"selected\"><input type=\"radio\" id=\"acf-field_68f122ad630af-paid\" name=\"acf[field_68f122ad630af]\" value=\"Paid\" checked=\"checked\"\/>Paid<\/label><\/li><li><label><input type=\"radio\" id=\"acf-field_68f122ad630af-any-kind-of-compensation-and-showcase\" name=\"acf[field_68f122ad630af]\" value=\"Any kind of Compensation and Showcase\"\/>Any kind of Compensation and Showcase<\/label><\/li><li><label><input type=\"radio\" id=\"acf-field_68f122ad630af-no-financial-compensation\" name=\"acf[field_68f122ad630af]\" value=\"No Financial Compensation\"\/>No Financial Compensation<\/label><\/li><\/ul><\/div>\n<\/div>\n<div class=\"acf-field acf-field-text acf-field-68f122e0cb622\" data-name=\"gig_details_url\" data-type=\"text\" data-key=\"field_68f122e0cb622\">\n<div class=\"acf-label\">\n<label for=\"acf-field_68f122e0cb622\">Gig details URL<\/label><p class=\"description\">Paste the URL to link to the Gig details<\/p><\/div>\n<div class=\"acf-input\">\n<div class=\"acf-input-wrap\"><input type=\"text\" id=\"acf-field_68f122e0cb622\" name=\"acf[field_68f122e0cb622]\"\/><\/div><\/div>\n<\/div>\n<div class=\"acf-field acf-field-text acf-field-68f122f3cb623 is-required\" data-name=\"gig_application\" data-type=\"text\" data-key=\"field_68f122f3cb623\" data-required=\"1\">\n<div class=\"acf-label\">\n<label for=\"acf-field_68f122f3cb623\">Gig Application <span class=\"acf-required\">*<\/span><\/label><p class=\"description\">Enter the URL to your Gig Application form.<\/p><\/div>\n<div class=\"acf-input\">\n<div class=\"acf-input-wrap\"><input type=\"text\" id=\"acf-field_68f122f3cb623\" name=\"acf[field_68f122f3cb623]\" required=\"required\"\/><\/div><\/div>\n<\/div>\n<div class=\"acf-field acf-field-text acf-field-68f12314cb624 is-required\" data-name=\"poster_name\" data-type=\"text\" data-key=\"field_68f12314cb624\" data-required=\"1\">\n<div class=\"acf-label\">\n<label for=\"acf-field_68f12314cb624\">Poster Name <span class=\"acf-required\">*<\/span><\/label><p class=\"description\">Your name<\/p><\/div>\n<div class=\"acf-input\">\n<div class=\"acf-input-wrap\"><input type=\"text\" id=\"acf-field_68f12314cb624\" name=\"acf[field_68f12314cb624]\" required=\"required\"\/><\/div><\/div>\n<\/div>\n<div class=\"acf-field acf-field-email acf-field-68f1232bcb625 is-required\" data-name=\"poster_email\" data-type=\"email\" data-key=\"field_68f1232bcb625\" data-required=\"1\">\n<div class=\"acf-label\">\n<label for=\"acf-field_68f1232bcb625\">Poster Email <span class=\"acf-required\">*<\/span><\/label><p class=\"description\">Enter your email should we have questions about your Gig posting<\/p><\/div>\n<div class=\"acf-input\">\n<div class=\"acf-input-wrap\"><input type=\"email\" id=\"acf-field_68f1232bcb625\" name=\"acf[field_68f1232bcb625]\" required=\"required\"\/><\/div><\/div>\n<\/div>\n<div class=\"acf-field acf-field-text acf-field-68f1234ccb626 is-required\" data-name=\"poster_phone\" data-type=\"text\" data-key=\"field_68f1234ccb626\" data-required=\"1\">\n<div class=\"acf-label\">\n<label for=\"acf-field_68f1234ccb626\">Poster Phone <span class=\"acf-required\">*<\/span><\/label><p class=\"description\">Enter a phone number we can use to connect with you if required<\/p><\/div>\n<div class=\"acf-input\">\n<div class=\"acf-input-wrap\"><input type=\"text\" id=\"acf-field_68f1234ccb626\" name=\"acf[field_68f1234ccb626]\" required=\"required\"\/><\/div><\/div>\n<\/div>\n<div class=\"acf-field acf-field-text acf-field-68f1237ccb627 is-required\" data-name=\"video_link\" data-type=\"text\" data-key=\"field_68f1237ccb627\" data-required=\"1\">\n<div class=\"acf-label\">\n<label for=\"acf-field_68f1237ccb627\">Video Link <span class=\"acf-required\">*<\/span><\/label><p class=\"description\">Add the full link to the video including: https:\/\/<\/p><\/div>\n<div class=\"acf-input\">\n<div class=\"acf-input-wrap\"><input type=\"text\" id=\"acf-field_68f1237ccb627\" name=\"acf[field_68f1237ccb627]\" required=\"required\"\/><\/div><\/div>\n<\/div>\n<div class=\"acf-field acf-field-text acf-field--validate-email\" style=\"display:none !important;\" data-name=\"_validate_email\" data-type=\"text\" data-key=\"_validate_email\">\n<div class=\"acf-label\">\n<label for=\"acf-_validate_email\">Valider l\u2019e-mail<\/label><\/div>\n<div class=\"acf-input\">\n<div class=\"acf-input-wrap\"><input type=\"text\" id=\"acf-_validate_email\" name=\"acf[_validate_email]\"\/><\/div><\/div>\n<\/div>\n\t\t\t\t\t\t\t<\/div>\n\t\t\t\t\t\t\t<div class=\"acf-form-submit\">\n\t\t\t\t\t<input type=\"submit\" class=\"acf-button button button-primary button-large\" value=\"Submit Gig\" \/>\t\t\t\t\t<span class=\"acf-spinner\"><\/span>\t\t\t\t<\/div>\n\t\t\t\t<\/form>\n\t\t\t<\/div>\n\t\t\t\t\t\t<\/div>\n\t\t\t\t<\/div>\n\t\t\t\t\t<\/div>\n\t\t\t\t<\/div>\n\t\t\t\t<\/div>\n\t\t","protected":false},"excerpt":{"rendered":"<p>Vous recherchez des talents f\u00e9minins et de genre diversifi\u00e9 exceptionnels pour votre prochain showcase\/\u00e9v\u00e9nement ? Nous vous encourageons \u00e9galement \u00e0 consulter notre r\u00e9pertoire pour trouver les candidates correspondant \u00e0 votre\/vos [&hellip;]<\/p>\n","protected":false},"author":1,"featured_media":0,"parent":1464,"menu_order":0,"comment_status":"closed","ping_status":"closed","template":"","meta":{"_acf_changed":false,"footnotes":""},"class_list":["post-3335","page","type-page","status-publish","hentry"],"acf":[],"yoast_head":"<!-- This site is optimized with the Yoast SEO plugin v27.5 - https:\/\/yoast.com\/product\/yoast-seo-wordpress\/ -->\n<title>Publier un GIG - WOMEN IN MUSIC CANADA<\/title>\n<meta name=\"robots\" content=\"index, follow, max-snippet:-1, max-image-preview:large, max-video-preview:-1\" \/>\n<link rel=\"canonical\" href=\"https:\/\/womeninmusic.ca\/fr\/ressources\/tableau-des-concerts\/publier-une-offre-demploi-2\/\" \/>\n<meta property=\"og:locale\" content=\"fr_FR\" \/>\n<meta property=\"og:type\" content=\"article\" \/>\n<meta property=\"og:title\" content=\"Publier un GIG - WOMEN IN MUSIC CANADA\" \/>\n<meta property=\"og:description\" content=\"Vous recherchez des talents f\u00e9minins et de genre diversifi\u00e9 exceptionnels pour votre prochain showcase\/\u00e9v\u00e9nement ? Nous vous encourageons \u00e9galement \u00e0 consulter notre r\u00e9pertoire pour trouver les candidates correspondant \u00e0 votre\/vos [&hellip;]\" \/>\n<meta property=\"og:url\" content=\"https:\/\/womeninmusic.ca\/fr\/ressources\/tableau-des-concerts\/publier-une-offre-demploi-2\/\" \/>\n<meta property=\"og:site_name\" content=\"WOMEN IN MUSIC CANADA\" \/>\n<meta property=\"article:modified_time\" content=\"2026-01-20T19:08:49+00:00\" \/>\n<meta name=\"twitter:card\" content=\"summary_large_image\" \/>\n<meta name=\"twitter:label1\" content=\"Dur\u00e9e de lecture estim\u00e9e\" \/>\n\t<meta name=\"twitter:data1\" content=\"1 minute\" \/>\n<script type=\"application\/ld+json\" class=\"yoast-schema-graph\">{\"@context\":\"https:\\\/\\\/schema.org\",\"@graph\":[{\"@type\":\"WebPage\",\"@id\":\"https:\\\/\\\/womeninmusic.ca\\\/fr\\\/ressources\\\/tableau-des-concerts\\\/publier-une-offre-demploi-2\\\/\",\"url\":\"https:\\\/\\\/womeninmusic.ca\\\/fr\\\/ressources\\\/tableau-des-concerts\\\/publier-une-offre-demploi-2\\\/\",\"name\":\"Publier un GIG - WOMEN IN MUSIC CANADA\",\"isPartOf\":{\"@id\":\"https:\\\/\\\/womeninmusic.ca\\\/fr\\\/#website\"},\"datePublished\":\"2026-01-20T18:43:39+00:00\",\"dateModified\":\"2026-01-20T19:08:49+00:00\",\"breadcrumb\":{\"@id\":\"https:\\\/\\\/womeninmusic.ca\\\/fr\\\/ressources\\\/tableau-des-concerts\\\/publier-une-offre-demploi-2\\\/#breadcrumb\"},\"inLanguage\":\"fr-FR\",\"potentialAction\":[{\"@type\":\"ReadAction\",\"target\":[\"https:\\\/\\\/womeninmusic.ca\\\/fr\\\/ressources\\\/tableau-des-concerts\\\/publier-une-offre-demploi-2\\\/\"]}]},{\"@type\":\"BreadcrumbList\",\"@id\":\"https:\\\/\\\/womeninmusic.ca\\\/fr\\\/ressources\\\/tableau-des-concerts\\\/publier-une-offre-demploi-2\\\/#breadcrumb\",\"itemListElement\":[{\"@type\":\"ListItem\",\"position\":1,\"name\":\"Home\",\"item\":\"https:\\\/\\\/womeninmusic.ca\\\/fr\\\/accueil\\\/\"},{\"@type\":\"ListItem\",\"position\":2,\"name\":\"Ressources\",\"item\":\"https:\\\/\\\/womeninmusic.ca\\\/fr\\\/resources\\\/\"},{\"@type\":\"ListItem\",\"position\":3,\"name\":\"Tableau des concerts\",\"item\":\"https:\\\/\\\/womeninmusic.ca\\\/fr\\\/ressources\\\/tableau-des-concerts\\\/\"},{\"@type\":\"ListItem\",\"position\":4,\"name\":\"Publier un GIG\"}]},{\"@type\":\"WebSite\",\"@id\":\"https:\\\/\\\/womeninmusic.ca\\\/fr\\\/#website\",\"url\":\"https:\\\/\\\/womeninmusic.ca\\\/fr\\\/\",\"name\":\"WOMEN IN MUSIC CANADA\",\"description\":\"\",\"publisher\":{\"@id\":\"https:\\\/\\\/womeninmusic.ca\\\/fr\\\/#organization\"},\"potentialAction\":[{\"@type\":\"SearchAction\",\"target\":{\"@type\":\"EntryPoint\",\"urlTemplate\":\"https:\\\/\\\/womeninmusic.ca\\\/fr\\\/?s={search_term_string}\"},\"query-input\":{\"@type\":\"PropertyValueSpecification\",\"valueRequired\":true,\"valueName\":\"search_term_string\"}}],\"inLanguage\":\"fr-FR\"},{\"@type\":\"Organization\",\"@id\":\"https:\\\/\\\/womeninmusic.ca\\\/fr\\\/#organization\",\"name\":\"WOMEN IN MUSIC CANADA\",\"url\":\"https:\\\/\\\/womeninmusic.ca\\\/fr\\\/\",\"logo\":{\"@type\":\"ImageObject\",\"inLanguage\":\"fr-FR\",\"@id\":\"https:\\\/\\\/womeninmusic.ca\\\/fr\\\/#\\\/schema\\\/logo\\\/image\\\/\",\"url\":\"https:\\\/\\\/womeninmusic.ca\\\/wp-content\\\/uploads\\\/2025\\\/09\\\/WIM_CDA_Logo_Horizontal-782fc697.webp\",\"contentUrl\":\"https:\\\/\\\/womeninmusic.ca\\\/wp-content\\\/uploads\\\/2025\\\/09\\\/WIM_CDA_Logo_Horizontal-782fc697.webp\",\"width\":301,\"height\":60,\"caption\":\"WOMEN IN MUSIC CANADA\"},\"image\":{\"@id\":\"https:\\\/\\\/womeninmusic.ca\\\/fr\\\/#\\\/schema\\\/logo\\\/image\\\/\"}}]}<\/script>\n<!-- \/ Yoast SEO plugin. -->","yoast_head_json":{"title":"Publier un GIG - WOMEN IN MUSIC CANADA","robots":{"index":"index","follow":"follow","max-snippet":"max-snippet:-1","max-image-preview":"max-image-preview:large","max-video-preview":"max-video-preview:-1"},"canonical":"https:\/\/womeninmusic.ca\/fr\/ressources\/tableau-des-concerts\/publier-une-offre-demploi-2\/","og_locale":"fr_FR","og_type":"article","og_title":"Publier un GIG - WOMEN IN MUSIC CANADA","og_description":"Vous recherchez des talents f\u00e9minins et de genre diversifi\u00e9 exceptionnels pour votre prochain showcase\/\u00e9v\u00e9nement ? Nous vous encourageons \u00e9galement \u00e0 consulter notre r\u00e9pertoire pour trouver les candidates correspondant \u00e0 votre\/vos [&hellip;]","og_url":"https:\/\/womeninmusic.ca\/fr\/ressources\/tableau-des-concerts\/publier-une-offre-demploi-2\/","og_site_name":"WOMEN IN MUSIC CANADA","article_modified_time":"2026-01-20T19:08:49+00:00","twitter_card":"summary_large_image","twitter_misc":{"Dur\u00e9e de lecture estim\u00e9e":"1 minute"},"schema":{"@context":"https:\/\/schema.org","@graph":[{"@type":"WebPage","@id":"https:\/\/womeninmusic.ca\/fr\/ressources\/tableau-des-concerts\/publier-une-offre-demploi-2\/","url":"https:\/\/womeninmusic.ca\/fr\/ressources\/tableau-des-concerts\/publier-une-offre-demploi-2\/","name":"Publier un GIG - WOMEN IN MUSIC CANADA","isPartOf":{"@id":"https:\/\/womeninmusic.ca\/fr\/#website"},"datePublished":"2026-01-20T18:43:39+00:00","dateModified":"2026-01-20T19:08:49+00:00","breadcrumb":{"@id":"https:\/\/womeninmusic.ca\/fr\/ressources\/tableau-des-concerts\/publier-une-offre-demploi-2\/#breadcrumb"},"inLanguage":"fr-FR","potentialAction":[{"@type":"ReadAction","target":["https:\/\/womeninmusic.ca\/fr\/ressources\/tableau-des-concerts\/publier-une-offre-demploi-2\/"]}]},{"@type":"BreadcrumbList","@id":"https:\/\/womeninmusic.ca\/fr\/ressources\/tableau-des-concerts\/publier-une-offre-demploi-2\/#breadcrumb","itemListElement":[{"@type":"ListItem","position":1,"name":"Home","item":"https:\/\/womeninmusic.ca\/fr\/accueil\/"},{"@type":"ListItem","position":2,"name":"Ressources","item":"https:\/\/womeninmusic.ca\/fr\/resources\/"},{"@type":"ListItem","position":3,"name":"Tableau des concerts","item":"https:\/\/womeninmusic.ca\/fr\/ressources\/tableau-des-concerts\/"},{"@type":"ListItem","position":4,"name":"Publier un GIG"}]},{"@type":"WebSite","@id":"https:\/\/womeninmusic.ca\/fr\/#website","url":"https:\/\/womeninmusic.ca\/fr\/","name":"WOMEN IN MUSIC CANADA","description":"","publisher":{"@id":"https:\/\/womeninmusic.ca\/fr\/#organization"},"potentialAction":[{"@type":"SearchAction","target":{"@type":"EntryPoint","urlTemplate":"https:\/\/womeninmusic.ca\/fr\/?s={search_term_string}"},"query-input":{"@type":"PropertyValueSpecification","valueRequired":true,"valueName":"search_term_string"}}],"inLanguage":"fr-FR"},{"@type":"Organization","@id":"https:\/\/womeninmusic.ca\/fr\/#organization","name":"WOMEN IN MUSIC CANADA","url":"https:\/\/womeninmusic.ca\/fr\/","logo":{"@type":"ImageObject","inLanguage":"fr-FR","@id":"https:\/\/womeninmusic.ca\/fr\/#\/schema\/logo\/image\/","url":"https:\/\/womeninmusic.ca\/wp-content\/uploads\/2025\/09\/WIM_CDA_Logo_Horizontal-782fc697.webp","contentUrl":"https:\/\/womeninmusic.ca\/wp-content\/uploads\/2025\/09\/WIM_CDA_Logo_Horizontal-782fc697.webp","width":301,"height":60,"caption":"WOMEN IN MUSIC CANADA"},"image":{"@id":"https:\/\/womeninmusic.ca\/fr\/#\/schema\/logo\/image\/"}}]}},"_links":{"self":[{"href":"https:\/\/womeninmusic.ca\/fr\/wp-json\/wp\/v2\/pages\/3335","targetHints":{"allow":["GET"]}}],"collection":[{"href":"https:\/\/womeninmusic.ca\/fr\/wp-json\/wp\/v2\/pages"}],"about":[{"href":"https:\/\/womeninmusic.ca\/fr\/wp-json\/wp\/v2\/types\/page"}],"author":[{"embeddable":true,"href":"https:\/\/womeninmusic.ca\/fr\/wp-json\/wp\/v2\/users\/1"}],"replies":[{"embeddable":true,"href":"https:\/\/womeninmusic.ca\/fr\/wp-json\/wp\/v2\/comments?post=3335"}],"version-history":[{"count":4,"href":"https:\/\/womeninmusic.ca\/fr\/wp-json\/wp\/v2\/pages\/3335\/revisions"}],"predecessor-version":[{"id":3351,"href":"https:\/\/womeninmusic.ca\/fr\/wp-json\/wp\/v2\/pages\/3335\/revisions\/3351"}],"up":[{"embeddable":true,"href":"https:\/\/womeninmusic.ca\/fr\/wp-json\/wp\/v2\/pages\/1464"}],"wp:attachment":[{"href":"https:\/\/womeninmusic.ca\/fr\/wp-json\/wp\/v2\/media?parent=3335"}],"curies":[{"name":"wp","href":"https:\/\/api.w.org\/{rel}","templated":true}]}}